{"id":5182,"date":"2024-07-11T05:34:27","date_gmt":"2024-07-11T05:34:27","guid":{"rendered":"https:\/\/www.ollerupmaskinfabrik.dk\/?page_id=5182"},"modified":"2025-12-08T08:33:51","modified_gmt":"2025-12-08T08:33:51","slug":"truck-capacity","status":"publish","type":"page","link":"https:\/\/www.ollerupmaskinfabrik.dk\/en\/truckkapacitet\/","title":{"rendered":"Forklift capacity"},"content":{"rendered":"<div data-elementor-type=\"wp-page\" data-elementor-id=\"5182\" class=\"elementor elementor-5182\" data-elementor-post-type=\"page\">\n\t\t\t\t\t\t<section class=\"elementor-section elementor-top-section elementor-element elementor-element-6a7e4ec elementor-section-boxed elementor-section-height-default elementor-section-height-default\" data-id=\"6a7e4ec\" data-element_type=\"section\" data-e-type=\"section\" data-settings=\"{&quot;background_background&quot;:&quot;classic&quot;}\">\n\t\t\t\t\t\t<div class=\"elementor-container elementor-column-gap-default\">\n\t\t\t\t\t<div class=\"elementor-column elementor-col-100 elementor-top-column elementor-element elementor-element-ed3b750\" data-id=\"ed3b750\" data-element_type=\"column\" data-e-type=\"column\">\n\t\t\t<div class=\"elementor-widget-wrap elementor-element-populated\">\n\t\t\t\t\t\t<section class=\"elementor-section elementor-inner-section elementor-element elementor-element-0080d30 elementor-section-boxed elementor-section-height-default elementor-section-height-default\" data-id=\"0080d30\" data-element_type=\"section\" data-e-type=\"section\">\n\t\t\t\t\t\t<div class=\"elementor-container elementor-column-gap-default\">\n\t\t\t\t\t<div class=\"elementor-column elementor-col-50 elementor-inner-column elementor-element elementor-element-34f447b\" data-id=\"34f447b\" data-element_type=\"column\" data-e-type=\"column\">\n\t\t\t<div class=\"elementor-widget-wrap elementor-element-populated\">\n\t\t\t\t\t\t<div class=\"elementor-element elementor-element-5ff218d elementor-widget elementor-widget-image\" data-id=\"5ff218d\" data-element_type=\"widget\" data-e-type=\"widget\" data-widget_type=\"image.default\">\n\t\t\t\t<div class=\"elementor-widget-container\">\n\t\t\t\t\t\t\t\t\t\t\t\t\t\t\t<img fetchpriority=\"high\" decoding=\"async\" width=\"2560\" height=\"1920\" src=\"https:\/\/www.ollerupmaskinfabrik.dk\/wp-content\/uploads\/2024\/01\/truck-stor-truck-scaled.jpg\" class=\"attachment-full size-full wp-image-2743\" alt=\"Crane and truck capacity\" srcset=\"https:\/\/www.ollerupmaskinfabrik.dk\/wp-content\/uploads\/2024\/01\/truck-stor-truck-scaled.jpg 2560w, https:\/\/www.ollerupmaskinfabrik.dk\/wp-content\/uploads\/2024\/01\/truck-stor-truck-300x225.jpg 300w, https:\/\/www.ollerupmaskinfabrik.dk\/wp-content\/uploads\/2024\/01\/truck-stor-truck-1024x768.jpg 1024w, https:\/\/www.ollerupmaskinfabrik.dk\/wp-content\/uploads\/2024\/01\/truck-stor-truck-768x576.jpg 768w, https:\/\/www.ollerupmaskinfabrik.dk\/wp-content\/uploads\/2024\/01\/truck-stor-truck-1536x1152.jpg 1536w, https:\/\/www.ollerupmaskinfabrik.dk\/wp-content\/uploads\/2024\/01\/truck-stor-truck-2048x1536.jpg 2048w\" sizes=\"(max-width: 2560px) 100vw, 2560px\" \/>\t\t\t\t\t\t\t\t\t\t\t\t\t\t\t<\/div>\n\t\t\t\t<\/div>\n\t\t\t\t\t<\/div>\n\t\t<\/div>\n\t\t\t\t<div class=\"elementor-column elementor-col-50 elementor-inner-column elementor-element elementor-element-2aac148\" data-id=\"2aac148\" data-element_type=\"column\" data-e-type=\"column\">\n\t\t\t<div class=\"elementor-widget-wrap elementor-element-populated\">\n\t\t\t\t\t\t<div class=\"elementor-element elementor-element-6f1c203 elementor-widget elementor-widget-heading\" data-id=\"6f1c203\" data-element_type=\"widget\" data-e-type=\"widget\" data-widget_type=\"heading.default\">\n\t\t\t\t<div class=\"elementor-widget-container\">\n\t\t\t\t\t<h1 class=\"elementor-heading-title elementor-size-default\">Forklift capacity<\/h1>\t\t\t\t<\/div>\n\t\t\t\t<\/div>\n\t\t\t\t<div class=\"elementor-element elementor-element-a4db27c elementor-widget elementor-widget-text-editor\" data-id=\"a4db27c\" data-element_type=\"widget\" data-e-type=\"widget\" data-widget_type=\"text-editor.default\">\n\t\t\t\t<div class=\"elementor-widget-container\">\n\t\t\t\t\t\t\t\t\t<p>We use our forklifts for efficient and safe handling of both larger and smaller workpieces that need to be transported around the factory or placed in specific areas. By using forklifts, we can maintain a high level of order and structure in production while also relieving our employees from heavy manual lifting.<\/p><p>Many of the workpieces we work with have a considerable weight, and therefore the correct equipment is crucial for both safety and workflow. With professional and well-trained operation, we ensure that everything is moved carefully, precisely and on time.<\/p>\t\t\t\t\t\t\t\t<\/div>\n\t\t\t\t<\/div>\n\t\t\t\t<div class=\"elementor-element elementor-element-8ae06e8 elementor-widget__width-auto elementor-widget elementor-widget-button\" data-id=\"8ae06e8\" data-element_type=\"widget\" data-e-type=\"widget\" data-widget_type=\"button.default\">\n\t\t\t\t<div class=\"elementor-widget-container\">\n\t\t\t\t\t\t\t\t\t<div class=\"elementor-button-wrapper\">\n\t\t\t\t\t<a class=\"elementor-button elementor-button-link elementor-size-sm\" href=\"https:\/\/www.ollerupmaskinfabrik.dk\/en\/contact\/\">\n\t\t\t\t\t\t<span class=\"elementor-button-content-wrapper\">\n\t\t\t\t\t\t\t\t\t<span class=\"elementor-button-text\">Get in touch<\/span>\n\t\t\t\t\t<\/span>\n\t\t\t\t\t<\/a>\n\t\t\t\t<\/div>\n\t\t\t\t\t\t\t\t<\/div>\n\t\t\t\t<\/div>\n\t\t\t\t\t<\/div>\n\t\t<\/div>\n\t\t\t\t\t<\/div>\n\t\t<\/section>\n\t\t\t\t\t<\/div>\n\t\t<\/div>\n\t\t\t\t\t<\/div>\n\t\t<\/section>\n\t\t\t\t<section class=\"elementor-section elementor-top-section elementor-element elementor-element-8c8cf71 elementor-section-boxed elementor-section-height-default elementor-section-height-default\" data-id=\"8c8cf71\" data-element_type=\"section\" data-e-type=\"section\" data-settings=\"{&quot;background_background&quot;:&quot;classic&quot;}\">\n\t\t\t\t\t\t<div class=\"elementor-container elementor-column-gap-default\">\n\t\t\t\t\t<div class=\"elementor-column elementor-col-100 elementor-top-column elementor-element elementor-element-3fd8927\" data-id=\"3fd8927\" data-element_type=\"column\" data-e-type=\"column\">\n\t\t\t<div class=\"elementor-widget-wrap elementor-element-populated\">\n\t\t\t\t\t\t<section class=\"elementor-section elementor-inner-section elementor-element elementor-element-e51ae2a elementor-section-boxed elementor-section-height-default elementor-section-height-default\" data-id=\"e51ae2a\" data-element_type=\"section\" data-e-type=\"section\">\n\t\t\t\t\t\t<div class=\"elementor-container elementor-column-gap-default\">\n\t\t\t\t\t<div class=\"elementor-column elementor-col-50 elementor-inner-column elementor-element elementor-element-d78bfd1\" data-id=\"d78bfd1\" data-element_type=\"column\" data-e-type=\"column\">\n\t\t\t<div class=\"elementor-widget-wrap elementor-element-populated\">\n\t\t\t\t\t\t<div class=\"elementor-element elementor-element-9077835 elementor-widget elementor-widget-heading\" data-id=\"9077835\" data-element_type=\"widget\" data-e-type=\"widget\" data-widget_type=\"heading.default\">\n\t\t\t\t<div class=\"elementor-widget-container\">\n\t\t\t\t\t<h2 class=\"elementor-heading-title elementor-size-default\">Forklifts<\/h2>\t\t\t\t<\/div>\n\t\t\t\t<\/div>\n\t\t\t\t<div class=\"elementor-element elementor-element-e0ac994 elementor-widget elementor-widget-text-editor\" data-id=\"e0ac994\" data-element_type=\"widget\" data-e-type=\"widget\" data-widget_type=\"text-editor.default\">\n\t\t\t\t<div class=\"elementor-widget-container\">\n\t\t\t\t\t\t\t\t\t<p data-start=\"833\" data-end=\"1240\">We have several different types of forklifts, each selected to handle a wide range of work tasks and lifting requirements in the company. Our fleet mainly consists of electrically powered equipment, which reduces both noise levels and environmental impact. At the next replacement, we expect that all our forklifts will be fully electric, ensuring that our handling remains both sustainable and operationally strong.<\/p><p data-start=\"1242\" data-end=\"1747\">Among our forklifts, you will find our most powerful model, which can be seen in the image above. This machine is primarily used to move large metal plates into the factory hall, where they are subsequently processed on either the flame cutting machine or the plasma cutting machine. The high lifting capacity enables us to work with particularly heavy plates without compromising safety. The video in the link below provides insight into our handling of large materials with our 12-ton forklift and shows how the process works in practice.<\/p>\t\t\t\t\t\t\t\t<\/div>\n\t\t\t\t<\/div>\n\t\t\t\t<div class=\"elementor-element elementor-element-32847c2 elementor-widget elementor-widget-text-editor\" data-id=\"32847c2\" data-element_type=\"widget\" data-e-type=\"widget\" data-widget_type=\"text-editor.default\">\n\t\t\t\t<div class=\"elementor-widget-container\">\n\t\t\t\t\t\t\t\t\t<p><strong>Get in touch with us today<\/strong><\/p><p>Get in touch <a href=\"https:\/\/www.ollerupmaskinfabrik.dk\/en\/contact\/\">here<\/a> or call us for a good offer.<\/p>\t\t\t\t\t\t\t\t<\/div>\n\t\t\t\t<\/div>\n\t\t\t\t<div class=\"elementor-element elementor-element-78683c9 elementor-widget__width-auto elementor-widget elementor-widget-button\" data-id=\"78683c9\" data-element_type=\"widget\" data-e-type=\"widget\" data-widget_type=\"button.default\">\n\t\t\t\t<div class=\"elementor-widget-container\">\n\t\t\t\t\t\t\t\t\t<div class=\"elementor-button-wrapper\">\n\t\t\t\t\t<a class=\"elementor-button elementor-button-link elementor-size-sm\" href=\"https:\/\/www.ollerupmaskinfabrik.dk\/en\/contact\/\">\n\t\t\t\t\t\t<span class=\"elementor-button-content-wrapper\">\n\t\t\t\t\t\t\t\t\t<span class=\"elementor-button-text\">Get in touch<\/span>\n\t\t\t\t\t<\/span>\n\t\t\t\t\t<\/a>\n\t\t\t\t<\/div>\n\t\t\t\t\t\t\t\t<\/div>\n\t\t\t\t<\/div>\n\t\t\t\t\t<\/div>\n\t\t<\/div>\n\t\t\t\t<div class=\"elementor-column elementor-col-50 elementor-inner-column elementor-element elementor-element-6eb9e96\" data-id=\"6eb9e96\" data-element_type=\"column\" data-e-type=\"column\">\n\t\t\t<div class=\"elementor-widget-wrap elementor-element-populated\">\n\t\t\t\t\t\t<div class=\"elementor-element elementor-element-1ef1bf4 elementor-widget elementor-widget-video\" data-id=\"1ef1bf4\" data-element_type=\"widget\" data-e-type=\"widget\" data-settings=\"{&quot;youtube_url&quot;:&quot;https:\\\/\\\/www.youtube.com\\\/watch?v=nAAV-xo-FE4&quot;,&quot;show_image_overlay&quot;:&quot;yes&quot;,&quot;image_overlay&quot;:{&quot;url&quot;:&quot;https:\\\/\\\/www.ollerupmaskinfabrik.dk\\\/wp-content\\\/uploads\\\/2025\\\/11\\\/Skaermbillede-2025-11-08-kl.-13.33.24.png&quot;,&quot;id&quot;:5561,&quot;size&quot;:&quot;&quot;,&quot;alt&quot;:&quot;&quot;,&quot;source&quot;:&quot;library&quot;},&quot;video_type&quot;:&quot;youtube&quot;,&quot;controls&quot;:&quot;yes&quot;}\" data-widget_type=\"video.default\">\n\t\t\t\t<div class=\"elementor-widget-container\">\n\t\t\t\t\t\t\t<div class=\"elementor-wrapper elementor-open-inline\">\n\t\t\t<div class=\"elementor-video\"><\/div>\t\t\t\t<div class=\"elementor-custom-embed-image-overlay\" style=\"background-image: url(https:\/\/www.ollerupmaskinfabrik.dk\/wp-content\/uploads\/2025\/11\/Skaermbillede-2025-11-08-kl.-13.33.24.png);\">\n\t\t\t\t\t\t\t\t\t\t\t\t\t\t\t\t<div class=\"elementor-custom-embed-play\" role=\"button\" aria-label=\"Video abspielen\" tabindex=\"0\" data-no-translation-aria-label=\"\">\n\t\t\t\t\t\t\t<i aria-hidden=\"true\" class=\"eicon-play\"><\/i>\t\t\t\t\t\t<\/div>\n\t\t\t\t\t\t\t\t\t<\/div>\n\t\t\t\t\t<\/div>\n\t\t\t\t\t\t<\/div>\n\t\t\t\t<\/div>\n\t\t\t\t\t<\/div>\n\t\t<\/div>\n\t\t\t\t\t<\/div>\n\t\t<\/section>\n\t\t\t\t<div class=\"elementor-element elementor-element-cbd5eb0 elementor-widget elementor-widget-spacer\" data-id=\"cbd5eb0\" data-element_type=\"widget\" data-e-type=\"widget\" data-widget_type=\"spacer.default\">\n\t\t\t\t<div class=\"elementor-widget-container\">\n\t\t\t\t\t\t\t<div class=\"elementor-spacer\">\n\t\t\t<div class=\"elementor-spacer-inner\"><\/div>\n\t\t<\/div>\n\t\t\t\t\t\t<\/div>\n\t\t\t\t<\/div>\n\t\t\t\t\t<\/div>\n\t\t<\/div>\n\t\t\t\t\t<\/div>\n\t\t<\/section>\n\t\t\t\t<\/div>","protected":false},"excerpt":{"rendered":"<p>Truckkapacitet Vi benytter vores trucks til effektiv og sikker h\u00e5ndtering af b\u00e5de st\u00f8rre og mindre emner, som skal transporteres rundt p\u00e5 fabrikken eller placeres p\u00e5 specifikke omr\u00e5der. Ved at anvende trucks kan vi bevare et h\u00f8jt niveau af orden og struktur i produktionen, samtidig med at vi sk\u00e5ner vores medarbejdere for tunge, manuelle l\u00f8ft. Mange [&hellip;]<\/p>\n","protected":false},"author":1,"featured_media":0,"parent":0,"menu_order":0,"comment_status":"closed","ping_status":"closed","template":"","meta":{"iawp_total_views":87,"footnotes":""},"class_list":["post-5182","page","type-page","status-publish","hentry"],"_links":{"self":[{"href":"https:\/\/www.ollerupmaskinfabrik.dk\/en\/wp-json\/wp\/v2\/pages\/5182","targetHints":{"allow":["GET"]}}],"collection":[{"href":"https:\/\/www.ollerupmaskinfabrik.dk\/en\/wp-json\/wp\/v2\/pages"}],"about":[{"href":"https:\/\/www.ollerupmaskinfabrik.dk\/en\/wp-json\/wp\/v2\/types\/page"}],"author":[{"embeddable":true,"href":"https:\/\/www.ollerupmaskinfabrik.dk\/en\/wp-json\/wp\/v2\/users\/1"}],"replies":[{"embeddable":true,"href":"https:\/\/www.ollerupmaskinfabrik.dk\/en\/wp-json\/wp\/v2\/comments?post=5182"}],"version-history":[{"count":16,"href":"https:\/\/www.ollerupmaskinfabrik.dk\/en\/wp-json\/wp\/v2\/pages\/5182\/revisions"}],"predecessor-version":[{"id":5642,"href":"https:\/\/www.ollerupmaskinfabrik.dk\/en\/wp-json\/wp\/v2\/pages\/5182\/revisions\/5642"}],"wp:attachment":[{"href":"https:\/\/www.ollerupmaskinfabrik.dk\/en\/wp-json\/wp\/v2\/media?parent=5182"}],"curies":[{"name":"wp","href":"https:\/\/api.w.org\/{rel}","templated":true}]}}