{"id":2557,"date":"2024-01-11T07:04:28","date_gmt":"2024-01-11T07:04:28","guid":{"rendered":"https:\/\/ollerupmaskinfabrik.dk.web07.webtohosting.dk\/?page_id=2557"},"modified":"2026-04-13T13:08:27","modified_gmt":"2026-04-13T13:08:27","slug":"vibration-deburring","status":"publish","type":"page","link":"https:\/\/www.ollerupmaskinfabrik.dk\/en\/kompetencer\/vibrationsafgratning\/","title":{"rendered":"Vibratory deburring"},"content":{"rendered":"\t\t<div data-elementor-type=\"wp-page\" data-elementor-id=\"2557\" class=\"elementor elementor-2557\" data-elementor-post-type=\"page\">\n\t\t\t\t\t\t<section class=\"elementor-section elementor-top-section elementor-element elementor-element-455467c9 elementor-section-boxed elementor-section-height-default elementor-section-height-default\" data-id=\"455467c9\" data-element_type=\"section\" data-e-type=\"section\" data-settings=\"{&quot;background_background&quot;:&quot;classic&quot;}\">\n\t\t\t\t\t\t<div class=\"elementor-container elementor-column-gap-default\">\n\t\t\t\t\t<div class=\"elementor-column elementor-col-100 elementor-top-column elementor-element elementor-element-2fba21e5\" data-id=\"2fba21e5\" data-element_type=\"column\" data-e-type=\"column\">\n\t\t\t<div class=\"elementor-widget-wrap elementor-element-populated\">\n\t\t\t\t\t\t<section class=\"elementor-section elementor-inner-section elementor-element elementor-element-da0bf04 elementor-section-boxed elementor-section-height-default elementor-section-height-default\" data-id=\"da0bf04\" data-element_type=\"section\" data-e-type=\"section\">\n\t\t\t\t\t\t<div class=\"elementor-container elementor-column-gap-default\">\n\t\t\t\t\t<div class=\"elementor-column elementor-col-50 elementor-inner-column elementor-element elementor-element-4e83e312\" data-id=\"4e83e312\" data-element_type=\"column\" data-e-type=\"column\">\n\t\t\t<div class=\"elementor-widget-wrap elementor-element-populated\">\n\t\t\t\t\t\t<div class=\"elementor-element elementor-element-7f58d3b elementor-widget elementor-widget-image\" data-id=\"7f58d3b\" data-element_type=\"widget\" data-e-type=\"widget\" data-widget_type=\"image.default\">\n\t\t\t\t<div class=\"elementor-widget-container\">\n\t\t\t\t\t\t\t\t\t\t\t\t\t\t\t<img fetchpriority=\"high\" decoding=\"async\" width=\"2048\" height=\"1365\" src=\"https:\/\/www.ollerupmaskinfabrik.dk\/wp-content\/uploads\/2025\/10\/A7404912-1.jpg\" class=\"attachment-full size-full wp-image-5546\" alt=\"Vibrationsafgratning\" srcset=\"https:\/\/www.ollerupmaskinfabrik.dk\/wp-content\/uploads\/2025\/10\/A7404912-1.jpg 2048w, https:\/\/www.ollerupmaskinfabrik.dk\/wp-content\/uploads\/2025\/10\/A7404912-1-300x200.jpg 300w, https:\/\/www.ollerupmaskinfabrik.dk\/wp-content\/uploads\/2025\/10\/A7404912-1-1024x683.jpg 1024w, https:\/\/www.ollerupmaskinfabrik.dk\/wp-content\/uploads\/2025\/10\/A7404912-1-768x512.jpg 768w, https:\/\/www.ollerupmaskinfabrik.dk\/wp-content\/uploads\/2025\/10\/A7404912-1-1536x1024.jpg 1536w\" sizes=\"(max-width: 2048px) 100vw, 2048px\" \/>\t\t\t\t\t\t\t\t\t\t\t\t\t\t\t<\/div>\n\t\t\t\t<\/div>\n\t\t\t\t\t<\/div>\n\t\t<\/div>\n\t\t\t\t<div class=\"elementor-column elementor-col-50 elementor-inner-column elementor-element elementor-element-10dc2e28\" data-id=\"10dc2e28\" data-element_type=\"column\" data-e-type=\"column\">\n\t\t\t<div class=\"elementor-widget-wrap elementor-element-populated\">\n\t\t\t\t\t\t<div class=\"elementor-element elementor-element-301d4568 elementor-widget elementor-widget-heading\" data-id=\"301d4568\" data-element_type=\"widget\" data-e-type=\"widget\" data-widget_type=\"heading.default\">\n\t\t\t\t<div class=\"elementor-widget-container\">\n\t\t\t\t\t<h1 class=\"elementor-heading-title elementor-size-default\">Vibrationsafgratning<\/h1>\t\t\t\t<\/div>\n\t\t\t\t<\/div>\n\t\t\t\t<div class=\"elementor-element elementor-element-69a66777 elementor-widget elementor-widget-text-editor\" data-id=\"69a66777\" data-element_type=\"widget\" data-e-type=\"widget\" data-widget_type=\"text-editor.default\">\n\t\t\t\t<div class=\"elementor-widget-container\">\n\t\t\t\t\t\t\t\t\t<p><span style=\"background-color: var( --e-global-color-115d8ff ); color: var( --e-global-color-text );\">Afgratning er en teknik, hvor man fjerner materiale fra kanter og hj\u00f8rner p\u00e5 et objekt, s\u00e5 det bliver afrundet. Afgratning kan anvendes til at g\u00f8re overfladen sikrere, f.eks. ved at fjerne skarpe kanter, eller for at forbedre \u00e6stetikken p\u00e5 objektet.<\/span><\/p><p>Hos Ollerup Maskinfabrik benytter vi et moderne R\u00f6sler-anl\u00e6g, der best\u00e5r af en vibrationsafgrater og en vibrationst\u00f8rrer. Vibrationsafgrateren h\u00e5ndterer emner op til 250 x 200 mm med en pladetykkelse p\u00e5 op til 10 mm. Efter afgratningen t\u00f8rres emnerne i vibrationst\u00f8rreren, og der p\u00e5f\u00f8res olie for at beskytte mod rust og sikre, at kunden f\u00e5r et flot og langtidsholdbart produkt.<\/p>\t\t\t\t\t\t\t\t<\/div>\n\t\t\t\t<\/div>\n\t\t\t\t<div class=\"elementor-element elementor-element-1331d601 elementor-widget__width-auto elementor-widget elementor-widget-button\" data-id=\"1331d601\" data-element_type=\"widget\" data-e-type=\"widget\" data-widget_type=\"button.default\">\n\t\t\t\t<div class=\"elementor-widget-container\">\n\t\t\t\t\t\t\t\t\t<div class=\"elementor-button-wrapper\">\n\t\t\t\t\t<a class=\"elementor-button elementor-button-link elementor-size-sm\" href=\"https:\/\/www.ollerupmaskinfabrik.dk\/kontakt\/\">\n\t\t\t\t\t\t<span class=\"elementor-button-content-wrapper\">\n\t\t\t\t\t\t\t\t\t<span class=\"elementor-button-text\">Kontakt os<\/span>\n\t\t\t\t\t<\/span>\n\t\t\t\t\t<\/a>\n\t\t\t\t<\/div>\n\t\t\t\t\t\t\t\t<\/div>\n\t\t\t\t<\/div>\n\t\t\t\t\t<\/div>\n\t\t<\/div>\n\t\t\t\t\t<\/div>\n\t\t<\/section>\n\t\t\t\t\t<\/div>\n\t\t<\/div>\n\t\t\t\t\t<\/div>\n\t\t<\/section>\n\t\t\t\t<section class=\"elementor-section elementor-top-section elementor-element elementor-element-7aead667 elementor-section-boxed elementor-section-height-default elementor-section-height-default\" data-id=\"7aead667\" data-element_type=\"section\" data-e-type=\"section\" data-settings=\"{&quot;background_background&quot;:&quot;classic&quot;}\">\n\t\t\t\t\t\t<div class=\"elementor-container elementor-column-gap-default\">\n\t\t\t\t\t<div class=\"elementor-column elementor-col-100 elementor-top-column elementor-element elementor-element-4799d062\" data-id=\"4799d062\" data-element_type=\"column\" data-e-type=\"column\">\n\t\t\t<div class=\"elementor-widget-wrap elementor-element-populated\">\n\t\t\t\t\t\t<section class=\"elementor-section elementor-inner-section elementor-element elementor-element-1178f5aa elementor-section-boxed elementor-section-height-default elementor-section-height-default\" data-id=\"1178f5aa\" data-element_type=\"section\" data-e-type=\"section\">\n\t\t\t\t\t\t<div class=\"elementor-container elementor-column-gap-default\">\n\t\t\t\t\t<div class=\"elementor-column elementor-col-50 elementor-inner-column elementor-element elementor-element-5773944f\" data-id=\"5773944f\" data-element_type=\"column\" data-e-type=\"column\">\n\t\t\t<div class=\"elementor-widget-wrap elementor-element-populated\">\n\t\t\t\t\t\t<div class=\"elementor-element elementor-element-f94a583 elementor-widget elementor-widget-heading\" data-id=\"f94a583\" data-element_type=\"widget\" data-e-type=\"widget\" data-widget_type=\"heading.default\">\n\t\t\t\t<div class=\"elementor-widget-container\">\n\t\t\t\t\t<h2 class=\"elementor-heading-title elementor-size-default\">Vibrationsafgrater og vibrationst\u00f8rre<\/h2>\t\t\t\t<\/div>\n\t\t\t\t<\/div>\n\t\t\t\t<div class=\"elementor-element elementor-element-1f7312e0 elementor-widget elementor-widget-text-editor\" data-id=\"1f7312e0\" data-element_type=\"widget\" data-e-type=\"widget\" data-widget_type=\"text-editor.default\">\n\t\t\t\t<div class=\"elementor-widget-container\">\n\t\t\t\t\t\t\t\t\t<p><span style=\"background-color: var( --e-global-color-27346bc ); color: var( --e-global-color-text );\">Vores R\u00f8sler anl\u00e6g, best\u00e5r af en vibrationsafgrater og en vibrationst\u00f8rre.\u00a0<\/span><span style=\"background-color: var( --e-global-color-27346bc ); color: var( --e-global-color-text );\">Vibrationsafgrateren bruges til at fjerne materiale fx grater eller skarpe kanter. Vi kan tage emner op til 250mm x 200mm og en pladetykkelse p\u00e5 10mm.<\/span><\/p><p>Vibrationst\u00f8rreren bruges efter vibrationsafgrateren til at t\u00f8rre emner, s\u00e5 de efterf\u00f8lgende kan tilf\u00f8res olie. Olien er med til at knivene ikke ruster, s\u00e5 kunden f\u00e5r et p\u00e6nt produkt.\u00a0<\/p>\t\t\t\t\t\t\t\t<\/div>\n\t\t\t\t<\/div>\n\t\t\t\t<div class=\"elementor-element elementor-element-3b578391 elementor-widget elementor-widget-heading\" data-id=\"3b578391\" data-element_type=\"widget\" data-e-type=\"widget\" data-widget_type=\"heading.default\">\n\t\t\t\t<div class=\"elementor-widget-container\">\n\t\t\t\t\t<h3 class=\"elementor-heading-title elementor-size-default\">Hvad er vibrationsafgratning?<\/h3>\t\t\t\t<\/div>\n\t\t\t\t<\/div>\n\t\t\t\t<div class=\"elementor-element elementor-element-4b83b9a3 elementor-widget elementor-widget-text-editor\" data-id=\"4b83b9a3\" data-element_type=\"widget\" data-e-type=\"widget\" data-widget_type=\"text-editor.default\">\n\t\t\t\t<div class=\"elementor-widget-container\">\n\t\t\t\t\t\t\t\t\t<p>Vibrationsafgratning er en effektiv metode til at fjerne grater og skarpe kanter fra metalemner og samtidig forbedre overfladens finish. Teknikken anvender et vibrationsanl\u00e6g, hvor emnerne roterer i en sk\u00e5l fyldt med slibemedier, hvilket giver en ensartet og j\u00e6vn afgratning. Dette sikrer b\u00e5de en p\u00e6nere overflade og \u00f8get sikkerhed, da skarpe kanter fjernes.<\/p>\t\t\t\t\t\t\t\t<\/div>\n\t\t\t\t<\/div>\n\t\t\t\t\t<\/div>\n\t\t<\/div>\n\t\t\t\t<div class=\"elementor-column elementor-col-50 elementor-inner-column elementor-element elementor-element-33b06f46\" data-id=\"33b06f46\" data-element_type=\"column\" data-e-type=\"column\">\n\t\t\t<div class=\"elementor-widget-wrap elementor-element-populated\">\n\t\t\t\t\t\t<div class=\"elementor-element elementor-element-486d3f70 elementor-widget elementor-widget-heading\" data-id=\"486d3f70\" data-element_type=\"widget\" data-e-type=\"widget\" data-widget_type=\"heading.default\">\n\t\t\t\t<div class=\"elementor-widget-container\">\n\t\t\t\t\t<h2 class=\"elementor-heading-title elementor-size-default\">Teknikken bag afgratning<\/h2>\t\t\t\t<\/div>\n\t\t\t\t<\/div>\n\t\t\t\t<div class=\"elementor-element elementor-element-7e10671 elementor-widget elementor-widget-text-editor\" data-id=\"7e10671\" data-element_type=\"widget\" data-e-type=\"widget\" data-widget_type=\"text-editor.default\">\n\t\t\t\t<div class=\"elementor-widget-container\">\n\t\t\t\t\t\t\t\t\t<p>Planslibning og afgratning er to teknikker, der anvendes til at bearbejde overflader p\u00e5 materialer, s\u00e5 de bliver glatte og ensartede. Planslibning og afgratning er is\u00e6r relevante inden for metalindustrien.<\/p>\t\t\t\t\t\t\t\t<\/div>\n\t\t\t\t<\/div>\n\t\t\t\t<div class=\"elementor-element elementor-element-310e287 elementor-widget elementor-widget-toggle\" data-id=\"310e287\" data-element_type=\"widget\" data-e-type=\"widget\" data-widget_type=\"toggle.default\">\n\t\t\t\t<div class=\"elementor-widget-container\">\n\t\t\t\t\t\t\t<div class=\"elementor-toggle\">\n\t\t\t\t\t\t\t<div class=\"elementor-toggle-item\">\n\t\t\t\t\t<h4 id=\"elementor-tab-title-5141\" class=\"elementor-tab-title\" data-tab=\"1\" role=\"button\" aria-controls=\"elementor-tab-content-5141\" aria-expanded=\"false\">\n\t\t\t\t\t\t\t\t\t\t\t\t<span class=\"elementor-toggle-icon elementor-toggle-icon-left\" aria-hidden=\"true\">\n\t\t\t\t\t\t\t\t\t\t\t\t\t\t\t<span class=\"elementor-toggle-icon-closed\"><i class=\"fas fa-caret-right\"><\/i><\/span>\n\t\t\t\t\t\t\t\t<span class=\"elementor-toggle-icon-opened\"><i class=\"elementor-toggle-icon-opened fas fa-caret-up\"><\/i><\/span>\n\t\t\t\t\t\t\t\t\t\t\t\t\t<\/span>\n\t\t\t\t\t\t\t\t\t\t\t\t<a class=\"elementor-toggle-title\" tabindex=\"0\">Hvorfor er afgratning vigtig?<\/a>\n\t\t\t\t\t<\/h4>\n\n\t\t\t\t\t<div id=\"elementor-tab-content-5141\" class=\"elementor-tab-content elementor-clearfix\" data-tab=\"1\" role=\"region\" aria-labelledby=\"elementor-tab-title-5141\"><p data-start=\"422\" data-end=\"497\"><strong>Afgratning er vigtig af flere grunde:<\/strong><\/p><ul data-start=\"498\" data-end=\"746\"><li data-start=\"498\" data-end=\"553\"><p data-start=\"500\" data-end=\"553\">For at undg\u00e5 skader eller snits\u00e5r fra skarpe kanter<\/p><\/li><li data-start=\"554\" data-end=\"605\"><p data-start=\"556\" data-end=\"605\">For at opn\u00e5 et p\u00e6nere og mere ensartet resultat<\/p><\/li><li data-start=\"606\" data-end=\"689\"><p data-start=\"608\" data-end=\"689\">For at sikre bedre vedh\u00e6ftning af maling, lak eller andre overfladebehandlinger<\/p><\/li><li data-start=\"690\" data-end=\"746\"><p data-start=\"692\" data-end=\"746\">For at forbedre pasformen og funktionaliteten af emnet<\/p><\/li><\/ul><\/div>\n\t\t\t\t<\/div>\n\t\t\t\t\t\t\t<div class=\"elementor-toggle-item\">\n\t\t\t\t\t<h4 id=\"elementor-tab-title-5142\" class=\"elementor-tab-title\" data-tab=\"2\" role=\"button\" aria-controls=\"elementor-tab-content-5142\" aria-expanded=\"false\">\n\t\t\t\t\t\t\t\t\t\t\t\t<span class=\"elementor-toggle-icon elementor-toggle-icon-left\" aria-hidden=\"true\">\n\t\t\t\t\t\t\t\t\t\t\t\t\t\t\t<span class=\"elementor-toggle-icon-closed\"><i class=\"fas fa-caret-right\"><\/i><\/span>\n\t\t\t\t\t\t\t\t<span class=\"elementor-toggle-icon-opened\"><i class=\"elementor-toggle-icon-opened fas fa-caret-up\"><\/i><\/span>\n\t\t\t\t\t\t\t\t\t\t\t\t\t<\/span>\n\t\t\t\t\t\t\t\t\t\t\t\t<a class=\"elementor-toggle-title\" tabindex=\"0\">Hvad er vibrationsafgratning?<\/a>\n\t\t\t\t\t<\/h4>\n\n\t\t\t\t\t<div id=\"elementor-tab-content-5142\" class=\"elementor-tab-content elementor-clearfix\" data-tab=\"2\" role=\"region\" aria-labelledby=\"elementor-tab-title-5142\"><p>Vibrationsafgratning er en maskinel proces, hvor emner og slibemedier placeres i en vibrationssk\u00e5l. Gennem vibrationer fjernes grater og kanter ensartet og effektivt p\u00e5 alle emner samtidig. Dette er s\u00e6rligt velegnet til st\u00f8rre serier, hvor ensartet kvalitet og hurtig bearbejdning er vigtig.<\/p><\/div>\n\t\t\t\t<\/div>\n\t\t\t\t\t\t\t<div class=\"elementor-toggle-item\">\n\t\t\t\t\t<h4 id=\"elementor-tab-title-5143\" class=\"elementor-tab-title\" data-tab=\"3\" role=\"button\" aria-controls=\"elementor-tab-content-5143\" aria-expanded=\"false\">\n\t\t\t\t\t\t\t\t\t\t\t\t<span class=\"elementor-toggle-icon elementor-toggle-icon-left\" aria-hidden=\"true\">\n\t\t\t\t\t\t\t\t\t\t\t\t\t\t\t<span class=\"elementor-toggle-icon-closed\"><i class=\"fas fa-caret-right\"><\/i><\/span>\n\t\t\t\t\t\t\t\t<span class=\"elementor-toggle-icon-opened\"><i class=\"elementor-toggle-icon-opened fas fa-caret-up\"><\/i><\/span>\n\t\t\t\t\t\t\t\t\t\t\t\t\t<\/span>\n\t\t\t\t\t\t\t\t\t\t\t\t<a class=\"elementor-toggle-title\" tabindex=\"0\">Hvilke metaller kan afgrates?<\/a>\n\t\t\t\t\t<\/h4>\n\n\t\t\t\t\t<div id=\"elementor-tab-content-5143\" class=\"elementor-tab-content elementor-clearfix\" data-tab=\"3\" role=\"region\" aria-labelledby=\"elementor-tab-title-5143\"><p data-start=\"1335\" data-end=\"1536\">Afgratning kan udf\u00f8res p\u00e5 de fleste metaller, herunder st\u00e5l, aluminium og messing. Den pr\u00e6cise metode v\u00e6lges ud fra materialets egenskaber og det \u00f8nskede resultat.<\/p><\/div>\n\t\t\t\t<\/div>\n\t\t\t\t\t\t\t<div class=\"elementor-toggle-item\">\n\t\t\t\t\t<h4 id=\"elementor-tab-title-5144\" class=\"elementor-tab-title\" data-tab=\"4\" role=\"button\" aria-controls=\"elementor-tab-content-5144\" aria-expanded=\"false\">\n\t\t\t\t\t\t\t\t\t\t\t\t<span class=\"elementor-toggle-icon elementor-toggle-icon-left\" aria-hidden=\"true\">\n\t\t\t\t\t\t\t\t\t\t\t\t\t\t\t<span class=\"elementor-toggle-icon-closed\"><i class=\"fas fa-caret-right\"><\/i><\/span>\n\t\t\t\t\t\t\t\t<span class=\"elementor-toggle-icon-opened\"><i class=\"elementor-toggle-icon-opened fas fa-caret-up\"><\/i><\/span>\n\t\t\t\t\t\t\t\t\t\t\t\t\t<\/span>\n\t\t\t\t\t\t\t\t\t\t\t\t<a class=\"elementor-toggle-title\" tabindex=\"0\">Hvilke st\u00f8rrelser kan afgrates hos jer?<\/a>\n\t\t\t\t\t<\/h4>\n\n\t\t\t\t\t<div id=\"elementor-tab-content-5144\" class=\"elementor-tab-content elementor-clearfix\" data-tab=\"4\" role=\"region\" aria-labelledby=\"elementor-tab-title-5144\"><p>Hos Ollerup Maskinfabrik kan vi bearbejde emner op til 250 x 200 mm med en pladetykkelse p\u00e5 op til 10 mm.<\/p><\/div>\n\t\t\t\t<\/div>\n\t\t\t\t\t\t\t\t\t\t<script type=\"application\/ld+json\">{\"@context\":\"https:\\\/\\\/schema.org\",\"@type\":\"FAQPage\",\"mainEntity\":[{\"@type\":\"Question\",\"name\":\"Hvorfor er afgratning vigtig?\",\"acceptedAnswer\":{\"@type\":\"Answer\",\"text\":\"<p data-start=\\\"422\\\" data-end=\\\"497\\\"><strong>Afgratning er vigtig af flere grunde:<\\\/strong><\\\/p><ul data-start=\\\"498\\\" data-end=\\\"746\\\"><li data-start=\\\"498\\\" data-end=\\\"553\\\"><p data-start=\\\"500\\\" data-end=\\\"553\\\">For at undg\\u00e5 skader eller snits\\u00e5r fra skarpe kanter<\\\/p><\\\/li><li data-start=\\\"554\\\" data-end=\\\"605\\\"><p data-start=\\\"556\\\" data-end=\\\"605\\\">For at opn\\u00e5 et p\\u00e6nere og mere ensartet resultat<\\\/p><\\\/li><li data-start=\\\"606\\\" data-end=\\\"689\\\"><p data-start=\\\"608\\\" data-end=\\\"689\\\">For at sikre bedre vedh\\u00e6ftning af maling, lak eller andre overfladebehandlinger<\\\/p><\\\/li><li data-start=\\\"690\\\" data-end=\\\"746\\\"><p data-start=\\\"692\\\" data-end=\\\"746\\\">For at forbedre pasformen og funktionaliteten af emnet<\\\/p><\\\/li><\\\/ul>\"}},{\"@type\":\"Question\",\"name\":\"Hvad er vibrationsafgratning?\",\"acceptedAnswer\":{\"@type\":\"Answer\",\"text\":\"<p>Vibrationsafgratning er en maskinel proces, hvor emner og slibemedier placeres i en vibrationssk\\u00e5l. Gennem vibrationer fjernes grater og kanter ensartet og effektivt p\\u00e5 alle emner samtidig. Dette er s\\u00e6rligt velegnet til st\\u00f8rre serier, hvor ensartet kvalitet og hurtig bearbejdning er vigtig.<\\\/p>\"}},{\"@type\":\"Question\",\"name\":\"Hvilke metaller kan afgrates?\",\"acceptedAnswer\":{\"@type\":\"Answer\",\"text\":\"<p data-start=\\\"1335\\\" data-end=\\\"1536\\\">Afgratning kan udf\\u00f8res p\\u00e5 de fleste metaller, herunder st\\u00e5l, aluminium og messing. Den pr\\u00e6cise metode v\\u00e6lges ud fra materialets egenskaber og det \\u00f8nskede resultat.<\\\/p>\"}},{\"@type\":\"Question\",\"name\":\"Hvilke st\\u00f8rrelser kan afgrates hos jer?\",\"acceptedAnswer\":{\"@type\":\"Answer\",\"text\":\"<p>Hos Ollerup Maskinfabrik kan vi bearbejde emner op til 250 x 200 mm med en pladetykkelse p\\u00e5 op til 10 mm.<\\\/p>\"}}]}<\/script>\n\t\t\t\t\t<\/div>\n\t\t\t\t\t\t<\/div>\n\t\t\t\t<\/div>\n\t\t\t\t<div class=\"elementor-element elementor-element-63fd95c2 elementor-widget elementor-widget-text-editor\" data-id=\"63fd95c2\" data-element_type=\"widget\" data-e-type=\"widget\" data-widget_type=\"text-editor.default\">\n\t\t\t\t<div class=\"elementor-widget-container\">\n\t\t\t\t\t\t\t\t\t<p><strong>Kontakt os i dag<\/strong><\/p><p>Har du brug for arbejde p\u00e5 dine metalprojekter? Vi st\u00e5r klar med stor maskinkapacitet p\u00e5 egen fabrik.\u00a0<\/p>\t\t\t\t\t\t\t\t<\/div>\n\t\t\t\t<\/div>\n\t\t\t\t<div class=\"elementor-element elementor-element-0bd4b1c elementor-widget__width-auto elementor-widget elementor-widget-button\" data-id=\"0bd4b1c\" data-element_type=\"widget\" data-e-type=\"widget\" data-widget_type=\"button.default\">\n\t\t\t\t<div class=\"elementor-widget-container\">\n\t\t\t\t\t\t\t\t\t<div class=\"elementor-button-wrapper\">\n\t\t\t\t\t<a class=\"elementor-button elementor-button-link elementor-size-sm\" href=\"\/kontakt\/#form\">\n\t\t\t\t\t\t<span class=\"elementor-button-content-wrapper\">\n\t\t\t\t\t\t\t\t\t<span class=\"elementor-button-text\">F\u00e5 et tilbud<\/span>\n\t\t\t\t\t<\/span>\n\t\t\t\t\t<\/a>\n\t\t\t\t<\/div>\n\t\t\t\t\t\t\t\t<\/div>\n\t\t\t\t<\/div>\n\t\t\t\t\t<\/div>\n\t\t<\/div>\n\t\t\t\t\t<\/div>\n\t\t<\/section>\n\t\t\t\t<section class=\"elementor-section elementor-inner-section elementor-element elementor-element-4e78dae3 elementor-section-boxed elementor-section-height-default elementor-section-height-default\" data-id=\"4e78dae3\" data-element_type=\"section\" data-e-type=\"section\">\n\t\t\t\t\t\t<div class=\"elementor-container elementor-column-gap-default\">\n\t\t\t\t\t<div class=\"elementor-column elementor-col-100 elementor-inner-column elementor-element elementor-element-58564374\" data-id=\"58564374\" data-element_type=\"column\" data-e-type=\"column\">\n\t\t\t<div class=\"elementor-widget-wrap elementor-element-populated\">\n\t\t\t\t\t\t<div class=\"elementor-element elementor-element-6a63f758 elementor-arrows-position-inside elementor-pagination-position-outside elementor-widget elementor-widget-image-carousel\" data-id=\"6a63f758\" data-element_type=\"widget\" data-e-type=\"widget\" data-settings=\"{&quot;slides_to_show&quot;:&quot;4&quot;,&quot;slides_to_scroll&quot;:&quot;1&quot;,&quot;navigation&quot;:&quot;both&quot;,&quot;autoplay&quot;:&quot;yes&quot;,&quot;pause_on_hover&quot;:&quot;yes&quot;,&quot;pause_on_interaction&quot;:&quot;yes&quot;,&quot;autoplay_speed&quot;:5000,&quot;infinite&quot;:&quot;yes&quot;,&quot;speed&quot;:500,&quot;image_spacing_custom&quot;:{&quot;unit&quot;:&quot;px&quot;,&quot;size&quot;:20,&quot;sizes&quot;:[]},&quot;image_spacing_custom_widescreen&quot;:{&quot;unit&quot;:&quot;px&quot;,&quot;size&quot;:&quot;&quot;,&quot;sizes&quot;:[]},&quot;image_spacing_custom_tablet&quot;:{&quot;unit&quot;:&quot;px&quot;,&quot;size&quot;:&quot;&quot;,&quot;sizes&quot;:[]},&quot;image_spacing_custom_mobile&quot;:{&quot;unit&quot;:&quot;px&quot;,&quot;size&quot;:&quot;&quot;,&quot;sizes&quot;:[]}}\" data-widget_type=\"image-carousel.default\">\n\t\t\t\t<div class=\"elementor-widget-container\">\n\t\t\t\t\t\t\t<div class=\"elementor-image-carousel-wrapper swiper\" role=\"region\" aria-roledescription=\"carousel\" aria-label=\"Billedkarussel\" dir=\"ltr\">\n\t\t\t<div class=\"elementor-image-carousel swiper-wrapper\" aria-live=\"off\">\n\t\t\t\t\t\t\t\t<div class=\"swiper-slide\" role=\"group\" aria-roledescription=\"slide\" aria-label=\"1 of 3\"><a data-elementor-open-lightbox=\"yes\" data-elementor-lightbox-slideshow=\"6a63f758\" data-elementor-lightbox-title=\"A7404952\" data-e-action-hash=\"#elementor-action%3Aaction%3Dlightbox%26settings%3DeyJpZCI6Mzg3MCwidXJsIjoiaHR0cHM6XC9cL3d3dy5vbGxlcnVwbWFza2luZmFicmlrLmRrXC93cC1jb250ZW50XC91cGxvYWRzXC8yMDI0XC8wMlwvQTc0MDQ5NTIuanBnIiwic2xpZGVzaG93IjoiNmE2M2Y3NTgifQ%3D%3D\" href=\"https:\/\/www.ollerupmaskinfabrik.dk\/wp-content\/uploads\/2024\/02\/A7404952.jpg\"><figure class=\"swiper-slide-inner\"><img decoding=\"async\" class=\"swiper-slide-image\" src=\"https:\/\/www.ollerupmaskinfabrik.dk\/wp-content\/uploads\/elementor\/thumbs\/A7404952-qj7jajhldex923itpzdwt52b1a0s0gr43ct1e9x76o.jpg\" alt=\"A7404952\" \/><\/figure><\/a><\/div><div class=\"swiper-slide\" role=\"group\" aria-roledescription=\"slide\" aria-label=\"2 of 3\"><a data-elementor-open-lightbox=\"yes\" data-elementor-lightbox-slideshow=\"6a63f758\" data-elementor-lightbox-title=\"IMG_0055\" data-e-action-hash=\"#elementor-action%3Aaction%3Dlightbox%26settings%3DeyJpZCI6Mzg3MiwidXJsIjoiaHR0cHM6XC9cL3d3dy5vbGxlcnVwbWFza2luZmFicmlrLmRrXC93cC1jb250ZW50XC91cGxvYWRzXC8yMDI0XC8wMlwvSU1HXzAwNTUtc2NhbGVkLmpwZWciLCJzbGlkZXNob3ciOiI2YTYzZjc1OCJ9\" href=\"https:\/\/www.ollerupmaskinfabrik.dk\/wp-content\/uploads\/2024\/02\/IMG_0055-scaled.jpeg\"><figure class=\"swiper-slide-inner\"><img decoding=\"async\" class=\"swiper-slide-image\" src=\"https:\/\/www.ollerupmaskinfabrik.dk\/wp-content\/uploads\/elementor\/thumbs\/IMG_0055-scaled-qj7jb461jrpk5iosd8bpbzug3r6upt17i75pyd2jds.jpeg\" alt=\"IMG_0055\" \/><\/figure><\/a><\/div><div class=\"swiper-slide\" role=\"group\" aria-roledescription=\"slide\" aria-label=\"3 of 3\"><a data-elementor-open-lightbox=\"yes\" data-elementor-lightbox-slideshow=\"6a63f758\" data-elementor-lightbox-title=\"IMG_0053\" data-e-action-hash=\"#elementor-action%3Aaction%3Dlightbox%26settings%3DeyJpZCI6Mzg3MSwidXJsIjoiaHR0cHM6XC9cL3d3dy5vbGxlcnVwbWFza2luZmFicmlrLmRrXC93cC1jb250ZW50XC91cGxvYWRzXC8yMDI0XC8wMlwvSU1HXzAwNTMtc2NhbGVkLmpwZWciLCJzbGlkZXNob3ciOiI2YTYzZjc1OCJ9\" href=\"https:\/\/www.ollerupmaskinfabrik.dk\/wp-content\/uploads\/2024\/02\/IMG_0053-scaled.jpeg\"><figure class=\"swiper-slide-inner\"><img decoding=\"async\" class=\"swiper-slide-image\" src=\"https:\/\/www.ollerupmaskinfabrik.dk\/wp-content\/uploads\/elementor\/thumbs\/IMG_0053-scaled-qjhvjc1mnhlkqw4fi1s88zwc417ttzz1j4gq0ufkio.jpeg\" alt=\"IMG_0053\" \/><\/figure><\/a><\/div>\t\t\t<\/div>\n\t\t\t\t\t\t\t\t\t\t\t\t<div class=\"elementor-swiper-button elementor-swiper-button-prev\" role=\"button\" tabindex=\"0\">\n\t\t\t\t\t\t<i aria-hidden=\"true\" class=\"eicon-chevron-left\"><\/i>\t\t\t\t\t<\/div>\n\t\t\t\t\t<div class=\"elementor-swiper-button elementor-swiper-button-next\" role=\"button\" tabindex=\"0\">\n\t\t\t\t\t\t<i aria-hidden=\"true\" class=\"eicon-chevron-right\"><\/i>\t\t\t\t\t<\/div>\n\t\t\t\t\n\t\t\t\t\t\t\t\t\t<div class=\"swiper-pagination\"><\/div>\n\t\t\t\t\t\t\t\t\t<\/div>\n\t\t\t\t\t\t<\/div>\n\t\t\t\t<\/div>\n\t\t\t\t\t<\/div>\n\t\t<\/div>\n\t\t\t\t\t<\/div>\n\t\t<\/section>\n\t\t\t\t\t<\/div>\n\t\t<\/div>\n\t\t\t\t\t<\/div>\n\t\t<\/section>\n\t\t\t\t<\/div>\n\t\t","protected":false},"excerpt":{"rendered":"<p>Vibrationsafgratning Afgratning er en teknik, hvor man fjerner materiale fra kanter og hj\u00f8rner p\u00e5 et objekt, s\u00e5 det bliver afrundet. Afgratning kan anvendes til at g\u00f8re overfladen sikrere, f.eks. ved at fjerne skarpe kanter, eller for at forbedre \u00e6stetikken p\u00e5 objektet. Hos Ollerup Maskinfabrik benytter vi et moderne R\u00f6sler-anl\u00e6g, der best\u00e5r af en vibrationsafgrater og [&hellip;]<\/p>\n","protected":false},"author":1,"featured_media":3693,"parent":3307,"menu_order":0,"comment_status":"closed","ping_status":"closed","template":"","meta":{"iawp_total_views":265,"footnotes":""},"class_list":["post-2557","page","type-page","status-publish","has-post-thumbnail","hentry"],"_links":{"self":[{"href":"https:\/\/www.ollerupmaskinfabrik.dk\/en\/wp-json\/wp\/v2\/pages\/2557","targetHints":{"allow":["GET"]}}],"collection":[{"href":"https:\/\/www.ollerupmaskinfabrik.dk\/en\/wp-json\/wp\/v2\/pages"}],"about":[{"href":"https:\/\/www.ollerupmaskinfabrik.dk\/en\/wp-json\/wp\/v2\/types\/page"}],"author":[{"embeddable":true,"href":"https:\/\/www.ollerupmaskinfabrik.dk\/en\/wp-json\/wp\/v2\/users\/1"}],"replies":[{"embeddable":true,"href":"https:\/\/www.ollerupmaskinfabrik.dk\/en\/wp-json\/wp\/v2\/comments?post=2557"}],"version-history":[{"count":90,"href":"https:\/\/www.ollerupmaskinfabrik.dk\/en\/wp-json\/wp\/v2\/pages\/2557\/revisions"}],"predecessor-version":[{"id":5717,"href":"https:\/\/www.ollerupmaskinfabrik.dk\/en\/wp-json\/wp\/v2\/pages\/2557\/revisions\/5717"}],"up":[{"embeddable":true,"href":"https:\/\/www.ollerupmaskinfabrik.dk\/en\/wp-json\/wp\/v2\/pages\/3307"}],"wp:featuredmedia":[{"embeddable":true,"href":"https:\/\/www.ollerupmaskinfabrik.dk\/en\/wp-json\/wp\/v2\/media\/3693"}],"wp:attachment":[{"href":"https:\/\/www.ollerupmaskinfabrik.dk\/en\/wp-json\/wp\/v2\/media?parent=2557"}],"curies":[{"name":"wp","href":"https:\/\/api.w.org\/{rel}","templated":true}]}}