{"id":1735,"date":"2023-11-28T08:57:05","date_gmt":"2023-11-28T08:57:05","guid":{"rendered":"https:\/\/ollerupmaskinfabrik.dk.web07.webtohosting.dk\/?page_id=1735"},"modified":"2024-05-15T09:04:02","modified_gmt":"2024-05-15T09:04:02","slug":"certificates","status":"publish","type":"page","link":"https:\/\/www.ollerupmaskinfabrik.dk\/en\/om-os\/certifikater\/","title":{"rendered":"Certificates"},"content":{"rendered":"<div data-elementor-type=\"wp-page\" data-elementor-id=\"1735\" class=\"elementor elementor-1735\" data-elementor-post-type=\"page\">\n\t\t\t\t\t\t<section class=\"elementor-section elementor-top-section elementor-element elementor-element-901564c elementor-section-boxed elementor-section-height-default elementor-section-height-default\" data-id=\"901564c\" data-element_type=\"section\" data-e-type=\"section\" data-settings=\"{&quot;background_background&quot;:&quot;classic&quot;}\">\n\t\t\t\t\t\t<div class=\"elementor-container elementor-column-gap-default\">\n\t\t\t\t\t<div class=\"elementor-column elementor-col-100 elementor-top-column elementor-element elementor-element-6704e2f\" data-id=\"6704e2f\" data-element_type=\"column\" data-e-type=\"column\">\n\t\t\t<div class=\"elementor-widget-wrap elementor-element-populated\">\n\t\t\t\t\t\t<section class=\"elementor-section elementor-inner-section elementor-element elementor-element-38850d9 elementor-section-boxed elementor-section-height-default elementor-section-height-default\" data-id=\"38850d9\" data-element_type=\"section\" data-e-type=\"section\">\n\t\t\t\t\t\t<div class=\"elementor-container elementor-column-gap-default\">\n\t\t\t\t\t<div class=\"elementor-column elementor-col-50 elementor-inner-column elementor-element elementor-element-0e6162a\" data-id=\"0e6162a\" data-element_type=\"column\" data-e-type=\"column\">\n\t\t\t<div class=\"elementor-widget-wrap elementor-element-populated\">\n\t\t\t\t\t\t<div class=\"elementor-element elementor-element-8c33997 elementor-widget elementor-widget-image\" data-id=\"8c33997\" data-element_type=\"widget\" data-e-type=\"widget\" data-widget_type=\"image.default\">\n\t\t\t\t<div class=\"elementor-widget-container\">\n\t\t\t\t\t\t\t\t\t\t\t\t\t\t\t<img fetchpriority=\"high\" decoding=\"async\" width=\"2467\" height=\"1941\" src=\"https:\/\/www.ollerupmaskinfabrik.dk\/wp-content\/uploads\/2024\/02\/Mindre-overbliksbillede.jpg\" class=\"attachment-full size-full wp-image-3824\" alt=\"Ollerup Machine Factory certificates\" srcset=\"https:\/\/www.ollerupmaskinfabrik.dk\/wp-content\/uploads\/2024\/02\/Mindre-overbliksbillede.jpg 2467w, https:\/\/www.ollerupmaskinfabrik.dk\/wp-content\/uploads\/2024\/02\/Mindre-overbliksbillede-300x236.jpg 300w, https:\/\/www.ollerupmaskinfabrik.dk\/wp-content\/uploads\/2024\/02\/Mindre-overbliksbillede-1024x806.jpg 1024w, https:\/\/www.ollerupmaskinfabrik.dk\/wp-content\/uploads\/2024\/02\/Mindre-overbliksbillede-768x604.jpg 768w, https:\/\/www.ollerupmaskinfabrik.dk\/wp-content\/uploads\/2024\/02\/Mindre-overbliksbillede-1536x1209.jpg 1536w, https:\/\/www.ollerupmaskinfabrik.dk\/wp-content\/uploads\/2024\/02\/Mindre-overbliksbillede-2048x1611.jpg 2048w\" sizes=\"(max-width: 2467px) 100vw, 2467px\" \/>\t\t\t\t\t\t\t\t\t\t\t\t\t\t\t<\/div>\n\t\t\t\t<\/div>\n\t\t\t\t\t<\/div>\n\t\t<\/div>\n\t\t\t\t<div class=\"elementor-column elementor-col-50 elementor-inner-column elementor-element elementor-element-67b3b1c\" data-id=\"67b3b1c\" data-element_type=\"column\" data-e-type=\"column\">\n\t\t\t<div class=\"elementor-widget-wrap elementor-element-populated\">\n\t\t\t\t\t\t<div class=\"elementor-element elementor-element-61cf874 elementor-widget elementor-widget-heading\" data-id=\"61cf874\" data-element_type=\"widget\" data-e-type=\"widget\" data-widget_type=\"heading.default\">\n\t\t\t\t<div class=\"elementor-widget-container\">\n\t\t\t\t\t<h1 class=\"elementor-heading-title elementor-size-default\">ISO certifications at Ollerup Maskinfabrik<\/h1>\t\t\t\t<\/div>\n\t\t\t\t<\/div>\n\t\t\t\t<div class=\"elementor-element elementor-element-fdfa507 elementor-widget elementor-widget-text-editor\" data-id=\"fdfa507\" data-element_type=\"widget\" data-e-type=\"widget\" data-widget_type=\"text-editor.default\">\n\t\t\t\t<div class=\"elementor-widget-container\">\n\t\t\t\t\t\t\t\t\t<p>Ollerup Maskinfabrik is ISO-certified within quality management at the highest level, because we know that manufacturing with full documentation and traceability is of crucial importance for our core customers!<\/p><p>It is our goal to meet our customers\u2019 requirements for quality management at the highest level and to appear as a highly competent, qualified and experienced company within metal processing, certified welding, sheet metal bending, rolling, etc. with full traceability and documentation!\u00a0<\/p><h3>Certificates at Ollerup Maskinfabrik:\u00a0<\/h3><p><a href=\"https:\/\/drive.google.com\/file\/d\/1KfdLfn-x-llcrHENpCBY8WKgpE8lCcK9\/view\" target=\"_blank\" rel=\"noopener\">ISO 9001: Quality Management System for the control of production, construction &amp; product development.<\/a><\/p><p><a href=\"https:\/\/drive.google.com\/file\/d\/1kqRIoRb0H05ZyCQUldtUGF25ksvp-zse\/view\" target=\"_blank\" rel=\"noopener\">EN ISO 3834-2: Comprehensive quality requirements for fusion welding of metallic materials.<\/a><\/p><p><a href=\"https:\/\/drive.google.com\/file\/d\/1rMH6daOzXRMoVu2okfejPsSi9l649TTI\/view\" target=\"_blank\" rel=\"noopener\">EN 1090-1 &amp; -2 EXC 3: CE marking of steel structures up to and including Execution Class EXC 3.\u00a0<\/a><\/p><p><a href=\"https:\/\/drive.google.com\/file\/d\/1riJjQ_ZwdQwEPlDtqwmnPDcfSSU8UKSq\/view\" target=\"_blank\" rel=\"noopener\">K<\/a><a href=\"https:\/\/drive.google.com\/file\/d\/12BMm8NONGvhym_x8ErZUqVN7YjNJABw4\/view\" target=\"_blank\" rel=\"noopener\">Quality and Development Department with its own certified welding coordinator, IWT diploma DK-00289.<\/a><\/p><p><a href=\"https:\/\/drive.google.com\/file\/d\/1qe4XCvtlFQilIQv7NCsGVpBC9hIPTsFM\/view\" target=\"_blank\" rel=\"noopener\">Trained specialist (AUKOM GD&amp;T) for operating a Zeiss 3D coordinate measuring machine, certificate no. 1.\u00a0<\/a><\/p><p><a href=\"https:\/\/drive.google.com\/file\/d\/1riOzQy2pLbbuydf8CS9vqpGeTcrDIvT3\/view\" target=\"_blank\" rel=\"noopener\">Trained Specialist (AUKOM GD&amp;T) for operating Zeiss 3D coordinate measuring machine, certificate no. 2.\u00a0<\/a><\/p><p><a href=\"https:\/\/www.findsmiley.dk\/Sider\/KontrolRapport.aspx?Virk5980428\" target=\"_blank\" rel=\"noopener\">F<\/a><a href=\"https:\/\/www.findsmiley.dk\/545562\" target=\"_blank\" rel=\"noopener\">The Danish Veterinary and Food Administration's approval of our quality management systems and procedures.\u00a0<\/a><\/p><p><a href=\"https:\/\/drive.google.com\/file\/d\/1Ley_esBBFy5tRlOLlrack_O8QOJ4jY0V\/view\" target=\"_blank\" rel=\"noopener\">AAA creditworthiness<\/a> \u2013 we're here again tomorrow!\u00a0<\/p>\t\t\t\t\t\t\t\t<\/div>\n\t\t\t\t<\/div>\n\t\t\t\t<div class=\"elementor-element elementor-element-6f6d35e elementor-widget__width-auto elementor-widget elementor-widget-button\" data-id=\"6f6d35e\" data-element_type=\"widget\" data-e-type=\"widget\" data-widget_type=\"button.default\">\n\t\t\t\t<div class=\"elementor-widget-container\">\n\t\t\t\t\t\t\t\t\t<div class=\"elementor-button-wrapper\">\n\t\t\t\t\t<a class=\"elementor-button elementor-button-link elementor-size-sm\" href=\"https:\/\/www.ollerupmaskinfabrik.dk\/en\/competences\/\">\n\t\t\t\t\t\t<span class=\"elementor-button-content-wrapper\">\n\t\t\t\t\t\t\t\t\t<span class=\"elementor-button-text\">Our competences<\/span>\n\t\t\t\t\t<\/span>\n\t\t\t\t\t<\/a>\n\t\t\t\t<\/div>\n\t\t\t\t\t\t\t\t<\/div>\n\t\t\t\t<\/div>\n\t\t\t\t<div class=\"elementor-element elementor-element-ac95367 elementor-widget__width-auto elementor-widget elementor-widget-button\" data-id=\"ac95367\" data-element_type=\"widget\" data-e-type=\"widget\" data-widget_type=\"button.default\">\n\t\t\t\t<div class=\"elementor-widget-container\">\n\t\t\t\t\t\t\t\t\t<div class=\"elementor-button-wrapper\">\n\t\t\t\t\t<a class=\"elementor-button elementor-button-link elementor-size-sm\" href=\"https:\/\/www.ollerupmaskinfabrik.dk\/en\/contact\/\">\n\t\t\t\t\t\t<span class=\"elementor-button-content-wrapper\">\n\t\t\t\t\t\t\t\t\t<span class=\"elementor-button-text\">Get in touch<\/span>\n\t\t\t\t\t<\/span>\n\t\t\t\t\t<\/a>\n\t\t\t\t<\/div>\n\t\t\t\t\t\t\t\t<\/div>\n\t\t\t\t<\/div>\n\t\t\t\t\t<\/div>\n\t\t<\/div>\n\t\t\t\t\t<\/div>\n\t\t<\/section>\n\t\t\t\t\t<\/div>\n\t\t<\/div>\n\t\t\t\t\t<\/div>\n\t\t<\/section>\n\t\t\t\t<\/div>","protected":false},"excerpt":{"rendered":"<p>ISO-certificeringer i Ollerup Maskinfabrik Ollerup Maskinfabrik er ISO-certificeret inden for kvalitetsstyring p\u00e5 h\u00f8jeste niveau, fordi vi ved at fremstilling med fuld dokumentation og sporbarhed er af afg\u00f8rende betydning for vores kernekunder! Det er vores m\u00e5l, at kunne m\u00f8de vore kunders krav til kvalitetsstyring p\u00e5 h\u00f8jeste niveau, og at fremst\u00e5 som en s\u00e6rdeles kompetent, kvalificeret og [&hellip;]<\/p>\n","protected":false},"author":1,"featured_media":3824,"parent":92,"menu_order":0,"comment_status":"closed","ping_status":"closed","template":"","meta":{"iawp_total_views":139,"footnotes":""},"class_list":["post-1735","page","type-page","status-publish","has-post-thumbnail","hentry"],"_links":{"self":[{"href":"https:\/\/www.ollerupmaskinfabrik.dk\/en\/wp-json\/wp\/v2\/pages\/1735","targetHints":{"allow":["GET"]}}],"collection":[{"href":"https:\/\/www.ollerupmaskinfabrik.dk\/en\/wp-json\/wp\/v2\/pages"}],"about":[{"href":"https:\/\/www.ollerupmaskinfabrik.dk\/en\/wp-json\/wp\/v2\/types\/page"}],"author":[{"embeddable":true,"href":"https:\/\/www.ollerupmaskinfabrik.dk\/en\/wp-json\/wp\/v2\/users\/1"}],"replies":[{"embeddable":true,"href":"https:\/\/www.ollerupmaskinfabrik.dk\/en\/wp-json\/wp\/v2\/comments?post=1735"}],"version-history":[{"count":115,"href":"https:\/\/www.ollerupmaskinfabrik.dk\/en\/wp-json\/wp\/v2\/pages\/1735\/revisions"}],"predecessor-version":[{"id":5098,"href":"https:\/\/www.ollerupmaskinfabrik.dk\/en\/wp-json\/wp\/v2\/pages\/1735\/revisions\/5098"}],"up":[{"embeddable":true,"href":"https:\/\/www.ollerupmaskinfabrik.dk\/en\/wp-json\/wp\/v2\/pages\/92"}],"wp:featuredmedia":[{"embeddable":true,"href":"https:\/\/www.ollerupmaskinfabrik.dk\/en\/wp-json\/wp\/v2\/media\/3824"}],"wp:attachment":[{"href":"https:\/\/www.ollerupmaskinfabrik.dk\/en\/wp-json\/wp\/v2\/media?parent=1735"}],"curies":[{"name":"wp","href":"https:\/\/api.w.org\/{rel}","templated":true}]}}