{"id":1722,"date":"2023-11-28T08:38:53","date_gmt":"2023-11-28T08:38:53","guid":{"rendered":"https:\/\/ollerupmaskinfabrik.dk.web07.webtohosting.dk\/?page_id=1722"},"modified":"2024-04-15T06:11:45","modified_gmt":"2024-04-15T06:11:45","slug":"productions","status":"publish","type":"page","link":"https:\/\/www.ollerupmaskinfabrik.dk\/en\/produktionen\/","title":{"rendered":"Productions"},"content":{"rendered":"<div data-elementor-type=\"wp-page\" data-elementor-id=\"1722\" class=\"elementor elementor-1722\" data-elementor-post-type=\"page\">\n\t\t\t\t\t\t<section class=\"elementor-section elementor-top-section elementor-element elementor-element-bef6d10 elementor-section-boxed elementor-section-height-default elementor-section-height-default\" data-id=\"bef6d10\" data-element_type=\"section\" data-e-type=\"section\" data-settings=\"{&quot;background_background&quot;:&quot;classic&quot;}\">\n\t\t\t\t\t\t<div class=\"elementor-container elementor-column-gap-default\">\n\t\t\t\t\t<div class=\"elementor-column elementor-col-100 elementor-top-column elementor-element elementor-element-b7aa749\" data-id=\"b7aa749\" data-element_type=\"column\" data-e-type=\"column\">\n\t\t\t<div class=\"elementor-widget-wrap elementor-element-populated\">\n\t\t\t\t\t\t<section class=\"elementor-section elementor-inner-section elementor-element elementor-element-1e99cc2 elementor-section-boxed elementor-section-height-default elementor-section-height-default\" data-id=\"1e99cc2\" data-element_type=\"section\" data-e-type=\"section\">\n\t\t\t\t\t\t<div class=\"elementor-container elementor-column-gap-default\">\n\t\t\t\t\t<div class=\"elementor-column elementor-col-50 elementor-inner-column elementor-element elementor-element-58ed4de\" data-id=\"58ed4de\" data-element_type=\"column\" data-e-type=\"column\">\n\t\t\t<div class=\"elementor-widget-wrap elementor-element-populated\">\n\t\t\t\t\t\t<div class=\"elementor-element elementor-element-9e09bfb elementor-widget elementor-widget-image\" data-id=\"9e09bfb\" data-element_type=\"widget\" data-e-type=\"widget\" data-widget_type=\"image.default\">\n\t\t\t\t<div class=\"elementor-widget-container\">\n\t\t\t\t\t\t\t\t\t\t\t\t\t\t\t<img fetchpriority=\"high\" decoding=\"async\" width=\"1200\" height=\"801\" src=\"https:\/\/www.ollerupmaskinfabrik.dk\/wp-content\/uploads\/2024\/01\/csm_ollerup_maskinfabrik_147_38a77911f9.jpg\" class=\"attachment-full size-full wp-image-3139\" alt=\"Complete solutions\" srcset=\"https:\/\/www.ollerupmaskinfabrik.dk\/wp-content\/uploads\/2024\/01\/csm_ollerup_maskinfabrik_147_38a77911f9.jpg 1200w, https:\/\/www.ollerupmaskinfabrik.dk\/wp-content\/uploads\/2024\/01\/csm_ollerup_maskinfabrik_147_38a77911f9-300x200.jpg 300w, https:\/\/www.ollerupmaskinfabrik.dk\/wp-content\/uploads\/2024\/01\/csm_ollerup_maskinfabrik_147_38a77911f9-1024x684.jpg 1024w, https:\/\/www.ollerupmaskinfabrik.dk\/wp-content\/uploads\/2024\/01\/csm_ollerup_maskinfabrik_147_38a77911f9-768x513.jpg 768w\" sizes=\"(max-width: 1200px) 100vw, 1200px\" \/>\t\t\t\t\t\t\t\t\t\t\t\t\t\t\t<\/div>\n\t\t\t\t<\/div>\n\t\t\t\t\t<\/div>\n\t\t<\/div>\n\t\t\t\t<div class=\"elementor-column elementor-col-50 elementor-inner-column elementor-element elementor-element-24e49bc\" data-id=\"24e49bc\" data-element_type=\"column\" data-e-type=\"column\">\n\t\t\t<div class=\"elementor-widget-wrap elementor-element-populated\">\n\t\t\t\t\t\t<div class=\"elementor-element elementor-element-f73a71e elementor-widget elementor-widget-heading\" data-id=\"f73a71e\" data-element_type=\"widget\" data-e-type=\"widget\" data-widget_type=\"heading.default\">\n\t\t\t\t<div class=\"elementor-widget-container\">\n\t\t\t\t\t<h1 class=\"elementor-heading-title elementor-size-default\">Complete solutions<\/h1>\t\t\t\t<\/div>\n\t\t\t\t<\/div>\n\t\t\t\t<div class=\"elementor-element elementor-element-ee1b187 elementor-widget elementor-widget-text-editor\" data-id=\"ee1b187\" data-element_type=\"widget\" data-e-type=\"widget\" data-widget_type=\"text-editor.default\">\n\t\t\t\t<div class=\"elementor-widget-container\">\n\t\t\t\t\t\t\t\t\t<p>At Ollerup Maskinfabrik A\/S on Zealand, our goal is always to make things as easy as possible for you as a customer. Once you have placed your order, we are happy to take care of the entire process - from drawing to manufacturing and assembly to delivery.<\/p><p>Our skilled employees are responsible for both material procurement, coordination and quality management, ensuring that the product result is of the highest quality every time.<\/p><p><strong>See our\u00a0<a href=\"https:\/\/www.ollerupmaskinfabrik.dk\/en\/productions\/machine-list\/\">machine list<\/a>\u00a0to see which tasks we can handle and in what size format.<\/strong><\/p>\t\t\t\t\t\t\t\t<\/div>\n\t\t\t\t<\/div>\n\t\t\t\t<div class=\"elementor-element elementor-element-71cdeee elementor-widget__width-auto elementor-widget elementor-widget-button\" data-id=\"71cdeee\" data-element_type=\"widget\" data-e-type=\"widget\" data-widget_type=\"button.default\">\n\t\t\t\t<div class=\"elementor-widget-container\">\n\t\t\t\t\t\t\t\t\t<div class=\"elementor-button-wrapper\">\n\t\t\t\t\t<a class=\"elementor-button elementor-button-link elementor-size-sm\" href=\"https:\/\/www.ollerupmaskinfabrik.dk\/en\/contact\/\">\n\t\t\t\t\t\t<span class=\"elementor-button-content-wrapper\">\n\t\t\t\t\t\t\t\t\t<span class=\"elementor-button-text\">Get in touch<\/span>\n\t\t\t\t\t<\/span>\n\t\t\t\t\t<\/a>\n\t\t\t\t<\/div>\n\t\t\t\t\t\t\t\t<\/div>\n\t\t\t\t<\/div>\n\t\t\t\t\t<\/div>\n\t\t<\/div>\n\t\t\t\t\t<\/div>\n\t\t<\/section>\n\t\t\t\t\t<\/div>\n\t\t<\/div>\n\t\t\t\t\t<\/div>\n\t\t<\/section>\n\t\t\t\t<section class=\"elementor-section elementor-top-section elementor-element elementor-element-3f59efd elementor-section-boxed elementor-section-height-default elementor-section-height-default\" data-id=\"3f59efd\" data-element_type=\"section\" data-e-type=\"section\" data-settings=\"{&quot;background_background&quot;:&quot;classic&quot;}\">\n\t\t\t\t\t\t<div class=\"elementor-container elementor-column-gap-default\">\n\t\t\t\t\t<div class=\"elementor-column elementor-col-100 elementor-top-column elementor-element elementor-element-dfe9560\" data-id=\"dfe9560\" data-element_type=\"column\" data-e-type=\"column\">\n\t\t\t<div class=\"elementor-widget-wrap elementor-element-populated\">\n\t\t\t\t\t\t<section class=\"elementor-section elementor-inner-section elementor-element elementor-element-30bdbfa elementor-section-boxed elementor-section-height-default elementor-section-height-default\" data-id=\"30bdbfa\" data-element_type=\"section\" data-e-type=\"section\">\n\t\t\t\t\t\t<div class=\"elementor-container elementor-column-gap-default\">\n\t\t\t\t\t<div class=\"elementor-column elementor-col-50 elementor-inner-column elementor-element elementor-element-62827f1\" data-id=\"62827f1\" data-element_type=\"column\" data-e-type=\"column\">\n\t\t\t<div class=\"elementor-widget-wrap elementor-element-populated\">\n\t\t\t\t\t\t<div class=\"elementor-element elementor-element-3cee63d elementor-widget elementor-widget-heading\" data-id=\"3cee63d\" data-element_type=\"widget\" data-e-type=\"widget\" data-widget_type=\"heading.default\">\n\t\t\t\t<div class=\"elementor-widget-container\">\n\t\t\t\t\t<h2 class=\"elementor-heading-title elementor-size-default\">Modern factory<\/h2>\t\t\t\t<\/div>\n\t\t\t\t<\/div>\n\t\t\t\t<div class=\"elementor-element elementor-element-3682a46 elementor-widget elementor-widget-text-editor\" data-id=\"3682a46\" data-element_type=\"widget\" data-e-type=\"widget\" data-widget_type=\"text-editor.default\">\n\t\t\t\t<div class=\"elementor-widget-container\">\n\t\t\t\t\t\t\t\t\t<div class=\"col-sm-12 col-md-6\">\n<div id=\"c22\" class=\"frame frame-default frame-type-text frame-layout-default frame-size-default frame-height-default frame-background-none frame-space-before-none frame-space-after-none frame-no-backgroundimage\">\n<div class=\"frame-group-container\">\n<div class=\"frame-group-inner\">\n<div class=\"frame-container frame-container-default\">\n<div class=\"frame-inner\">\n<p>At our modern factory, we have a CNC automatic saw with bundle clamping device, which can saw up to \u00d8 250 mm and mitre cuts of 30 degrees.<\/p>\n<p>Surface grinding and deburring take place in our modern grinding department, where we work according to the finest tolerances.<\/p>\n<p>Surface grinding and deburring take place in our modern grinding department, where we work to the finest tolerances.<\/p>\n<p>Furthermore, we can roll components up to 2500 mm in width and with a material thickness of up to 20 mm depending on the material.<\/p>\n<p>We focus on making ourselves energy friendly and using&nbsp;<a href=\"https:\/\/www.ollerupmaskinfabrik.dk\/en\/about-us\/\">green energy<\/a>.<\/p>\n<p>We can arrange the correct surface treatment according to the customer's wishes and specifications.<\/p><p>We also offer assembly, both directly at the customer with our own vehicle and in-house, including steel assembly, welding assembly and assembly of cladding.<br><\/p>\n<\/div>\n<\/div>\n<\/div>\n<\/div>\n<\/div>\n<\/div>\t\t\t\t\t\t\t\t<\/div>\n\t\t\t\t<\/div>\n\t\t\t\t\t<\/div>\n\t\t<\/div>\n\t\t\t\t<div class=\"elementor-column elementor-col-50 elementor-inner-column elementor-element elementor-element-eafcd77\" data-id=\"eafcd77\" data-element_type=\"column\" data-e-type=\"column\">\n\t\t\t<div class=\"elementor-widget-wrap elementor-element-populated\">\n\t\t\t\t\t\t<div class=\"elementor-element elementor-element-61875e6 elementor-widget elementor-widget-heading\" data-id=\"61875e6\" data-element_type=\"widget\" data-e-type=\"widget\" data-widget_type=\"heading.default\">\n\t\t\t\t<div class=\"elementor-widget-container\">\n\t\t\t\t\t<h2 class=\"elementor-heading-title elementor-size-default\">We gather happy customers!<\/h2>\t\t\t\t<\/div>\n\t\t\t\t<\/div>\n\t\t\t\t<div class=\"elementor-element elementor-element-67ecc3a elementor-widget elementor-widget-text-editor\" data-id=\"67ecc3a\" data-element_type=\"widget\" data-e-type=\"widget\" data-widget_type=\"text-editor.default\">\n\t\t\t\t<div class=\"elementor-widget-container\">\n\t\t\t\t\t\t\t\t\t<p>We work with the goal of having happy and satisfied customers. Therefore, we also hope that you will contact us if your experience does not meet your expectations. We want our customers to leave with a good experience and return with new exciting projects.\u00a0<\/p><p>In addition to our 5 main areas of expertise \u2013 laser cutting, plasma and flame cutting, robot welding, bending and cutting \u2013 we are also happy to handle your sawing, punching, grinding and rolling tasks.\u00a0<\/p><p>We are EN 1090 certified, in accordance with Regulation (EU) No 305\/2011 of the European Parliament and of the Council.<\/p>\t\t\t\t\t\t\t\t<\/div>\n\t\t\t\t<\/div>\n\t\t\t\t\t<\/div>\n\t\t<\/div>\n\t\t\t\t\t<\/div>\n\t\t<\/section>\n\t\t\t\t\t<\/div>\n\t\t<\/div>\n\t\t\t\t\t<\/div>\n\t\t<\/section>\n\t\t\t\t<\/div>","protected":false},"excerpt":{"rendered":"<p>Kompletl\u00f8sninger Hos Ollerup Maskinfabrik A\/S p\u00e5 Sj\u00e6lland er det altid vores m\u00e5l at g\u00f8re det s\u00e5 let som muligt for dig som kunde. N\u00e5r du har afgivet din ordre, st\u00e5r vi gerne for hele processen &#8211; lige fra tegning til fremstilling og montering til evt. levering. Vores dygtige medarbejdere st\u00e5r for b\u00e5de indk\u00f8b af materiale, [&hellip;]<\/p>\n","protected":false},"author":1,"featured_media":3139,"parent":0,"menu_order":0,"comment_status":"closed","ping_status":"closed","template":"","meta":{"iawp_total_views":672,"footnotes":""},"class_list":["post-1722","page","type-page","status-publish","has-post-thumbnail","hentry"],"_links":{"self":[{"href":"https:\/\/www.ollerupmaskinfabrik.dk\/en\/wp-json\/wp\/v2\/pages\/1722","targetHints":{"allow":["GET"]}}],"collection":[{"href":"https:\/\/www.ollerupmaskinfabrik.dk\/en\/wp-json\/wp\/v2\/pages"}],"about":[{"href":"https:\/\/www.ollerupmaskinfabrik.dk\/en\/wp-json\/wp\/v2\/types\/page"}],"author":[{"embeddable":true,"href":"https:\/\/www.ollerupmaskinfabrik.dk\/en\/wp-json\/wp\/v2\/users\/1"}],"replies":[{"embeddable":true,"href":"https:\/\/www.ollerupmaskinfabrik.dk\/en\/wp-json\/wp\/v2\/comments?post=1722"}],"version-history":[{"count":88,"href":"https:\/\/www.ollerupmaskinfabrik.dk\/en\/wp-json\/wp\/v2\/pages\/1722\/revisions"}],"predecessor-version":[{"id":4749,"href":"https:\/\/www.ollerupmaskinfabrik.dk\/en\/wp-json\/wp\/v2\/pages\/1722\/revisions\/4749"}],"wp:featuredmedia":[{"embeddable":true,"href":"https:\/\/www.ollerupmaskinfabrik.dk\/en\/wp-json\/wp\/v2\/media\/3139"}],"wp:attachment":[{"href":"https:\/\/www.ollerupmaskinfabrik.dk\/en\/wp-json\/wp\/v2\/media?parent=1722"}],"curies":[{"name":"wp","href":"https:\/\/api.w.org\/{rel}","templated":true}]}}