{"id":1713,"date":"2023-11-28T08:17:55","date_gmt":"2023-11-28T08:17:55","guid":{"rendered":"https:\/\/ollerupmaskinfabrik.dk.web07.webtohosting.dk\/?page_id=1713"},"modified":"2024-02-09T08:23:54","modified_gmt":"2024-02-09T08:23:54","slug":"privacy-policy","status":"publish","type":"page","link":"https:\/\/www.ollerupmaskinfabrik.dk\/en\/om-os\/privatlivspolitik\/","title":{"rendered":"Privacy Policy"},"content":{"rendered":"<div data-elementor-type=\"wp-page\" data-elementor-id=\"1713\" class=\"elementor elementor-1713\" data-elementor-post-type=\"page\">\n\t\t\t\t\t\t<section class=\"elementor-section elementor-top-section elementor-element elementor-element-bcf8e41 elementor-section-boxed elementor-section-height-default elementor-section-height-default\" data-id=\"bcf8e41\" data-element_type=\"section\" data-e-type=\"section\" data-settings=\"{&quot;background_background&quot;:&quot;classic&quot;}\">\n\t\t\t\t\t\t<div class=\"elementor-container elementor-column-gap-default\">\n\t\t\t\t\t<div class=\"elementor-column elementor-col-100 elementor-top-column elementor-element elementor-element-31cd8d7\" data-id=\"31cd8d7\" data-element_type=\"column\" data-e-type=\"column\">\n\t\t\t<div class=\"elementor-widget-wrap elementor-element-populated\">\n\t\t\t\t\t\t<section class=\"elementor-section elementor-inner-section elementor-element elementor-element-40def19 elementor-section-boxed elementor-section-height-default elementor-section-height-default\" data-id=\"40def19\" data-element_type=\"section\" data-e-type=\"section\">\n\t\t\t\t\t\t<div class=\"elementor-container elementor-column-gap-default\">\n\t\t\t\t\t<div class=\"elementor-column elementor-col-100 elementor-inner-column elementor-element elementor-element-ee653b3\" data-id=\"ee653b3\" data-element_type=\"column\" data-e-type=\"column\">\n\t\t\t<div class=\"elementor-widget-wrap elementor-element-populated\">\n\t\t\t\t\t\t<div class=\"elementor-element elementor-element-04476b5 elementor-widget elementor-widget-heading\" data-id=\"04476b5\" data-element_type=\"widget\" data-e-type=\"widget\" data-widget_type=\"heading.default\">\n\t\t\t\t<div class=\"elementor-widget-container\">\n\t\t\t\t\t<h1 class=\"elementor-heading-title elementor-size-default\">Privacy Policy<\/h1>\t\t\t\t<\/div>\n\t\t\t\t<\/div>\n\t\t\t\t<div class=\"elementor-element elementor-element-6c08df0 elementor-widget elementor-widget-text-editor\" data-id=\"6c08df0\" data-element_type=\"widget\" data-e-type=\"widget\" data-widget_type=\"text-editor.default\">\n\t\t\t\t<div class=\"elementor-widget-container\">\n\t\t\t\t\t\t\t\t\t<p>This privacy policy explains how we process your personal data.<\/p>\t\t\t\t\t\t\t\t<\/div>\n\t\t\t\t<\/div>\n\t\t\t\t<div class=\"elementor-element elementor-element-77150e3 elementor-widget elementor-widget-text-editor\" data-id=\"77150e3\" data-element_type=\"widget\" data-e-type=\"widget\" data-widget_type=\"text-editor.default\">\n\t\t\t\t<div class=\"elementor-widget-container\">\n\t\t\t\t\t\t\t\t\t<p><strong>1 Data Controller<\/strong><\/p><p>The legal entity responsible for the processing of your personal data is:<\/p><p>Ollerup Maskinfabrik A\/S<\/p><p>CVR 33272219<\/p><p>Holb\u00e6kvej 79 4200 Slagelse<\/p><p>Tel. 58 26 60 28<\/p><p><strong>2 Description of treatment<\/strong><\/p><p>Purpose<\/p><p><em>Delivery of our services<\/em><\/p><p>Personal data is used to contact you regarding the order processing that you have requested.<\/p><p><em>Marketing<\/em><\/p><p>Personal data is used for marketing purposes, including tailoring our communication with you regarding specific orders and sending you relevant marketing, such as newsletters.<\/p><p>Categories of customer personal data<\/p><p>We process the following categories of your personal data:<\/p><p>A. Company name<\/p><p>B. Address<\/p><p>C. Company registration number<\/p><p>Contact person<\/p><p>E. E-mail<\/p><p>F. Telephone number<\/p><p>Sources<\/p><p>We collect information from the following sources:<\/p><p><em>For example:<\/em><\/p><p>Directly from you<\/p><p>Treatment basis<\/p><p>We process your personal data as described on the following processing bases.<\/p><p><em>For example:<\/em><\/p><p>Article 6.1.a (consent)<\/p><p>Article 6.1.b (necessary for the purposes of contract 33901275 to which you are a party)<\/p><p>\u00b7 Article 9.2(f) (necessary for legal claims to be established, exercised or defended)<\/p><p>\u00b7 Article 9(2)(g) (necessary for reasons of substantial public interest on the basis of Union law or Member State law)<\/p><p>\u00b7 Article 10 in accordance with Section 8 of the Data Protection Act<\/p><p>Recipients<\/p><p>We may share your personal data with:<\/p><p>\u00b7 Providers of financial and IT services with whom we collaborate to assist our company.<\/p><p>\u00b7 JL Consult by Jesper Nielsen. CVR 17019503.<\/p><p>- PWC by Brian Petersen. CVR 33901275.<\/p><p>Storage<\/p><p>We will store personal data for as long as is necessary for the purposes stated.<\/p><p><em>For example:<\/em><\/p><p>\u00b7 Up to 5 years for all financial documents<\/p><p>\u00b7 Up to 5 years for all order history<\/p><p>\u00b7 Your contact details, for as long as we have contact with you as a customer or supplier.\u00a0<\/p><p><strong>3 Consequences of the treatment Should the above be breached by mistake<\/strong><br \/>A reprimand is issued when it is repeatedly brought up at management level.<\/p><p><strong>4 Mandatory Information<\/strong><\/p><p>The information below is mandatory if you are a customer with us. If you do not provide this information, we will not be able to provide goods or services to you:<\/p><p>\u00b7 Company registration number<\/p><p>Company name<\/p><p>Delivery address<\/p><p>Billing address<\/p><p>\u00b7 Contact person with email and phone number<\/p><p><strong>Your 5 rights<\/strong><\/p><p>You have the following rights:<\/p><p>You have the right to request access to, correction of, or deletion of your personal data.<\/p><p>You also have the right to object to the processing of your personal data and to have the processing of your personal data restricted.<\/p><p>\u00a0<\/p><p>- In particular, you have an unconditional right to object to the processing of your personal data for direct marketing purposes<\/p><p>\u00b7 If the processing of your personal data is based on your consent, you have the right to withdraw your consent at any time. Your withdrawal will not affect the lawfulness of processing carried out before your withdrawal of consent.<\/p><p>You have the right to receive your personal data, which you have provided to us, in a structured, commonly used, and machine-readable format (data portability).<\/p><p>You always have the right to lodge a complaint with a supervisory authority, such as the Danish Data Protection Agency.<\/p><p>You can exercise your rights by: contacting Jens Gr\u00f8nfelt Larsen.<\/p><p>There may be conditions or limitations to these rights. Therefore, you may not, for example, have the right to data portability in the specific case \u2013 this depends on the specific circumstances relating to the processing activities.<\/p>\t\t\t\t\t\t\t\t<\/div>\n\t\t\t\t<\/div>\n\t\t\t\t<div class=\"elementor-element elementor-element-8720613 elementor-widget__width-auto elementor-widget elementor-widget-button\" data-id=\"8720613\" data-element_type=\"widget\" data-e-type=\"widget\" data-widget_type=\"button.default\">\n\t\t\t\t<div class=\"elementor-widget-container\">\n\t\t\t\t\t\t\t\t\t<div class=\"elementor-button-wrapper\">\n\t\t\t\t\t<a class=\"elementor-button elementor-button-link elementor-size-sm\" href=\"https:\/\/www.ollerupmaskinfabrik.dk\/en\/contact\/\">\n\t\t\t\t\t\t<span class=\"elementor-button-content-wrapper\">\n\t\t\t\t\t\t\t\t\t<span class=\"elementor-button-text\">Get in touch<\/span>\n\t\t\t\t\t<\/span>\n\t\t\t\t\t<\/a>\n\t\t\t\t<\/div>\n\t\t\t\t\t\t\t\t<\/div>\n\t\t\t\t<\/div>\n\t\t\t\t\t<\/div>\n\t\t<\/div>\n\t\t\t\t\t<\/div>\n\t\t<\/section>\n\t\t\t\t\t<\/div>\n\t\t<\/div>\n\t\t\t\t\t<\/div>\n\t\t<\/section>\n\t\t\t\t<\/div>","protected":false},"excerpt":{"rendered":"<p>Privatlivspolitik Denne privatlivspolitik forklarer, hvordan vi behandler dine personoplysninger. 1 Dataansvarlig Den juridiske enhed, som er ansvarlig for behandlingen af dine personoplysninger er: Ollerup Maskinfabrik A\/S CVR 33272219 Holb\u00e6kvej 79 4200 Slagelse Tlf. 58 26 60 28 2 Beskrivelse af behandling Form\u00e5l Levering af vores ydelser Personoplysninger anvendes til at kontakte dig med henblik p\u00e5 [&hellip;]<\/p>\n","protected":false},"author":1,"featured_media":3822,"parent":92,"menu_order":0,"comment_status":"closed","ping_status":"closed","template":"","meta":{"iawp_total_views":103,"footnotes":""},"class_list":["post-1713","page","type-page","status-publish","has-post-thumbnail","hentry"],"_links":{"self":[{"href":"https:\/\/www.ollerupmaskinfabrik.dk\/en\/wp-json\/wp\/v2\/pages\/1713","targetHints":{"allow":["GET"]}}],"collection":[{"href":"https:\/\/www.ollerupmaskinfabrik.dk\/en\/wp-json\/wp\/v2\/pages"}],"about":[{"href":"https:\/\/www.ollerupmaskinfabrik.dk\/en\/wp-json\/wp\/v2\/types\/page"}],"author":[{"embeddable":true,"href":"https:\/\/www.ollerupmaskinfabrik.dk\/en\/wp-json\/wp\/v2\/users\/1"}],"replies":[{"embeddable":true,"href":"https:\/\/www.ollerupmaskinfabrik.dk\/en\/wp-json\/wp\/v2\/comments?post=1713"}],"version-history":[{"count":14,"href":"https:\/\/www.ollerupmaskinfabrik.dk\/en\/wp-json\/wp\/v2\/pages\/1713\/revisions"}],"predecessor-version":[{"id":4504,"href":"https:\/\/www.ollerupmaskinfabrik.dk\/en\/wp-json\/wp\/v2\/pages\/1713\/revisions\/4504"}],"up":[{"embeddable":true,"href":"https:\/\/www.ollerupmaskinfabrik.dk\/en\/wp-json\/wp\/v2\/pages\/92"}],"wp:featuredmedia":[{"embeddable":true,"href":"https:\/\/www.ollerupmaskinfabrik.dk\/en\/wp-json\/wp\/v2\/media\/3822"}],"wp:attachment":[{"href":"https:\/\/www.ollerupmaskinfabrik.dk\/en\/wp-json\/wp\/v2\/media?parent=1713"}],"curies":[{"name":"wp","href":"https:\/\/api.w.org\/{rel}","templated":true}]}}