{"id":1612,"date":"2023-11-24T13:41:44","date_gmt":"2023-11-24T13:41:44","guid":{"rendered":"https:\/\/ollerupmaskinfabrik.dk.web07.webtohosting.dk\/?page_id=1612"},"modified":"2026-01-07T12:58:42","modified_gmt":"2026-01-07T12:58:42","slug":"bed-capacity","status":"publish","type":"page","link":"https:\/\/www.ollerupmaskinfabrik.dk\/en\/produktionen\/krankapacitet\/","title":{"rendered":"Crane capacity"},"content":{"rendered":"<div data-elementor-type=\"wp-page\" data-elementor-id=\"1612\" class=\"elementor elementor-1612\" data-elementor-post-type=\"page\">\n\t\t\t\t\t\t<section class=\"elementor-section elementor-top-section elementor-element elementor-element-4d7ac8a3 elementor-section-boxed elementor-section-height-default elementor-section-height-default\" data-id=\"4d7ac8a3\" data-element_type=\"section\" data-e-type=\"section\" data-settings=\"{&quot;background_background&quot;:&quot;classic&quot;}\">\n\t\t\t\t\t\t<div class=\"elementor-container elementor-column-gap-default\">\n\t\t\t\t\t<div class=\"elementor-column elementor-col-100 elementor-top-column elementor-element elementor-element-5757dfb3\" data-id=\"5757dfb3\" data-element_type=\"column\" data-e-type=\"column\">\n\t\t\t<div class=\"elementor-widget-wrap elementor-element-populated\">\n\t\t\t\t\t\t<section class=\"elementor-section elementor-inner-section elementor-element elementor-element-3539f43e elementor-section-boxed elementor-section-height-default elementor-section-height-default\" data-id=\"3539f43e\" data-element_type=\"section\" data-e-type=\"section\">\n\t\t\t\t\t\t<div class=\"elementor-container elementor-column-gap-default\">\n\t\t\t\t\t<div class=\"elementor-column elementor-col-50 elementor-inner-column elementor-element elementor-element-3162538d\" data-id=\"3162538d\" data-element_type=\"column\" data-e-type=\"column\">\n\t\t\t<div class=\"elementor-widget-wrap elementor-element-populated\">\n\t\t\t\t\t\t<div class=\"elementor-element elementor-element-5761e685 elementor-widget elementor-widget-image\" data-id=\"5761e685\" data-element_type=\"widget\" data-e-type=\"widget\" data-widget_type=\"image.default\">\n\t\t\t\t<div class=\"elementor-widget-container\">\n\t\t\t\t\t\t\t\t\t\t\t\t\t\t\t<img fetchpriority=\"high\" decoding=\"async\" width=\"1290\" height=\"716\" src=\"https:\/\/www.ollerupmaskinfabrik.dk\/wp-content\/uploads\/2024\/04\/IMG_0981.jpg\" class=\"attachment-full size-full wp-image-4945\" alt=\"\" srcset=\"https:\/\/www.ollerupmaskinfabrik.dk\/wp-content\/uploads\/2024\/04\/IMG_0981.jpg 1290w, https:\/\/www.ollerupmaskinfabrik.dk\/wp-content\/uploads\/2024\/04\/IMG_0981-300x167.jpg 300w, https:\/\/www.ollerupmaskinfabrik.dk\/wp-content\/uploads\/2024\/04\/IMG_0981-1024x568.jpg 1024w, https:\/\/www.ollerupmaskinfabrik.dk\/wp-content\/uploads\/2024\/04\/IMG_0981-768x426.jpg 768w\" sizes=\"(max-width: 1290px) 100vw, 1290px\" \/>\t\t\t\t\t\t\t\t\t\t\t\t\t\t\t<\/div>\n\t\t\t\t<\/div>\n\t\t\t\t\t<\/div>\n\t\t<\/div>\n\t\t\t\t<div class=\"elementor-column elementor-col-50 elementor-inner-column elementor-element elementor-element-28f27c03\" data-id=\"28f27c03\" data-element_type=\"column\" data-e-type=\"column\">\n\t\t\t<div class=\"elementor-widget-wrap elementor-element-populated\">\n\t\t\t\t\t\t<div class=\"elementor-element elementor-element-53b6c7db elementor-widget elementor-widget-heading\" data-id=\"53b6c7db\" data-element_type=\"widget\" data-e-type=\"widget\" data-widget_type=\"heading.default\">\n\t\t\t\t<div class=\"elementor-widget-container\">\n\t\t\t\t\t<h1 class=\"elementor-heading-title elementor-size-default\">Crane capacity<\/h1>\t\t\t\t<\/div>\n\t\t\t\t<\/div>\n\t\t\t\t<div class=\"elementor-element elementor-element-669dd86e elementor-widget elementor-widget-text-editor\" data-id=\"669dd86e\" data-element_type=\"widget\" data-e-type=\"widget\" data-widget_type=\"text-editor.default\">\n\t\t\t\t<div class=\"elementor-widget-container\">\n\t\t\t\t\t\t\t\t\t<p>With our range of different cranes, we can handle both large and small lifting tasks with high precision and safety. The cranes are used daily in production, especially when working with large and heavy workpieces that require extra lifting power and stability.<\/p><p>The efficient use of crane equipment makes it possible for us to move even the most voluminous metal plates and components in a careful and controlled manner. This way, we avoid unnecessary strain on our employees and ensure a good physical working environment, where heavy lifting is handled mechanically and safely.<\/p>\t\t\t\t\t\t\t\t<\/div>\n\t\t\t\t<\/div>\n\t\t\t\t<div class=\"elementor-element elementor-element-559966ae elementor-widget__width-auto elementor-widget elementor-widget-button\" data-id=\"559966ae\" data-element_type=\"widget\" data-e-type=\"widget\" data-widget_type=\"button.default\">\n\t\t\t\t<div class=\"elementor-widget-container\">\n\t\t\t\t\t\t\t\t\t<div class=\"elementor-button-wrapper\">\n\t\t\t\t\t<a class=\"elementor-button elementor-button-link elementor-size-sm\" href=\"https:\/\/www.ollerupmaskinfabrik.dk\/en\/contact\/\">\n\t\t\t\t\t\t<span class=\"elementor-button-content-wrapper\">\n\t\t\t\t\t\t\t\t\t<span class=\"elementor-button-text\">Get in touch<\/span>\n\t\t\t\t\t<\/span>\n\t\t\t\t\t<\/a>\n\t\t\t\t<\/div>\n\t\t\t\t\t\t\t\t<\/div>\n\t\t\t\t<\/div>\n\t\t\t\t\t<\/div>\n\t\t<\/div>\n\t\t\t\t\t<\/div>\n\t\t<\/section>\n\t\t\t\t\t<\/div>\n\t\t<\/div>\n\t\t\t\t\t<\/div>\n\t\t<\/section>\n\t\t\t\t<section class=\"elementor-section elementor-top-section elementor-element elementor-element-b5ff17a elementor-section-boxed elementor-section-height-default elementor-section-height-default\" data-id=\"b5ff17a\" data-element_type=\"section\" data-e-type=\"section\" data-settings=\"{&quot;background_background&quot;:&quot;classic&quot;}\">\n\t\t\t\t\t\t<div class=\"elementor-container elementor-column-gap-default\">\n\t\t\t\t\t<div class=\"elementor-column elementor-col-100 elementor-top-column elementor-element elementor-element-1e6852ab\" data-id=\"1e6852ab\" data-element_type=\"column\" data-e-type=\"column\">\n\t\t\t<div class=\"elementor-widget-wrap elementor-element-populated\">\n\t\t\t\t\t\t<section class=\"elementor-section elementor-inner-section elementor-element elementor-element-7f4b3ff9 elementor-section-boxed elementor-section-height-default elementor-section-height-default\" data-id=\"7f4b3ff9\" data-element_type=\"section\" data-e-type=\"section\">\n\t\t\t\t\t\t<div class=\"elementor-container elementor-column-gap-default\">\n\t\t\t\t\t<div class=\"elementor-column elementor-col-50 elementor-inner-column elementor-element elementor-element-2bd26c01\" data-id=\"2bd26c01\" data-element_type=\"column\" data-e-type=\"column\">\n\t\t\t<div class=\"elementor-widget-wrap elementor-element-populated\">\n\t\t\t\t\t\t<div class=\"elementor-element elementor-element-6eb8232 elementor-widget elementor-widget-heading\" data-id=\"6eb8232\" data-element_type=\"widget\" data-e-type=\"widget\" data-widget_type=\"heading.default\">\n\t\t\t\t<div class=\"elementor-widget-container\">\n\t\t\t\t\t<h2 class=\"elementor-heading-title elementor-size-default\">Capacity in practice<\/h2>\t\t\t\t<\/div>\n\t\t\t\t<\/div>\n\t\t\t\t<div class=\"elementor-element elementor-element-ad8aa70 elementor-widget elementor-widget-text-editor\" data-id=\"ad8aa70\" data-element_type=\"widget\" data-e-type=\"widget\" data-widget_type=\"text-editor.default\">\n\t\t\t\t<div class=\"elementor-widget-container\">\n\t\t\t\t\t\t\t\t\t<p data-start=\"834\" data-end=\"1342\">Our cranes function as an indispensable support in everyday work and help to ease many of the work processes that would otherwise be both time-consuming and physically demanding. They are used, among other things, for transporting heavy plates, lifting and positioning workpieces during processing, as well as during assembly and movement between different workstations. The stable and precise control ensures that the workpieces are handled without risk of damage, neither to the material nor to the employees.<\/p><p data-start=\"1344\" data-end=\"1660\">We have ensured that a crane is available at every workstation and every machine. In this way, employees can always carry out their tasks efficiently without having to wait for equipment or move workpieces manually over longer distances. This contributes to a smooth workflow and high productivity throughout the entire production.<\/p>\t\t\t\t\t\t\t\t<\/div>\n\t\t\t\t<\/div>\n\t\t\t\t<div class=\"elementor-element elementor-element-a743042 elementor-widget elementor-widget-heading\" data-id=\"a743042\" data-element_type=\"widget\" data-e-type=\"widget\" data-widget_type=\"heading.default\">\n\t\t\t\t<div class=\"elementor-widget-container\">\n\t\t\t\t\t<h3 class=\"elementor-heading-title elementor-size-default\">Maximum capacity<\/h3>\t\t\t\t<\/div>\n\t\t\t\t<\/div>\n\t\t\t\t<div class=\"elementor-element elementor-element-f5307f4 elementor-widget elementor-widget-text-editor\" data-id=\"f5307f4\" data-element_type=\"widget\" data-e-type=\"widget\" data-widget_type=\"text-editor.default\">\n\t\t\t\t<div class=\"elementor-widget-container\">\n\t\t\t\t\t\t\t\t\t<p data-start=\"1344\" data-end=\"1660\">Our maximum crane capacity is as much as 12.6 tons, which means that we can handle particularly large and heavy workpieces without problems. The cranes are designed to deliver both lifting capacity and safety at a high level, and they undergo continuous maintenance and safety checks, ensuring that we can always provide stable and reliable handling of materials.<\/p>\t\t\t\t\t\t\t\t<\/div>\n\t\t\t\t<\/div>\n\t\t\t\t\t<\/div>\n\t\t<\/div>\n\t\t\t\t<div class=\"elementor-column elementor-col-50 elementor-inner-column elementor-element elementor-element-5122140a\" data-id=\"5122140a\" data-element_type=\"column\" data-e-type=\"column\">\n\t\t\t<div class=\"elementor-widget-wrap elementor-element-populated\">\n\t\t\t\t\t\t<div class=\"elementor-element elementor-element-1a257fc elementor-widget__width-initial elementor-widget elementor-widget-video\" data-id=\"1a257fc\" data-element_type=\"widget\" data-e-type=\"widget\" data-settings=\"{&quot;youtube_url&quot;:&quot;https:\\\/\\\/www.youtube.com\\\/watch?v=nAAV-xo-FE4&quot;,&quot;show_image_overlay&quot;:&quot;yes&quot;,&quot;image_overlay&quot;:{&quot;url&quot;:&quot;https:\\\/\\\/www.ollerupmaskinfabrik.dk\\\/wp-content\\\/uploads\\\/2025\\\/11\\\/Skaermbillede-2025-11-10-kl.-23.04.48-scaled.png&quot;,&quot;id&quot;:5585,&quot;size&quot;:&quot;&quot;,&quot;alt&quot;:&quot;&quot;,&quot;source&quot;:&quot;library&quot;},&quot;video_type&quot;:&quot;youtube&quot;,&quot;controls&quot;:&quot;yes&quot;}\" data-widget_type=\"video.default\">\n\t\t\t\t<div class=\"elementor-widget-container\">\n\t\t\t\t\t\t\t<div class=\"elementor-wrapper elementor-open-inline\">\n\t\t\t<div class=\"elementor-video\"><\/div>\t\t\t\t<div class=\"elementor-custom-embed-image-overlay\" style=\"background-image: url(https:\/\/www.ollerupmaskinfabrik.dk\/wp-content\/uploads\/2025\/11\/Skaermbillede-2025-11-10-kl.-23.04.48-scaled.png);\">\n\t\t\t\t\t\t\t\t\t\t\t\t\t\t\t\t<div class=\"elementor-custom-embed-play\" role=\"button\" aria-label=\"Play video\" tabindex=\"0\">\n\t\t\t\t\t\t\t<i aria-hidden=\"true\" class=\"eicon-play\"><\/i>\t\t\t\t\t\t<\/div>\n\t\t\t\t\t\t\t\t\t<\/div>\n\t\t\t\t\t<\/div>\n\t\t\t\t\t\t<\/div>\n\t\t\t\t<\/div>\n\t\t\t\t<div class=\"elementor-element elementor-element-6b0fe2a2 elementor-widget elementor-widget-text-editor\" data-id=\"6b0fe2a2\" data-element_type=\"widget\" data-e-type=\"widget\" data-widget_type=\"text-editor.default\">\n\t\t\t\t<div class=\"elementor-widget-container\">\n\t\t\t\t\t\t\t\t\t<p><strong>Get in touch with us today<\/strong><\/p><p>Get in touch <a href=\"https:\/\/www.ollerupmaskinfabrik.dk\/en\/contact\/\">here<\/a> or call us for a good offer.<\/p>\t\t\t\t\t\t\t\t<\/div>\n\t\t\t\t<\/div>\n\t\t\t\t<div class=\"elementor-element elementor-element-ceae987 elementor-widget__width-auto elementor-widget elementor-widget-button\" data-id=\"ceae987\" data-element_type=\"widget\" data-e-type=\"widget\" data-widget_type=\"button.default\">\n\t\t\t\t<div class=\"elementor-widget-container\">\n\t\t\t\t\t\t\t\t\t<div class=\"elementor-button-wrapper\">\n\t\t\t\t\t<a class=\"elementor-button elementor-button-link elementor-size-sm\" href=\"https:\/\/www.ollerupmaskinfabrik.dk\/en\/contact\/\">\n\t\t\t\t\t\t<span class=\"elementor-button-content-wrapper\">\n\t\t\t\t\t\t\t\t\t<span class=\"elementor-button-text\">Get in touch<\/span>\n\t\t\t\t\t<\/span>\n\t\t\t\t\t<\/a>\n\t\t\t\t<\/div>\n\t\t\t\t\t\t\t\t<\/div>\n\t\t\t\t<\/div>\n\t\t\t\t\t<\/div>\n\t\t<\/div>\n\t\t\t\t\t<\/div>\n\t\t<\/section>\n\t\t\t\t<div class=\"elementor-element elementor-element-3b0e33b elementor-widget elementor-widget-spacer\" data-id=\"3b0e33b\" data-element_type=\"widget\" data-e-type=\"widget\" data-widget_type=\"spacer.default\">\n\t\t\t\t<div class=\"elementor-widget-container\">\n\t\t\t\t\t\t\t<div class=\"elementor-spacer\">\n\t\t\t<div class=\"elementor-spacer-inner\"><\/div>\n\t\t<\/div>\n\t\t\t\t\t\t<\/div>\n\t\t\t\t<\/div>\n\t\t\t\t\t<\/div>\n\t\t<\/div>\n\t\t\t\t\t<\/div>\n\t\t<\/section>\n\t\t\t\t<section class=\"elementor-section elementor-top-section elementor-element elementor-element-ee01a89 elementor-section-boxed elementor-section-height-default elementor-section-height-default\" data-id=\"ee01a89\" data-element_type=\"section\" data-e-type=\"section\">\n\t\t\t\t\t\t<div class=\"elementor-container elementor-column-gap-default\">\n\t\t\t\t\t<div class=\"elementor-column elementor-col-100 elementor-top-column elementor-element elementor-element-26d29cf\" data-id=\"26d29cf\" data-element_type=\"column\" data-e-type=\"column\">\n\t\t\t<div class=\"elementor-widget-wrap elementor-element-populated\">\n\t\t\t\t\t\t<div class=\"elementor-element elementor-element-d0befd7 elementor-arrows-position-inside elementor-pagination-position-outside elementor-widget elementor-widget-image-carousel\" data-id=\"d0befd7\" data-element_type=\"widget\" data-e-type=\"widget\" data-settings=\"{&quot;slides_to_show&quot;:&quot;4&quot;,&quot;slides_to_scroll&quot;:&quot;1&quot;,&quot;navigation&quot;:&quot;both&quot;,&quot;autoplay&quot;:&quot;yes&quot;,&quot;pause_on_hover&quot;:&quot;yes&quot;,&quot;pause_on_interaction&quot;:&quot;yes&quot;,&quot;autoplay_speed&quot;:5000,&quot;infinite&quot;:&quot;yes&quot;,&quot;speed&quot;:500,&quot;image_spacing_custom&quot;:{&quot;unit&quot;:&quot;px&quot;,&quot;size&quot;:20,&quot;sizes&quot;:[]},&quot;image_spacing_custom_widescreen&quot;:{&quot;unit&quot;:&quot;px&quot;,&quot;size&quot;:&quot;&quot;,&quot;sizes&quot;:[]},&quot;image_spacing_custom_tablet&quot;:{&quot;unit&quot;:&quot;px&quot;,&quot;size&quot;:&quot;&quot;,&quot;sizes&quot;:[]},&quot;image_spacing_custom_mobile&quot;:{&quot;unit&quot;:&quot;px&quot;,&quot;size&quot;:&quot;&quot;,&quot;sizes&quot;:[]}}\" data-widget_type=\"image-carousel.default\">\n\t\t\t\t<div class=\"elementor-widget-container\">\n\t\t\t\t\t\t\t<div class=\"elementor-image-carousel-wrapper swiper\" role=\"region\" aria-roledescription=\"carousel\" aria-label=\"Image carousel\" dir=\"ltr\">\n\t\t\t<div class=\"elementor-image-carousel swiper-wrapper\" aria-live=\"off\">\n\t\t\t\t\t\t\t\t<div class=\"swiper-slide\" role=\"group\" aria-roledescription=\"slide\" aria-label=\"1 of 10\"><a data-elementor-open-lightbox=\"yes\" data-elementor-lightbox-slideshow=\"d0befd7\" data-elementor-lightbox-title=\"IMG_0966\" data-e-action-hash=\"#elementor-action%3Aaction%3Dlightbox%26settings%3DeyJpZCI6NDk0NCwidXJsIjoiaHR0cHM6XC9cL3d3dy5vbGxlcnVwbWFza2luZmFicmlrLmRrXC93cC1jb250ZW50XC91cGxvYWRzXC8yMDI0XC8wNFwvSU1HXzA5NjYtc2NhbGVkLmpwZyIsInNsaWRlc2hvdyI6ImQwYmVmZDcifQ%3D%3D\" href=\"https:\/\/www.ollerupmaskinfabrik.dk\/wp-content\/uploads\/2024\/04\/IMG_0966-scaled.jpg\"><figure class=\"swiper-slide-inner\"><img decoding=\"async\" class=\"swiper-slide-image\" src=\"https:\/\/www.ollerupmaskinfabrik.dk\/wp-content\/uploads\/elementor\/thumbs\/IMG_0966-scaled-qm901kgqji6slrr0xaakbznq6zi36k0lzy1um49m00.jpg\" alt=\"IMG_0966\" \/><\/figure><\/a><\/div><div class=\"swiper-slide\" role=\"group\" aria-roledescription=\"slide\" aria-label=\"2 of 10\"><a data-elementor-open-lightbox=\"yes\" data-elementor-lightbox-slideshow=\"d0befd7\" data-elementor-lightbox-title=\"IMG_0981\" data-e-action-hash=\"#elementor-action%3Aaction%3Dlightbox%26settings%3DeyJpZCI6NDk0NSwidXJsIjoiaHR0cHM6XC9cL3d3dy5vbGxlcnVwbWFza2luZmFicmlrLmRrXC93cC1jb250ZW50XC91cGxvYWRzXC8yMDI0XC8wNFwvSU1HXzA5ODEuanBnIiwic2xpZGVzaG93IjoiZDBiZWZkNyJ9\" href=\"https:\/\/www.ollerupmaskinfabrik.dk\/wp-content\/uploads\/2024\/04\/IMG_0981.jpg\"><figure class=\"swiper-slide-inner\"><img decoding=\"async\" class=\"swiper-slide-image\" src=\"https:\/\/www.ollerupmaskinfabrik.dk\/wp-content\/uploads\/elementor\/thumbs\/IMG_0981-qm901sxa90idi9eqjvy7gfivjgce3ty713x7xlx2g0.jpg\" alt=\"IMG_0981\" \/><\/figure><\/a><\/div><div class=\"swiper-slide\" role=\"group\" aria-roledescription=\"slide\" aria-label=\"3 out of 10\"><a data-elementor-open-lightbox=\"yes\" data-elementor-lightbox-slideshow=\"d0befd7\" data-elementor-lightbox-title=\"DSC09481\" data-e-action-hash=\"#elementor-action%3Aaction%3Dlightbox%26settings%3DeyJpZCI6NDc2NiwidXJsIjoiaHR0cHM6XC9cL3d3dy5vbGxlcnVwbWFza2luZmFicmlrLmRrXC93cC1jb250ZW50XC91cGxvYWRzXC8yMDI0XC8wMlwvRFNDMDk0ODEtc2NhbGVkLmpwZyIsInNsaWRlc2hvdyI6ImQwYmVmZDcifQ%3D%3D\" href=\"https:\/\/www.ollerupmaskinfabrik.dk\/wp-content\/uploads\/2024\/02\/DSC09481-scaled.jpg\"><figure class=\"swiper-slide-inner\"><img decoding=\"async\" class=\"swiper-slide-image\" src=\"https:\/\/www.ollerupmaskinfabrik.dk\/wp-content\/uploads\/elementor\/thumbs\/DSC09481-scaled-qkdd54z2zh56hnltwt7xva9v08w1h52c0wbohrbvkw.jpg\" alt=\"DSC09481\" \/><\/figure><\/a><\/div><div class=\"swiper-slide\" role=\"group\" aria-roledescription=\"slide\" aria-label=\"4 out of 10\"><a data-elementor-open-lightbox=\"yes\" data-elementor-lightbox-slideshow=\"d0befd7\" data-elementor-lightbox-title=\"DSC09483\" data-e-action-hash=\"#elementor-action%3Aaction%3Dlightbox%26settings%3DeyJpZCI6NDc2NywidXJsIjoiaHR0cHM6XC9cL3d3dy5vbGxlcnVwbWFza2luZmFicmlrLmRrXC93cC1jb250ZW50XC91cGxvYWRzXC8yMDI0XC8wMlwvRFNDMDk0ODMtc2NhbGVkLmpwZyIsInNsaWRlc2hvdyI6ImQwYmVmZDcifQ%3D%3D\" href=\"https:\/\/www.ollerupmaskinfabrik.dk\/wp-content\/uploads\/2024\/02\/DSC09483-scaled.jpg\"><figure class=\"swiper-slide-inner\"><img decoding=\"async\" class=\"swiper-slide-image\" src=\"https:\/\/www.ollerupmaskinfabrik.dk\/wp-content\/uploads\/elementor\/thumbs\/DSC09483-scaled-qkdd5chsi5fh2jawowgyf8djrbuz6pw6pxjkbz0q74.jpg\" alt=\"DSC09483\" \/><\/figure><\/a><\/div><div class=\"swiper-slide\" role=\"group\" aria-roledescription=\"slide\" aria-label=\"5 out of 10\"><a data-elementor-open-lightbox=\"yes\" data-elementor-lightbox-slideshow=\"d0befd7\" data-elementor-lightbox-title=\"DSC09486\" data-e-action-hash=\"#elementor-action%3Aaction%3Dlightbox%26settings%3DeyJpZCI6NDc2OCwidXJsIjoiaHR0cHM6XC9cL3d3dy5vbGxlcnVwbWFza2luZmFicmlrLmRrXC93cC1jb250ZW50XC91cGxvYWRzXC8yMDI0XC8wMlwvRFNDMDk0ODYtc2NhbGVkLmpwZyIsInNsaWRlc2hvdyI6ImQwYmVmZDcifQ%3D%3D\" href=\"https:\/\/www.ollerupmaskinfabrik.dk\/wp-content\/uploads\/2024\/02\/DSC09486-scaled.jpg\"><figure class=\"swiper-slide-inner\"><img decoding=\"async\" class=\"swiper-slide-image\" src=\"https:\/\/www.ollerupmaskinfabrik.dk\/wp-content\/uploads\/elementor\/thumbs\/DSC09486-scaled-qkdd5kyc7nr1z0ymbi4ljo8p3spa3ztrr3exngo6n4.jpg\" alt=\"DSC09486\" \/><\/figure><\/a><\/div><div class=\"swiper-slide\" role=\"group\" aria-roledescription=\"slide\" aria-label=\"6 of 10\"><a data-elementor-open-lightbox=\"yes\" data-elementor-lightbox-slideshow=\"d0befd7\" data-elementor-lightbox-title=\"DSC09492\" data-e-action-hash=\"#elementor-action%3Aaction%3Dlightbox%26settings%3DeyJpZCI6NDc2OSwidXJsIjoiaHR0cHM6XC9cL3d3dy5vbGxlcnVwbWFza2luZmFicmlrLmRrXC93cC1jb250ZW50XC91cGxvYWRzXC8yMDI0XC8wMlwvRFNDMDk0OTItc2NhbGVkLmpwZyIsInNsaWRlc2hvdyI6ImQwYmVmZDcifQ%3D%3D\" href=\"https:\/\/www.ollerupmaskinfabrik.dk\/wp-content\/uploads\/2024\/02\/DSC09492-scaled.jpg\"><figure class=\"swiper-slide-inner\"><img decoding=\"async\" class=\"swiper-slide-image\" src=\"https:\/\/www.ollerupmaskinfabrik.dk\/wp-content\/uploads\/elementor\/thumbs\/DSC09492-scaled-qkdd5vakau57iqjln4lht3mrn1abgnytgil9xi8uqo.jpg\" alt=\"DSC09492\" \/><\/figure><\/a><\/div><div class=\"swiper-slide\" role=\"group\" aria-roledescription=\"slide\" aria-label=\"7 out of 10\"><a data-elementor-open-lightbox=\"yes\" data-elementor-lightbox-slideshow=\"d0befd7\" data-elementor-lightbox-title=\"DSC09496\" data-e-action-hash=\"#elementor-action%3Aaction%3Dlightbox%26settings%3DeyJpZCI6NDc3MCwidXJsIjoiaHR0cHM6XC9cL3d3dy5vbGxlcnVwbWFza2luZmFicmlrLmRrXC93cC1jb250ZW50XC91cGxvYWRzXC8yMDI0XC8wMlwvRFNDMDk0OTYtc2NhbGVkLmpwZyIsInNsaWRlc2hvdyI6ImQwYmVmZDcifQ%3D%3D\" href=\"https:\/\/www.ollerupmaskinfabrik.dk\/wp-content\/uploads\/2024\/02\/DSC09496-scaled.jpg\"><figure class=\"swiper-slide-inner\"><img decoding=\"async\" class=\"swiper-slide-image\" src=\"https:\/\/www.ollerupmaskinfabrik.dk\/wp-content\/uploads\/elementor\/thumbs\/DSC09496-scaled-qkdd64oy76i2qu5y48nri19dkvzzln04tt44q9ux0g.jpg\" alt=\"DSC09496\" \/><\/figure><\/a><\/div><div class=\"swiper-slide\" role=\"group\" aria-roledescription=\"slide\" aria-label=\"8 out of 10\"><a data-elementor-open-lightbox=\"yes\" data-elementor-lightbox-slideshow=\"d0befd7\" data-elementor-lightbox-title=\"DSC09497\" data-e-action-hash=\"#elementor-action%3Aaction%3Dlightbox%26settings%3DeyJpZCI6NDc3MSwidXJsIjoiaHR0cHM6XC9cL3d3dy5vbGxlcnVwbWFza2luZmFicmlrLmRrXC93cC1jb250ZW50XC91cGxvYWRzXC8yMDI0XC8wMlwvRFNDMDk0OTctc2NhbGVkLmpwZyIsInNsaWRlc2hvdyI6ImQwYmVmZDcifQ%3D%3D\" href=\"https:\/\/www.ollerupmaskinfabrik.dk\/wp-content\/uploads\/2024\/02\/DSC09497-scaled.jpg\"><figure class=\"swiper-slide-inner\"><img decoding=\"async\" class=\"swiper-slide-image\" src=\"https:\/\/www.ollerupmaskinfabrik.dk\/wp-content\/uploads\/elementor\/thumbs\/DSC09497-scaled-qkdd6f16acw8ajqxfv4nrgng44l0yb56j8ah0bfl40.jpg\" alt=\"DSC09497\" \/><\/figure><\/a><\/div><div class=\"swiper-slide\" role=\"group\" aria-roledescription=\"slide\" aria-label=\"9 out of 10\"><a data-elementor-open-lightbox=\"yes\" data-elementor-lightbox-slideshow=\"d0befd7\" data-elementor-lightbox-title=\"DSC09499\" data-e-action-hash=\"#elementor-action%3Aaction%3Dlightbox%26settings%3DeyJpZCI6NDc3MiwidXJsIjoiaHR0cHM6XC9cL3d3dy5vbGxlcnVwbWFza2luZmFicmlrLmRrXC93cC1jb250ZW50XC91cGxvYWRzXC8yMDI0XC8wMlwvRFNDMDk0OTktc2NhbGVkLmpwZyIsInNsaWRlc2hvdyI6ImQwYmVmZDcifQ%3D%3D\" href=\"https:\/\/www.ollerupmaskinfabrik.dk\/wp-content\/uploads\/2024\/02\/DSC09499-scaled.jpg\"><figure class=\"swiper-slide-inner\"><img decoding=\"async\" class=\"swiper-slide-image\" src=\"https:\/\/www.ollerupmaskinfabrik.dk\/wp-content\/uploads\/elementor\/thumbs\/DSC09499-scaled-qkddlpulj9u9a1iu3h81clnk7x648xvvyyl08gqvts.jpg\" alt=\"DSC09499\" \/><\/figure><\/a><\/div><div class=\"swiper-slide\" role=\"group\" aria-roledescription=\"slide\" aria-label=\"10 out of 10\"><a data-elementor-open-lightbox=\"yes\" data-elementor-lightbox-slideshow=\"d0befd7\" data-elementor-lightbox-title=\"DSC09502\" data-e-action-hash=\"#elementor-action%3Aaction%3Dlightbox%26settings%3DeyJpZCI6NDc3MywidXJsIjoiaHR0cHM6XC9cL3d3dy5vbGxlcnVwbWFza2luZmFicmlrLmRrXC93cC1jb250ZW50XC91cGxvYWRzXC8yMDI0XC8wMlwvRFNDMDk1MDItc2NhbGVkLmpwZyIsInNsaWRlc2hvdyI6ImQwYmVmZDcifQ%3D%3D\" href=\"https:\/\/www.ollerupmaskinfabrik.dk\/wp-content\/uploads\/2024\/02\/DSC09502-scaled.jpg\"><figure class=\"swiper-slide-inner\"><img decoding=\"async\" class=\"swiper-slide-image\" src=\"https:\/\/www.ollerupmaskinfabrik.dk\/wp-content\/uploads\/elementor\/thumbs\/DSC09502-scaled-qkddlyb58s5u6j6jq2voh1ipke0f67th04gdjyec9s.jpg\" alt=\"DSC09502\" \/><\/figure><\/a><\/div>\t\t\t<\/div>\n\t\t\t\t\t\t\t\t\t\t\t\t<div class=\"elementor-swiper-button elementor-swiper-button-prev\" role=\"button\" tabindex=\"0\">\n\t\t\t\t\t\t<i aria-hidden=\"true\" class=\"eicon-chevron-left\"><\/i>\t\t\t\t\t<\/div>\n\t\t\t\t\t<div class=\"elementor-swiper-button elementor-swiper-button-next\" role=\"button\" tabindex=\"0\">\n\t\t\t\t\t\t<i aria-hidden=\"true\" class=\"eicon-chevron-right\"><\/i>\t\t\t\t\t<\/div>\n\t\t\t\t\n\t\t\t\t\t\t\t\t\t<div class=\"swiper-pagination\"><\/div>\n\t\t\t\t\t\t\t\t\t<\/div>\n\t\t\t\t\t\t<\/div>\n\t\t\t\t<\/div>\n\t\t\t\t\t<\/div>\n\t\t<\/div>\n\t\t\t\t\t<\/div>\n\t\t<\/section>\n\t\t\t\t<\/div>","protected":false},"excerpt":{"rendered":"<p>Krankapacitet Med vores udvalg af forskellige kraner kan vi l\u00f8se b\u00e5de store og sm\u00e5 l\u00f8fteopgaver med h\u00f8j pr\u00e6cision og sikkerhed. Kranerne bruges dagligt i produktionen, s\u00e6rligt n\u00e5r der arbejdes med store og tunge emner, som kr\u00e6ver ekstra l\u00f8ftekraft og stabilitet. Den effektive brug af kranutstyr g\u00f8r det muligt for os at flytte selv de mest [&hellip;]<\/p>\n","protected":false},"author":1,"featured_media":2743,"parent":1722,"menu_order":0,"comment_status":"closed","ping_status":"closed","template":"","meta":{"iawp_total_views":108,"footnotes":""},"class_list":["post-1612","page","type-page","status-publish","has-post-thumbnail","hentry"],"_links":{"self":[{"href":"https:\/\/www.ollerupmaskinfabrik.dk\/en\/wp-json\/wp\/v2\/pages\/1612","targetHints":{"allow":["GET"]}}],"collection":[{"href":"https:\/\/www.ollerupmaskinfabrik.dk\/en\/wp-json\/wp\/v2\/pages"}],"about":[{"href":"https:\/\/www.ollerupmaskinfabrik.dk\/en\/wp-json\/wp\/v2\/types\/page"}],"author":[{"embeddable":true,"href":"https:\/\/www.ollerupmaskinfabrik.dk\/en\/wp-json\/wp\/v2\/users\/1"}],"replies":[{"embeddable":true,"href":"https:\/\/www.ollerupmaskinfabrik.dk\/en\/wp-json\/wp\/v2\/comments?post=1612"}],"version-history":[{"count":119,"href":"https:\/\/www.ollerupmaskinfabrik.dk\/en\/wp-json\/wp\/v2\/pages\/1612\/revisions"}],"predecessor-version":[{"id":5657,"href":"https:\/\/www.ollerupmaskinfabrik.dk\/en\/wp-json\/wp\/v2\/pages\/1612\/revisions\/5657"}],"up":[{"embeddable":true,"href":"https:\/\/www.ollerupmaskinfabrik.dk\/en\/wp-json\/wp\/v2\/pages\/1722"}],"wp:featuredmedia":[{"embeddable":true,"href":"https:\/\/www.ollerupmaskinfabrik.dk\/en\/wp-json\/wp\/v2\/media\/2743"}],"wp:attachment":[{"href":"https:\/\/www.ollerupmaskinfabrik.dk\/en\/wp-json\/wp\/v2\/media?parent=1612"}],"curies":[{"name":"wp","href":"https:\/\/api.w.org\/{rel}","templated":true}]}}