{"id":1587,"date":"2023-11-24T13:29:47","date_gmt":"2023-11-24T13:29:47","guid":{"rendered":"https:\/\/ollerupmaskinfabrik.dk.web07.webtohosting.dk\/?page_id=1587"},"modified":"2025-10-29T07:11:17","modified_gmt":"2025-10-29T07:11:17","slug":"haircut","status":"publish","type":"page","link":"https:\/\/www.ollerupmaskinfabrik.dk\/en\/kompetencer\/klipning\/","title":{"rendered":"Cutting"},"content":{"rendered":"\t\t<div data-elementor-type=\"wp-page\" data-elementor-id=\"1587\" class=\"elementor elementor-1587\" data-elementor-post-type=\"page\">\n\t\t\t\t\t\t<section class=\"elementor-section elementor-top-section elementor-element elementor-element-5cd49591 elementor-section-boxed elementor-section-height-default elementor-section-height-default\" data-id=\"5cd49591\" data-element_type=\"section\" data-e-type=\"section\" data-settings=\"{&quot;background_background&quot;:&quot;classic&quot;}\">\n\t\t\t\t\t\t<div class=\"elementor-container elementor-column-gap-default\">\n\t\t\t\t\t<div class=\"elementor-column elementor-col-100 elementor-top-column elementor-element elementor-element-1f6cca6c\" data-id=\"1f6cca6c\" data-element_type=\"column\" data-e-type=\"column\">\n\t\t\t<div class=\"elementor-widget-wrap elementor-element-populated\">\n\t\t\t\t\t\t<section class=\"elementor-section elementor-inner-section elementor-element elementor-element-338d4a74 elementor-section-boxed elementor-section-height-default elementor-section-height-default\" data-id=\"338d4a74\" data-element_type=\"section\" data-e-type=\"section\">\n\t\t\t\t\t\t<div class=\"elementor-container elementor-column-gap-default\">\n\t\t\t\t\t<div class=\"elementor-column elementor-col-50 elementor-inner-column elementor-element elementor-element-6e3f10a\" data-id=\"6e3f10a\" data-element_type=\"column\" data-e-type=\"column\">\n\t\t\t<div class=\"elementor-widget-wrap elementor-element-populated\">\n\t\t\t\t\t\t<div class=\"elementor-element elementor-element-4b6ce956 elementor-widget elementor-widget-image\" data-id=\"4b6ce956\" data-element_type=\"widget\" data-e-type=\"widget\" data-widget_type=\"image.default\">\n\t\t\t\t<div class=\"elementor-widget-container\">\n\t\t\t\t\t\t\t\t\t\t\t\t\t\t\t<img fetchpriority=\"high\" decoding=\"async\" width=\"2048\" height=\"1365\" src=\"https:\/\/www.ollerupmaskinfabrik.dk\/wp-content\/uploads\/2025\/10\/A7404829-1.jpg\" class=\"attachment-full size-full wp-image-5538\" alt=\"Pladeklipper g\u00f8res klar til at klippe metalplade for kunde af autoriseret teknikker med beskyttelseshandsker\" srcset=\"https:\/\/www.ollerupmaskinfabrik.dk\/wp-content\/uploads\/2025\/10\/A7404829-1.jpg 2048w, https:\/\/www.ollerupmaskinfabrik.dk\/wp-content\/uploads\/2025\/10\/A7404829-1-300x200.jpg 300w, https:\/\/www.ollerupmaskinfabrik.dk\/wp-content\/uploads\/2025\/10\/A7404829-1-1024x683.jpg 1024w, https:\/\/www.ollerupmaskinfabrik.dk\/wp-content\/uploads\/2025\/10\/A7404829-1-768x512.jpg 768w, https:\/\/www.ollerupmaskinfabrik.dk\/wp-content\/uploads\/2025\/10\/A7404829-1-1536x1024.jpg 1536w\" sizes=\"(max-width: 2048px) 100vw, 2048px\" \/>\t\t\t\t\t\t\t\t\t\t\t\t\t\t\t<\/div>\n\t\t\t\t<\/div>\n\t\t\t\t\t<\/div>\n\t\t<\/div>\n\t\t\t\t<div class=\"elementor-column elementor-col-50 elementor-inner-column elementor-element elementor-element-21973197\" data-id=\"21973197\" data-element_type=\"column\" data-e-type=\"column\">\n\t\t\t<div class=\"elementor-widget-wrap elementor-element-populated\">\n\t\t\t\t\t\t<div class=\"elementor-element elementor-element-251a053a elementor-widget elementor-widget-heading\" data-id=\"251a053a\" data-element_type=\"widget\" data-e-type=\"widget\" data-widget_type=\"heading.default\">\n\t\t\t\t<div class=\"elementor-widget-container\">\n\t\t\t\t\t<h1 class=\"elementor-heading-title elementor-size-default\">Pr\u00e6cis og effektiv klipning af metalplader i st\u00e5l<\/h1>\t\t\t\t<\/div>\n\t\t\t\t<\/div>\n\t\t\t\t<div class=\"elementor-element elementor-element-355f6e42 elementor-widget elementor-widget-text-editor\" data-id=\"355f6e42\" data-element_type=\"widget\" data-e-type=\"widget\" data-widget_type=\"text-editor.default\">\n\t\t\t\t<div class=\"elementor-widget-container\">\n\t\t\t\t\t\t\t\t\t<p class=\"\" data-start=\"265\" data-end=\"483\">Vores avancerede udstyr og erfarne team sikrer pr\u00e6cise resultater, der opfylder dine specifikke behov.<\/p><h3 class=\"\" data-start=\"485\" data-end=\"528\">Avanceret udstyr til pr\u00e6cisionsklipning<\/h3><p class=\"\" data-start=\"530\" data-end=\"652\">Vi benytter en Fasti CHE 40\/10 pladesaks, der muligg\u00f8r klipning af plader op til 4000 mm i l\u00e6ngden. Maskinen kan h\u00e5ndtere:<\/p><ul data-start=\"654\" data-end=\"732\"><li class=\"\" data-start=\"654\" data-end=\"691\"><p class=\"\" data-start=\"656\" data-end=\"691\">Rustfrit st\u00e5l op til 10 mm tykkelse<\/p><\/li><li class=\"\" data-start=\"692\" data-end=\"732\"><p class=\"\" data-start=\"694\" data-end=\"732\">Almindeligt st\u00e5l op til 12 mm tykkelse<\/p><\/li><\/ul><p class=\"\" data-start=\"734\" data-end=\"835\"><strong>Denne kapacitet g\u00f8r os i stand til at levere skr\u00e6ddersyede l\u00f8sninger til en bred vifte af industrier.<\/strong><\/p>\t\t\t\t\t\t\t\t<\/div>\n\t\t\t\t<\/div>\n\t\t\t\t<div class=\"elementor-element elementor-element-7a24d8dd elementor-widget__width-auto elementor-widget elementor-widget-button\" data-id=\"7a24d8dd\" data-element_type=\"widget\" data-e-type=\"widget\" data-widget_type=\"button.default\">\n\t\t\t\t<div class=\"elementor-widget-container\">\n\t\t\t\t\t\t\t\t\t<div class=\"elementor-button-wrapper\">\n\t\t\t\t\t<a class=\"elementor-button elementor-button-link elementor-size-sm\" href=\"https:\/\/www.ollerupmaskinfabrik.dk\/kontakt\/\">\n\t\t\t\t\t\t<span class=\"elementor-button-content-wrapper\">\n\t\t\t\t\t\t\t\t\t<span class=\"elementor-button-text\">Kontakt os<\/span>\n\t\t\t\t\t<\/span>\n\t\t\t\t\t<\/a>\n\t\t\t\t<\/div>\n\t\t\t\t\t\t\t\t<\/div>\n\t\t\t\t<\/div>\n\t\t\t\t\t<\/div>\n\t\t<\/div>\n\t\t\t\t\t<\/div>\n\t\t<\/section>\n\t\t\t\t\t<\/div>\n\t\t<\/div>\n\t\t\t\t\t<\/div>\n\t\t<\/section>\n\t\t\t\t<section class=\"elementor-section elementor-top-section elementor-element elementor-element-69677fa9 elementor-section-boxed elementor-section-height-default elementor-section-height-default\" data-id=\"69677fa9\" data-element_type=\"section\" data-e-type=\"section\" data-settings=\"{&quot;background_background&quot;:&quot;classic&quot;}\">\n\t\t\t\t\t\t<div class=\"elementor-container elementor-column-gap-default\">\n\t\t\t\t\t<div class=\"elementor-column elementor-col-100 elementor-top-column elementor-element elementor-element-2f446ec2\" data-id=\"2f446ec2\" data-element_type=\"column\" data-e-type=\"column\">\n\t\t\t<div class=\"elementor-widget-wrap elementor-element-populated\">\n\t\t\t\t\t\t<section class=\"elementor-section elementor-inner-section elementor-element elementor-element-4d20d547 elementor-section-boxed elementor-section-height-default elementor-section-height-default\" data-id=\"4d20d547\" data-element_type=\"section\" data-e-type=\"section\">\n\t\t\t\t\t\t<div class=\"elementor-container elementor-column-gap-default\">\n\t\t\t\t\t<div class=\"elementor-column elementor-col-50 elementor-inner-column elementor-element elementor-element-4c0cead7\" data-id=\"4c0cead7\" data-element_type=\"column\" data-e-type=\"column\">\n\t\t\t<div class=\"elementor-widget-wrap elementor-element-populated\">\n\t\t\t\t\t\t<div class=\"elementor-element elementor-element-58351c62 elementor-widget elementor-widget-heading\" data-id=\"58351c62\" data-element_type=\"widget\" data-e-type=\"widget\" data-widget_type=\"heading.default\">\n\t\t\t\t<div class=\"elementor-widget-container\">\n\t\t\t\t\t<h2 class=\"elementor-heading-title elementor-size-default\">Klipning med kvalitet<\/h2>\t\t\t\t<\/div>\n\t\t\t\t<\/div>\n\t\t\t\t<div class=\"elementor-element elementor-element-7914fbf4 elementor-widget elementor-widget-text-editor\" data-id=\"7914fbf4\" data-element_type=\"widget\" data-e-type=\"widget\" data-widget_type=\"text-editor.default\">\n\t\t\t\t<div class=\"elementor-widget-container\">\n\t\t\t\t\t\t\t\t\t<p>Vi udf\u00f8rer b\u00e5de klipning og\u00a0<a href=\"https:\/\/www.ollerupmaskinfabrik.dk\/kompetencer\/bukning\/\">bukning af st\u00e5lplader<\/a>. Med vores mange \u00e5rs erfaring med b\u00e5de klipning og bukning af plader kan vi hurtigt og effektivt udf\u00f8re projektet efter dine behov og \u00f8nsker.\u00a0<\/p>\t\t\t\t\t\t\t\t<\/div>\n\t\t\t\t<\/div>\n\t\t\t\t<div class=\"elementor-element elementor-element-cc85f45 elementor-widget elementor-widget-heading\" data-id=\"cc85f45\" data-element_type=\"widget\" data-e-type=\"widget\" data-widget_type=\"heading.default\">\n\t\t\t\t<div class=\"elementor-widget-container\">\n\t\t\t\t\t<h3 class=\"elementor-heading-title elementor-size-default\">Hvad er metalklipning?<\/h3>\t\t\t\t<\/div>\n\t\t\t\t<\/div>\n\t\t\t\t<div class=\"elementor-element elementor-element-b169a6e elementor-widget elementor-widget-text-editor\" data-id=\"b169a6e\" data-element_type=\"widget\" data-e-type=\"widget\" data-widget_type=\"text-editor.default\">\n\t\t\t\t<div class=\"elementor-widget-container\">\n\t\t\t\t\t\t\t\t\t<p>Metal klipning er en teknik, der anvendes til at klippe metalplader i den \u00f8nskede st\u00f8rrelse. Der findes en r\u00e6kke forskellige metoder til metal klipning, afh\u00e6ngigt af materialet, formen og tykkelsen p\u00e5 det sk\u00e6rende v\u00e6rkt\u00f8j.<\/p>\t\t\t\t\t\t\t\t<\/div>\n\t\t\t\t<\/div>\n\t\t\t\t<div class=\"elementor-element elementor-element-7de8ec6 elementor-widget elementor-widget-heading\" data-id=\"7de8ec6\" data-element_type=\"widget\" data-e-type=\"widget\" data-widget_type=\"heading.default\">\n\t\t\t\t<div class=\"elementor-widget-container\">\n\t\t\t\t\t<h3 class=\"elementor-heading-title elementor-size-default\">Hvad er en pladesaks?<\/h3>\t\t\t\t<\/div>\n\t\t\t\t<\/div>\n\t\t\t\t<div class=\"elementor-element elementor-element-91971a2 elementor-widget elementor-widget-text-editor\" data-id=\"91971a2\" data-element_type=\"widget\" data-e-type=\"widget\" data-widget_type=\"text-editor.default\">\n\t\t\t\t<div class=\"elementor-widget-container\">\n\t\t\t\t\t\t\t\t\t<p>En pladesaks er en maskine der anvendes til at klippe metalplader i den \u00f8nskede st\u00f8rrelse. Pladesakse findes i mange forskellige st\u00f8rrelser og modeller, afh\u00e6ngigt af hvilken type materiale og tykkelse de er beregnet til at sk\u00e6re.<\/p>\t\t\t\t\t\t\t\t<\/div>\n\t\t\t\t<\/div>\n\t\t\t\t<div class=\"elementor-element elementor-element-21dce5c2 elementor-widget elementor-widget-text-editor\" data-id=\"21dce5c2\" data-element_type=\"widget\" data-e-type=\"widget\" data-widget_type=\"text-editor.default\">\n\t\t\t\t<div class=\"elementor-widget-container\">\n\t\t\t\t\t\t\t\t\t<h3 class=\"\" data-start=\"837\" data-end=\"886\">Fordele ved klipning af st\u00e5l<\/h3><p class=\"\" data-start=\"888\" data-end=\"1132\"><strong data-start=\"888\" data-end=\"905\">Rustfrit st\u00e5l<\/strong> er kendt for sin korrosionsbestandighed og holdbarhed, hvilket g\u00f8r det ideelt til applikationer, hvor hygiejne og lang levetid er afg\u00f8rende, s\u00e5som i f\u00f8devareindustrien og medicinsk udstyr.<\/p><p class=\"\" data-start=\"1134\" data-end=\"1302\"><strong data-start=\"1134\" data-end=\"1154\">Almindeligt st\u00e5l<\/strong> tilbyder en \u00f8konomisk l\u00f8sning med h\u00f8j styrke, velegnet til konstruktion og fremstilling, hvor korrosionsbestandighed ikke er den prim\u00e6re bekymring.<\/p>\t\t\t\t\t\t\t\t<\/div>\n\t\t\t\t<\/div>\n\t\t\t\t\t<\/div>\n\t\t<\/div>\n\t\t\t\t<div class=\"elementor-column elementor-col-50 elementor-inner-column elementor-element elementor-element-19d74b71\" data-id=\"19d74b71\" data-element_type=\"column\" data-e-type=\"column\">\n\t\t\t<div class=\"elementor-widget-wrap elementor-element-populated\">\n\t\t\t\t\t\t<div class=\"elementor-element elementor-element-ac78d73 elementor-widget elementor-widget-heading\" data-id=\"ac78d73\" data-element_type=\"widget\" data-e-type=\"widget\" data-widget_type=\"heading.default\">\n\t\t\t\t<div class=\"elementor-widget-container\">\n\t\t\t\t\t<h3 class=\"elementor-heading-title elementor-size-default\">Sp\u00f8rgsm\u00e5l til klipning:<\/h3>\t\t\t\t<\/div>\n\t\t\t\t<\/div>\n\t\t\t\t<div class=\"elementor-element elementor-element-371063a elementor-widget elementor-widget-toggle\" data-id=\"371063a\" data-element_type=\"widget\" data-e-type=\"widget\" data-widget_type=\"toggle.default\">\n\t\t\t\t<div class=\"elementor-widget-container\">\n\t\t\t\t\t\t\t<div class=\"elementor-toggle\">\n\t\t\t\t\t\t\t<div class=\"elementor-toggle-item\">\n\t\t\t\t\t<h5 id=\"elementor-tab-title-5771\" class=\"elementor-tab-title\" data-tab=\"1\" role=\"button\" aria-controls=\"elementor-tab-content-5771\" aria-expanded=\"false\">\n\t\t\t\t\t\t\t\t\t\t\t\t<span class=\"elementor-toggle-icon elementor-toggle-icon-left\" aria-hidden=\"true\">\n\t\t\t\t\t\t\t\t\t\t\t\t\t\t\t<span class=\"elementor-toggle-icon-closed\"><i class=\"fas fa-caret-right\"><\/i><\/span>\n\t\t\t\t\t\t\t\t<span class=\"elementor-toggle-icon-opened\"><i class=\"elementor-toggle-icon-opened fas fa-caret-up\"><\/i><\/span>\n\t\t\t\t\t\t\t\t\t\t\t\t\t<\/span>\n\t\t\t\t\t\t\t\t\t\t\t\t<a class=\"elementor-toggle-title\" tabindex=\"0\">Hvad er klipning af metal, og hvordan adskiller det sig fra andre bearbejdningsmetoder?<\/a>\n\t\t\t\t\t<\/h5>\n\n\t\t\t\t\t<div id=\"elementor-tab-content-5771\" class=\"elementor-tab-content elementor-clearfix\" data-tab=\"1\" role=\"region\" aria-labelledby=\"elementor-tab-title-5771\"><p>Klipning af metal er en mekanisk proces, hvor metalplader sk\u00e6res i \u00f8nskede m\u00e5l og former ved hj\u00e6lp af en pladesaks. Det adskiller sig fra f.eks. lasersk\u00e6ring ved at v\u00e6re hurtigere og mere omkostningseffektivt ved lige snit og st\u00f8rre serier, men mindre velegnet til komplekse udsk\u00e6ringer.<\/p><\/div>\n\t\t\t\t<\/div>\n\t\t\t\t\t\t\t<div class=\"elementor-toggle-item\">\n\t\t\t\t\t<h5 id=\"elementor-tab-title-5772\" class=\"elementor-tab-title\" data-tab=\"2\" role=\"button\" aria-controls=\"elementor-tab-content-5772\" aria-expanded=\"false\">\n\t\t\t\t\t\t\t\t\t\t\t\t<span class=\"elementor-toggle-icon elementor-toggle-icon-left\" aria-hidden=\"true\">\n\t\t\t\t\t\t\t\t\t\t\t\t\t\t\t<span class=\"elementor-toggle-icon-closed\"><i class=\"fas fa-caret-right\"><\/i><\/span>\n\t\t\t\t\t\t\t\t<span class=\"elementor-toggle-icon-opened\"><i class=\"elementor-toggle-icon-opened fas fa-caret-up\"><\/i><\/span>\n\t\t\t\t\t\t\t\t\t\t\t\t\t<\/span>\n\t\t\t\t\t\t\t\t\t\t\t\t<a class=\"elementor-toggle-title\" tabindex=\"0\">Hvilke metaltyper kan klippes?<\/a>\n\t\t\t\t\t<\/h5>\n\n\t\t\t\t\t<div id=\"elementor-tab-content-5772\" class=\"elementor-tab-content elementor-clearfix\" data-tab=\"2\" role=\"region\" aria-labelledby=\"elementor-tab-title-5772\"><p>Vi klipper prim\u00e6rt rustfrit st\u00e5l og almindeligt st\u00e5l, men kan ogs\u00e5 h\u00e5ndtere andre materialer efter aftale. Vores maskiner kan klare tykkelser op til 10 mm i rustfrit st\u00e5l og 12 mm i almindeligt st\u00e5l.<\/p><\/div>\n\t\t\t\t<\/div>\n\t\t\t\t\t\t\t<div class=\"elementor-toggle-item\">\n\t\t\t\t\t<h5 id=\"elementor-tab-title-5773\" class=\"elementor-tab-title\" data-tab=\"3\" role=\"button\" aria-controls=\"elementor-tab-content-5773\" aria-expanded=\"false\">\n\t\t\t\t\t\t\t\t\t\t\t\t<span class=\"elementor-toggle-icon elementor-toggle-icon-left\" aria-hidden=\"true\">\n\t\t\t\t\t\t\t\t\t\t\t\t\t\t\t<span class=\"elementor-toggle-icon-closed\"><i class=\"fas fa-caret-right\"><\/i><\/span>\n\t\t\t\t\t\t\t\t<span class=\"elementor-toggle-icon-opened\"><i class=\"elementor-toggle-icon-opened fas fa-caret-up\"><\/i><\/span>\n\t\t\t\t\t\t\t\t\t\t\t\t\t<\/span>\n\t\t\t\t\t\t\t\t\t\t\t\t<a class=\"elementor-toggle-title\" tabindex=\"0\">Hvilken pr\u00e6cision kan jeg forvente ved klipning?<\/a>\n\t\t\t\t\t<\/h5>\n\n\t\t\t\t\t<div id=\"elementor-tab-content-5773\" class=\"elementor-tab-content elementor-clearfix\" data-tab=\"3\" role=\"region\" aria-labelledby=\"elementor-tab-title-5773\"><p>Vores udstyr sikrer h\u00f8j pr\u00e6cision og ensartede resultater, selv ved store serier. Vores team kvalitetskontrollerer l\u00f8bende under hele processen for at sikre, at alle dele overholder dine specifikationer.<\/p><\/div>\n\t\t\t\t<\/div>\n\t\t\t\t\t\t\t<div class=\"elementor-toggle-item\">\n\t\t\t\t\t<h5 id=\"elementor-tab-title-5774\" class=\"elementor-tab-title\" data-tab=\"4\" role=\"button\" aria-controls=\"elementor-tab-content-5774\" aria-expanded=\"false\">\n\t\t\t\t\t\t\t\t\t\t\t\t<span class=\"elementor-toggle-icon elementor-toggle-icon-left\" aria-hidden=\"true\">\n\t\t\t\t\t\t\t\t\t\t\t\t\t\t\t<span class=\"elementor-toggle-icon-closed\"><i class=\"fas fa-caret-right\"><\/i><\/span>\n\t\t\t\t\t\t\t\t<span class=\"elementor-toggle-icon-opened\"><i class=\"elementor-toggle-icon-opened fas fa-caret-up\"><\/i><\/span>\n\t\t\t\t\t\t\t\t\t\t\t\t\t<\/span>\n\t\t\t\t\t\t\t\t\t\t\t\t<a class=\"elementor-toggle-title\" tabindex=\"0\">Er der begr\u00e6nsninger p\u00e5 pladest\u00f8rrelser eller -former ved klipning?<\/a>\n\t\t\t\t\t<\/h5>\n\n\t\t\t\t\t<div id=\"elementor-tab-content-5774\" class=\"elementor-tab-content elementor-clearfix\" data-tab=\"4\" role=\"region\" aria-labelledby=\"elementor-tab-title-5774\"><p>Vi kan klippe plader op til 4000 mm i l\u00e6ngden. Formen skal v\u00e6re line\u00e6r \u2013 vi anbefaler lasersk\u00e6ring til mere komplekse konturer eller former.<\/p><\/div>\n\t\t\t\t<\/div>\n\t\t\t\t\t\t\t<div class=\"elementor-toggle-item\">\n\t\t\t\t\t<h5 id=\"elementor-tab-title-5775\" class=\"elementor-tab-title\" data-tab=\"5\" role=\"button\" aria-controls=\"elementor-tab-content-5775\" aria-expanded=\"false\">\n\t\t\t\t\t\t\t\t\t\t\t\t<span class=\"elementor-toggle-icon elementor-toggle-icon-left\" aria-hidden=\"true\">\n\t\t\t\t\t\t\t\t\t\t\t\t\t\t\t<span class=\"elementor-toggle-icon-closed\"><i class=\"fas fa-caret-right\"><\/i><\/span>\n\t\t\t\t\t\t\t\t<span class=\"elementor-toggle-icon-opened\"><i class=\"elementor-toggle-icon-opened fas fa-caret-up\"><\/i><\/span>\n\t\t\t\t\t\t\t\t\t\t\t\t\t<\/span>\n\t\t\t\t\t\t\t\t\t\t\t\t<a class=\"elementor-toggle-title\" tabindex=\"0\">Hvorn\u00e5r er klipning den bedste l\u00f8sning?<\/a>\n\t\t\t\t\t<\/h5>\n\n\t\t\t\t\t<div id=\"elementor-tab-content-5775\" class=\"elementor-tab-content elementor-clearfix\" data-tab=\"5\" role=\"region\" aria-labelledby=\"elementor-tab-title-5775\"><p>Klipning er ideelt til opgaver, hvor der kr\u00e6ves hurtig og pr\u00e6cis adskillelse af plader i enkle former \u2013 is\u00e6r ved mellemstore til store serier, hvor effektivitet og omkostningsbesparelse er afg\u00f8rende.<\/p><\/div>\n\t\t\t\t<\/div>\n\t\t\t\t\t\t\t\t\t\t<script type=\"application\/ld+json\">{\"@context\":\"https:\\\/\\\/schema.org\",\"@type\":\"FAQPage\",\"mainEntity\":[{\"@type\":\"Question\",\"name\":\"Hvad er klipning af metal, og hvordan adskiller det sig fra andre bearbejdningsmetoder?\",\"acceptedAnswer\":{\"@type\":\"Answer\",\"text\":\"<p>Klipning af metal er en mekanisk proces, hvor metalplader sk\\u00e6res i \\u00f8nskede m\\u00e5l og former ved hj\\u00e6lp af en pladesaks. Det adskiller sig fra f.eks. lasersk\\u00e6ring ved at v\\u00e6re hurtigere og mere omkostningseffektivt ved lige snit og st\\u00f8rre serier, men mindre velegnet til komplekse udsk\\u00e6ringer.<\\\/p>\"}},{\"@type\":\"Question\",\"name\":\"Hvilke metaltyper kan klippes?\",\"acceptedAnswer\":{\"@type\":\"Answer\",\"text\":\"<p>Vi klipper prim\\u00e6rt rustfrit st\\u00e5l og almindeligt st\\u00e5l, men kan ogs\\u00e5 h\\u00e5ndtere andre materialer efter aftale. Vores maskiner kan klare tykkelser op til 10 mm i rustfrit st\\u00e5l og 12 mm i almindeligt st\\u00e5l.<\\\/p>\"}},{\"@type\":\"Question\",\"name\":\"Hvilken pr\\u00e6cision kan jeg forvente ved klipning?\",\"acceptedAnswer\":{\"@type\":\"Answer\",\"text\":\"<p>Vores udstyr sikrer h\\u00f8j pr\\u00e6cision og ensartede resultater, selv ved store serier. Vores team kvalitetskontrollerer l\\u00f8bende under hele processen for at sikre, at alle dele overholder dine specifikationer.<\\\/p>\"}},{\"@type\":\"Question\",\"name\":\"Er der begr\\u00e6nsninger p\\u00e5 pladest\\u00f8rrelser eller -former ved klipning?\",\"acceptedAnswer\":{\"@type\":\"Answer\",\"text\":\"<p>Vi kan klippe plader op til 4000 mm i l\\u00e6ngden. Formen skal v\\u00e6re line\\u00e6r \\u2013 vi anbefaler lasersk\\u00e6ring til mere komplekse konturer eller former.<\\\/p>\"}},{\"@type\":\"Question\",\"name\":\"Hvorn\\u00e5r er klipning den bedste l\\u00f8sning?\",\"acceptedAnswer\":{\"@type\":\"Answer\",\"text\":\"<p>Klipning er ideelt til opgaver, hvor der kr\\u00e6ves hurtig og pr\\u00e6cis adskillelse af plader i enkle former \\u2013 is\\u00e6r ved mellemstore til store serier, hvor effektivitet og omkostningsbesparelse er afg\\u00f8rende.<\\\/p>\"}}]}<\/script>\n\t\t\t\t\t<\/div>\n\t\t\t\t\t\t<\/div>\n\t\t\t\t<\/div>\n\t\t\t\t<div class=\"elementor-element elementor-element-582acc0 elementor-widget elementor-widget-text-editor\" data-id=\"582acc0\" data-element_type=\"widget\" data-e-type=\"widget\" data-widget_type=\"text-editor.default\">\n\t\t\t\t<div class=\"elementor-widget-container\">\n\t\t\t\t\t\t\t\t\t<p><strong>Kontakt os i dag<\/strong><\/p><p>Vores team arbejder t\u00e6t sammen med dig for at sikre, at dine specifikationer og krav bliver opfyldt til punkt og prikke.<\/p><p>\u00d8nsker du et godt tilbud p\u00e5 pladeklipning, s\u00e5 er du meget velkommen til at kontakte os direkte eller ved at udfylde vores formular til h\u00f8jre.<\/p>\t\t\t\t\t\t\t\t<\/div>\n\t\t\t\t<\/div>\n\t\t\t\t<div class=\"elementor-element elementor-element-4739fee elementor-widget__width-auto elementor-widget elementor-widget-button\" data-id=\"4739fee\" data-element_type=\"widget\" data-e-type=\"widget\" data-widget_type=\"button.default\">\n\t\t\t\t<div class=\"elementor-widget-container\">\n\t\t\t\t\t\t\t\t\t<div class=\"elementor-button-wrapper\">\n\t\t\t\t\t<a class=\"elementor-button elementor-button-link elementor-size-sm\" href=\"\/kontakt\/#form\">\n\t\t\t\t\t\t<span class=\"elementor-button-content-wrapper\">\n\t\t\t\t\t\t\t\t\t<span class=\"elementor-button-text\">F\u00e5 et tilbud<\/span>\n\t\t\t\t\t<\/span>\n\t\t\t\t\t<\/a>\n\t\t\t\t<\/div>\n\t\t\t\t\t\t\t\t<\/div>\n\t\t\t\t<\/div>\n\t\t\t\t\t<\/div>\n\t\t<\/div>\n\t\t\t\t\t<\/div>\n\t\t<\/section>\n\t\t\t\t\t<\/div>\n\t\t<\/div>\n\t\t\t\t\t<\/div>\n\t\t<\/section>\n\t\t\t\t<\/div>\n\t\t","protected":false},"excerpt":{"rendered":"<p>Pr\u00e6cis og effektiv klipning af metalplader i st\u00e5l Vores avancerede udstyr og erfarne team sikrer pr\u00e6cise resultater, der opfylder dine specifikke behov. Avanceret udstyr til pr\u00e6cisionsklipning Vi benytter en Fasti CHE 40\/10 pladesaks, der muligg\u00f8r klipning af plader op til 4000 mm i l\u00e6ngden. Maskinen kan h\u00e5ndtere: Rustfrit st\u00e5l op til 10 mm tykkelse Almindeligt [&hellip;]<\/p>\n","protected":false},"author":1,"featured_media":3618,"parent":3307,"menu_order":0,"comment_status":"closed","ping_status":"closed","template":"","meta":{"iawp_total_views":157,"footnotes":""},"class_list":["post-1587","page","type-page","status-publish","has-post-thumbnail","hentry"],"_links":{"self":[{"href":"https:\/\/www.ollerupmaskinfabrik.dk\/en\/wp-json\/wp\/v2\/pages\/1587","targetHints":{"allow":["GET"]}}],"collection":[{"href":"https:\/\/www.ollerupmaskinfabrik.dk\/en\/wp-json\/wp\/v2\/pages"}],"about":[{"href":"https:\/\/www.ollerupmaskinfabrik.dk\/en\/wp-json\/wp\/v2\/types\/page"}],"author":[{"embeddable":true,"href":"https:\/\/www.ollerupmaskinfabrik.dk\/en\/wp-json\/wp\/v2\/users\/1"}],"replies":[{"embeddable":true,"href":"https:\/\/www.ollerupmaskinfabrik.dk\/en\/wp-json\/wp\/v2\/comments?post=1587"}],"version-history":[{"count":82,"href":"https:\/\/www.ollerupmaskinfabrik.dk\/en\/wp-json\/wp\/v2\/pages\/1587\/revisions"}],"predecessor-version":[{"id":5541,"href":"https:\/\/www.ollerupmaskinfabrik.dk\/en\/wp-json\/wp\/v2\/pages\/1587\/revisions\/5541"}],"up":[{"embeddable":true,"href":"https:\/\/www.ollerupmaskinfabrik.dk\/en\/wp-json\/wp\/v2\/pages\/3307"}],"wp:featuredmedia":[{"embeddable":true,"href":"https:\/\/www.ollerupmaskinfabrik.dk\/en\/wp-json\/wp\/v2\/media\/3618"}],"wp:attachment":[{"href":"https:\/\/www.ollerupmaskinfabrik.dk\/en\/wp-json\/wp\/v2\/media?parent=1587"}],"curies":[{"name":"wp","href":"https:\/\/api.w.org\/{rel}","templated":true}]}}