{"id":92,"date":"2023-02-21T07:33:04","date_gmt":"2023-02-21T07:33:04","guid":{"rendered":"https:\/\/demowp.webto.dk\/?page_id=92"},"modified":"2025-10-29T07:10:40","modified_gmt":"2025-10-29T07:10:40","slug":"uber-uns","status":"publish","type":"page","link":"https:\/\/www.ollerupmaskinfabrik.dk\/de\/om-os\/","title":{"rendered":"\u00dcber uns"},"content":{"rendered":"<div data-elementor-type=\"wp-page\" data-elementor-id=\"92\" class=\"elementor elementor-92\" data-elementor-post-type=\"page\">\n\t\t\t\t\t\t<section class=\"elementor-section elementor-top-section elementor-element elementor-element-61d0881 elementor-section-boxed elementor-section-height-default elementor-section-height-default\" data-id=\"61d0881\" data-element_type=\"section\" data-e-type=\"section\" data-settings=\"{&quot;background_background&quot;:&quot;classic&quot;}\">\n\t\t\t\t\t\t<div class=\"elementor-container elementor-column-gap-default\">\n\t\t\t\t\t<div class=\"elementor-column elementor-col-100 elementor-top-column elementor-element elementor-element-a51a897\" data-id=\"a51a897\" data-element_type=\"column\" data-e-type=\"column\">\n\t\t\t<div class=\"elementor-widget-wrap elementor-element-populated\">\n\t\t\t\t\t\t<section class=\"elementor-section elementor-inner-section elementor-element elementor-element-e4c4d44 elementor-section-boxed elementor-section-height-default elementor-section-height-default\" data-id=\"e4c4d44\" data-element_type=\"section\" data-e-type=\"section\">\n\t\t\t\t\t\t<div class=\"elementor-container elementor-column-gap-default\">\n\t\t\t\t\t<div class=\"elementor-column elementor-col-50 elementor-inner-column elementor-element elementor-element-aabfbdd\" data-id=\"aabfbdd\" data-element_type=\"column\" data-e-type=\"column\">\n\t\t\t<div class=\"elementor-widget-wrap elementor-element-populated\">\n\t\t\t\t\t\t<div class=\"elementor-element elementor-element-44c4ae1 elementor-widget elementor-widget-image\" data-id=\"44c4ae1\" data-element_type=\"widget\" data-e-type=\"widget\" data-widget_type=\"image.default\">\n\t\t\t\t<div class=\"elementor-widget-container\">\n\t\t\t\t\t\t\t\t\t\t\t\t\t\t\t<img decoding=\"async\" src=\"https:\/\/www.ollerupmaskinfabrik.dk\/wp-content\/uploads\/2025\/10\/323645140_2124802724388219_4507080019501495173_n.jpg\" title=\"323645140_2124802724388219_4507080019501495173_n\" alt=\"Ollerup Maskinfabrik\" loading=\"lazy\" \/>\t\t\t\t\t\t\t\t\t\t\t\t\t\t\t<\/div>\n\t\t\t\t<\/div>\n\t\t\t\t\t<\/div>\n\t\t<\/div>\n\t\t\t\t<div class=\"elementor-column elementor-col-50 elementor-inner-column elementor-element elementor-element-c83baa4\" data-id=\"c83baa4\" data-element_type=\"column\" data-e-type=\"column\">\n\t\t\t<div class=\"elementor-widget-wrap elementor-element-populated\">\n\t\t\t\t\t\t<div class=\"elementor-element elementor-element-6b179c2 elementor-widget elementor-widget-heading\" data-id=\"6b179c2\" data-element_type=\"widget\" data-e-type=\"widget\" data-widget_type=\"heading.default\">\n\t\t\t\t<div class=\"elementor-widget-container\">\n\t\t\t\t\t<h1 class=\"elementor-heading-title elementor-size-default\">Wer sind wir?<\/h1>\t\t\t\t<\/div>\n\t\t\t\t<\/div>\n\t\t\t\t<div class=\"elementor-element elementor-element-26b791d elementor-widget elementor-widget-text-editor\" data-id=\"26b791d\" data-element_type=\"widget\" data-e-type=\"widget\" data-widget_type=\"text-editor.default\">\n\t\t\t\t<div class=\"elementor-widget-container\">\n\t\t\t\t\t\t\t\t\t<p>Bei Ollerup Maskinfabrik A\/S sind wir darauf spezialisiert, innovativ und kreativ zu sein und l\u00f6sen gerne die Aufgabe gemeinsam mit Ihnen.\u00a0<\/p><p>Unsere Kernbereiche sind guter Service, schnelle Lieferung und vor allem gute Qualit\u00e4t zu einem fairen Preis.\u00a0<\/p><p>Haben Sie die Idee, beraten wir Sie gerne hinsichtlich der Materialwahl, der Ausf\u00fchrung von Zeichnungen und des Entwicklungspotenzials auf Grundlage der W\u00fcnsche des Kunden. Wir sorgen daf\u00fcr, dass die Produktion schnell und effizient erfolgt und nach den neuesten Qualit\u00e4tsstandards ausgef\u00fchrt wird.\u00a0<\/p>\t\t\t\t\t\t\t\t<\/div>\n\t\t\t\t<\/div>\n\t\t\t\t\t<\/div>\n\t\t<\/div>\n\t\t\t\t\t<\/div>\n\t\t<\/section>\n\t\t\t\t\t<\/div>\n\t\t<\/div>\n\t\t\t\t\t<\/div>\n\t\t<\/section>\n\t\t\t\t<section class=\"elementor-section elementor-top-section elementor-element elementor-element-d2fefb0 elementor-section-boxed elementor-section-height-default elementor-section-height-default\" data-id=\"d2fefb0\" data-element_type=\"section\" data-e-type=\"section\" data-settings=\"{&quot;background_background&quot;:&quot;classic&quot;}\">\n\t\t\t\t\t\t<div class=\"elementor-container elementor-column-gap-default\">\n\t\t\t\t\t<div class=\"elementor-column elementor-col-100 elementor-top-column elementor-element elementor-element-2afd319\" data-id=\"2afd319\" data-element_type=\"column\" data-e-type=\"column\">\n\t\t\t<div class=\"elementor-widget-wrap elementor-element-populated\">\n\t\t\t\t\t\t<section class=\"elementor-section elementor-inner-section elementor-element elementor-element-b2f9df2 elementor-section-boxed elementor-section-height-default elementor-section-height-default\" data-id=\"b2f9df2\" data-element_type=\"section\" data-e-type=\"section\">\n\t\t\t\t\t\t<div class=\"elementor-container elementor-column-gap-default\">\n\t\t\t\t\t<div class=\"elementor-column elementor-col-50 elementor-inner-column elementor-element elementor-element-fb5d827\" data-id=\"fb5d827\" data-element_type=\"column\" data-e-type=\"column\">\n\t\t\t<div class=\"elementor-widget-wrap elementor-element-populated\">\n\t\t\t\t\t\t<div class=\"elementor-element elementor-element-0722e89 elementor-widget elementor-widget-heading\" data-id=\"0722e89\" data-element_type=\"widget\" data-e-type=\"widget\" data-widget_type=\"heading.default\">\n\t\t\t\t<div class=\"elementor-widget-container\">\n\t\t\t\t\t<h2 class=\"elementor-heading-title elementor-size-default\">Unsere Geschichte<\/h2>\t\t\t\t<\/div>\n\t\t\t\t<\/div>\n\t\t\t\t<div class=\"elementor-element elementor-element-ed8aa82 elementor-widget elementor-widget-text-editor\" data-id=\"ed8aa82\" data-element_type=\"widget\" data-e-type=\"widget\" data-widget_type=\"text-editor.default\">\n\t\t\t\t<div class=\"elementor-widget-container\">\n\t\t\t\t\t\t\t\t\t<p>Ollerup Maskinfabrik A\/S wurde 1867 als kleine Dorfschmiede gegr\u00fcndet und war schon immer f\u00fcr Qualit\u00e4t bekannt.<\/p><p>Im Laufe der Jahre hat sich das Unternehmen weiterentwickelt, und heute z\u00e4hlt die Maschinenfabrik nahe Slagelse zu den f\u00fchrenden in der Branche. Wir sind Ihr professioneller Partner, der alle Formen von verarbeitetem Stahl, Edelstahl und Aluminium f\u00fcr eine Vielzahl von d\u00e4nischen und ausl\u00e4ndischen Unternehmen liefert.<\/p><p>Unsere umfassende Branchenerfahrung in Kombination mit einer innovativen Konstruktionsabteilung, einem Hightech-Maschinenpark und engagierten Mitarbeitern macht uns auch nach \u00fcber 150 Jahren zu einem starken Akteur auf dem d\u00e4nischen Markt.<\/p>\t\t\t\t\t\t\t\t<\/div>\n\t\t\t\t<\/div>\n\t\t\t\t<div class=\"elementor-element elementor-element-57ee014 elementor-widget__width-auto elementor-widget elementor-widget-button\" data-id=\"57ee014\" data-element_type=\"widget\" data-e-type=\"widget\" data-widget_type=\"button.default\">\n\t\t\t\t<div class=\"elementor-widget-container\">\n\t\t\t\t\t\t\t\t\t<div class=\"elementor-button-wrapper\">\n\t\t\t\t\t<a class=\"elementor-button elementor-button-link elementor-size-sm\" href=\"https:\/\/www.ollerupmaskinfabrik.dk\/de\/produktionen\/maschinenliste\/\">\n\t\t\t\t\t\t<span class=\"elementor-button-content-wrapper\">\n\t\t\t\t\t\t\t\t\t<span class=\"elementor-button-text\">Unser Maschinenpark<\/span>\n\t\t\t\t\t<\/span>\n\t\t\t\t\t<\/a>\n\t\t\t\t<\/div>\n\t\t\t\t\t\t\t\t<\/div>\n\t\t\t\t<\/div>\n\t\t\t\t<div class=\"elementor-element elementor-element-3802491 elementor-widget__width-auto elementor-widget elementor-widget-button\" data-id=\"3802491\" data-element_type=\"widget\" data-e-type=\"widget\" data-widget_type=\"button.default\">\n\t\t\t\t<div class=\"elementor-widget-container\">\n\t\t\t\t\t\t\t\t\t<div class=\"elementor-button-wrapper\">\n\t\t\t\t\t<a class=\"elementor-button elementor-button-link elementor-size-sm\" href=\"https:\/\/www.ollerupmaskinfabrik.dk\/de\/kontakt\/\">\n\t\t\t\t\t\t<span class=\"elementor-button-content-wrapper\">\n\t\t\t\t\t\t\t\t\t<span class=\"elementor-button-text\">Kontakt<\/span>\n\t\t\t\t\t<\/span>\n\t\t\t\t\t<\/a>\n\t\t\t\t<\/div>\n\t\t\t\t\t\t\t\t<\/div>\n\t\t\t\t<\/div>\n\t\t\t\t\t<\/div>\n\t\t<\/div>\n\t\t\t\t<div class=\"elementor-column elementor-col-50 elementor-inner-column elementor-element elementor-element-53afb4b\" data-id=\"53afb4b\" data-element_type=\"column\" data-e-type=\"column\">\n\t\t\t<div class=\"elementor-widget-wrap elementor-element-populated\">\n\t\t\t\t\t\t<div class=\"elementor-element elementor-element-6a89b34 elementor-widget elementor-widget-google_maps\" data-id=\"6a89b34\" data-element_type=\"widget\" data-e-type=\"widget\" data-widget_type=\"google_maps.default\">\n\t\t\t\t<div class=\"elementor-widget-container\">\n\t\t\t\t\t\t\t<div class=\"elementor-custom-embed\">\n\t\t\t<iframe loading=\"lazy\"\n\t\t\t\t\tsrc=\"https:\/\/maps.google.com\/maps?q=Holb%C3%A6kvej%2079%20-%204200%20Slagelse&#038;t=m&#038;z=10&#038;output=embed&#038;iwloc=near\"\n\t\t\t\t\ttitle=\"Holb\u00e6kvej 79 - 4200 Slagelse\"\n\t\t\t\t\taria-label=\"Holb\u00e6kvej 79 - 4200 Slagelse\"\n\t\t\t><\/iframe>\n\t\t<\/div>\n\t\t\t\t\t\t<\/div>\n\t\t\t\t<\/div>\n\t\t\t\t<div class=\"elementor-element elementor-element-3e24544 elementor-widget elementor-widget-text-editor\" data-id=\"3e24544\" data-element_type=\"widget\" data-e-type=\"widget\" data-widget_type=\"text-editor.default\">\n\t\t\t\t<div class=\"elementor-widget-container\">\n\t\t\t\t\t\t\t\t\t<h6>Ollerup Maskinfabrik A\/S liegt zentral bei Slagelse auf Seeland, nahe der Autobahn.<\/h6>\t\t\t\t\t\t\t\t<\/div>\n\t\t\t\t<\/div>\n\t\t\t\t\t<\/div>\n\t\t<\/div>\n\t\t\t\t\t<\/div>\n\t\t<\/section>\n\t\t\t\t\t<\/div>\n\t\t<\/div>\n\t\t\t\t\t<\/div>\n\t\t<\/section>\n\t\t\t\t<section class=\"elementor-section elementor-top-section elementor-element elementor-element-09a0c3a elementor-section-boxed elementor-section-height-default elementor-section-height-default\" data-id=\"09a0c3a\" data-element_type=\"section\" data-e-type=\"section\" id=\"groen\" data-settings=\"{&quot;background_background&quot;:&quot;classic&quot;}\">\n\t\t\t\t\t\t<div class=\"elementor-container elementor-column-gap-default\">\n\t\t\t\t\t<div class=\"elementor-column elementor-col-100 elementor-top-column elementor-element elementor-element-1fff06f\" data-id=\"1fff06f\" data-element_type=\"column\" data-e-type=\"column\">\n\t\t\t<div class=\"elementor-widget-wrap elementor-element-populated\">\n\t\t\t\t\t\t<section class=\"elementor-section elementor-inner-section elementor-element elementor-element-32d9904 elementor-reverse-mobile elementor-section-boxed elementor-section-height-default elementor-section-height-default\" data-id=\"32d9904\" data-element_type=\"section\" data-e-type=\"section\">\n\t\t\t\t\t\t<div class=\"elementor-container elementor-column-gap-default\">\n\t\t\t\t\t<div class=\"elementor-column elementor-col-50 elementor-inner-column elementor-element elementor-element-ea9d058\" data-id=\"ea9d058\" data-element_type=\"column\" data-e-type=\"column\">\n\t\t\t<div class=\"elementor-widget-wrap elementor-element-populated\">\n\t\t\t\t\t\t<div class=\"elementor-element elementor-element-8915650 elementor-widget elementor-widget-facebook-page\" data-id=\"8915650\" data-element_type=\"widget\" data-e-type=\"widget\" data-widget_type=\"facebook-page.default\">\n\t\t\t\t<div class=\"elementor-widget-container\">\n\t\t\t\t\t<div class=\"elementor-facebook-widget fb-page\" data-href=\"https:\/\/www.facebook.com\/Ollerupmaskinfabrikslagelse\" data-tabs=\"timeline\" data-height=\"587px\" data-width=\"500px\" data-small-header=\"false\" data-hide-cover=\"false\" data-show-facepile=\"true\" data-hide-cta=\"false\" style=\"min-height: 1px;height:587px\"><\/div>\t\t\t\t<\/div>\n\t\t\t\t<\/div>\n\t\t\t\t\t<\/div>\n\t\t<\/div>\n\t\t\t\t<div class=\"elementor-column elementor-col-50 elementor-inner-column elementor-element elementor-element-bdaba31\" data-id=\"bdaba31\" data-element_type=\"column\" data-e-type=\"column\">\n\t\t\t<div class=\"elementor-widget-wrap elementor-element-populated\">\n\t\t\t\t\t\t<div class=\"elementor-element elementor-element-de1d359 elementor-widget elementor-widget-heading\" data-id=\"de1d359\" data-element_type=\"widget\" data-e-type=\"widget\" data-widget_type=\"heading.default\">\n\t\t\t\t<div class=\"elementor-widget-container\">\n\t\t\t\t\t<h2 class=\"elementor-heading-title elementor-size-default\">Gr\u00fcne Energie \u2013 Gr\u00fcnes Unternehmenswachstum<\/h2>\t\t\t\t<\/div>\n\t\t\t\t<\/div>\n\t\t\t\t<div class=\"elementor-element elementor-element-be69516 elementor-widget elementor-widget-text-editor\" data-id=\"be69516\" data-element_type=\"widget\" data-e-type=\"widget\" data-widget_type=\"text-editor.default\">\n\t\t\t\t<div class=\"elementor-widget-container\">\n\t\t\t\t\t\t\t\t\t<p>Ollerup Maskinfabrik ist in Bezug auf umweltfreundliche Produktionsoptimierung f\u00fchrend und arbeitet mit konkreten Zielsetzungen, um den CO\u2082-Aussto\u00df zu reduzieren, mehr erneuerbare Energie zu nutzen und die Produktion so zu optimieren, dass weniger Energie verbraucht wird.\u00a0<\/p><p>Wir nutzen seit vielen Jahren alternative Energieformen wie Erdw\u00e4rmeanlagen zur Beheizung von B\u00fcros, Kantinen, B\u00e4dern und Besprechungsr\u00e4umen. Dar\u00fcber hinaus\u00a0<span style=\"background-color: var( --e-global-color-f2b4aee ); color: var( --e-global-color-text );\">Wir haben mehrere W\u00e4rmepumpen an zentralen Stellen zur Raumheizung installiert.\u00a0<\/span><span style=\"background-color: var( --e-global-color-f2b4aee ); color: var( --e-global-color-text );\">Unsere Fabrikanlage wird daher durch W\u00e4rmer\u00fcckgewinnung beheizt, die die Energie aus der Produktion auff\u00e4ngt. Unsere Produktionsmaschinen sind mit Elektromotoren nach europ\u00e4ischen Standards ausgestattet, die die elektrische Energie optimal nutzen.<\/span><\/p><p>Unsere Maschinen sind mit einer Zeitschaltuhr ausgestattet, damit sie abgeschaltet werden, wenn sie nicht innerhalb eines festgelegten Zeitraums genutzt werden. Die Lichtquelle wurde durch eine energieeffiziente LED ersetzt. Unsere Gabelstapler werden kontinuierlich durch Elektrofahrzeuge ersetzt.\u00a0<\/p><p>Ollerup Maskinfabriks Ziel f\u00fcr eine gr\u00fcne Entwicklung ist es, CO2-neutral zu werden.\u00a0<\/p>\t\t\t\t\t\t\t\t<\/div>\n\t\t\t\t<\/div>\n\t\t\t\t<div class=\"elementor-element elementor-element-42f2088 elementor-view-stacked elementor-shape-circle elementor-widget elementor-widget-icon\" data-id=\"42f2088\" data-element_type=\"widget\" data-e-type=\"widget\" data-widget_type=\"icon.default\">\n\t\t\t\t<div class=\"elementor-widget-container\">\n\t\t\t\t\t\t\t<div class=\"elementor-icon-wrapper\">\n\t\t\t<div class=\"elementor-icon\">\n\t\t\t<i aria-hidden=\"true\" class=\"fas fa-leaf\"><\/i>\t\t\t<\/div>\n\t\t<\/div>\n\t\t\t\t\t\t<\/div>\n\t\t\t\t<\/div>\n\t\t\t\t\t<\/div>\n\t\t<\/div>\n\t\t\t\t\t<\/div>\n\t\t<\/section>\n\t\t\t\t\t<\/div>\n\t\t<\/div>\n\t\t\t\t\t<\/div>\n\t\t<\/section>\n\t\t\t\t<\/div>","protected":false},"excerpt":{"rendered":"<p>Hvem er vi? Hos Ollerup Maskinfabrik A\/S er vi specialister i at v\u00e6re nyt\u00e6nkende, kreative og l\u00f8ser gerne opgaven sammen med dig.\u00a0 Vores kerneomr\u00e5der er god service, hurtig levering og frem for alt god kvalitet til en rimelig pris.\u00a0 Har du id\u00e9en, r\u00e5dgiver vi gerne omkring materialevalg, udf\u00f8relse af tegninger og udviklingspotentialet ud fra kundens [&hellip;]<\/p>\n","protected":false},"author":1,"featured_media":3822,"parent":0,"menu_order":0,"comment_status":"closed","ping_status":"closed","template":"","meta":{"iawp_total_views":872,"footnotes":""},"class_list":["post-92","page","type-page","status-publish","has-post-thumbnail","hentry"],"_links":{"self":[{"href":"https:\/\/www.ollerupmaskinfabrik.dk\/de\/wp-json\/wp\/v2\/pages\/92","targetHints":{"allow":["GET"]}}],"collection":[{"href":"https:\/\/www.ollerupmaskinfabrik.dk\/de\/wp-json\/wp\/v2\/pages"}],"about":[{"href":"https:\/\/www.ollerupmaskinfabrik.dk\/de\/wp-json\/wp\/v2\/types\/page"}],"author":[{"embeddable":true,"href":"https:\/\/www.ollerupmaskinfabrik.dk\/de\/wp-json\/wp\/v2\/users\/1"}],"replies":[{"embeddable":true,"href":"https:\/\/www.ollerupmaskinfabrik.dk\/de\/wp-json\/wp\/v2\/comments?post=92"}],"version-history":[{"count":217,"href":"https:\/\/www.ollerupmaskinfabrik.dk\/de\/wp-json\/wp\/v2\/pages\/92\/revisions"}],"predecessor-version":[{"id":5537,"href":"https:\/\/www.ollerupmaskinfabrik.dk\/de\/wp-json\/wp\/v2\/pages\/92\/revisions\/5537"}],"wp:featuredmedia":[{"embeddable":true,"href":"https:\/\/www.ollerupmaskinfabrik.dk\/de\/wp-json\/wp\/v2\/media\/3822"}],"wp:attachment":[{"href":"https:\/\/www.ollerupmaskinfabrik.dk\/de\/wp-json\/wp\/v2\/media?parent=92"}],"curies":[{"name":"wp","href":"https:\/\/api.w.org\/{rel}","templated":true}]}}