{"id":1713,"date":"2023-11-28T08:17:55","date_gmt":"2023-11-28T08:17:55","guid":{"rendered":"https:\/\/ollerupmaskinfabrik.dk.web07.webtohosting.dk\/?page_id=1713"},"modified":"2024-02-09T08:23:54","modified_gmt":"2024-02-09T08:23:54","slug":"datenschutzrichtlinie","status":"publish","type":"page","link":"https:\/\/www.ollerupmaskinfabrik.dk\/de\/om-os\/privatlivspolitik\/","title":{"rendered":"Datenschutzerkl\u00e4rung"},"content":{"rendered":"<div data-elementor-type=\"wp-page\" data-elementor-id=\"1713\" class=\"elementor elementor-1713\" data-elementor-post-type=\"page\">\n\t\t\t\t\t\t<section class=\"elementor-section elementor-top-section elementor-element elementor-element-bcf8e41 elementor-section-boxed elementor-section-height-default elementor-section-height-default\" data-id=\"bcf8e41\" data-element_type=\"section\" data-e-type=\"section\" data-settings=\"{&quot;background_background&quot;:&quot;classic&quot;}\">\n\t\t\t\t\t\t<div class=\"elementor-container elementor-column-gap-default\">\n\t\t\t\t\t<div class=\"elementor-column elementor-col-100 elementor-top-column elementor-element elementor-element-31cd8d7\" data-id=\"31cd8d7\" data-element_type=\"column\" data-e-type=\"column\">\n\t\t\t<div class=\"elementor-widget-wrap elementor-element-populated\">\n\t\t\t\t\t\t<section class=\"elementor-section elementor-inner-section elementor-element elementor-element-40def19 elementor-section-boxed elementor-section-height-default elementor-section-height-default\" data-id=\"40def19\" data-element_type=\"section\" data-e-type=\"section\">\n\t\t\t\t\t\t<div class=\"elementor-container elementor-column-gap-default\">\n\t\t\t\t\t<div class=\"elementor-column elementor-col-100 elementor-inner-column elementor-element elementor-element-ee653b3\" data-id=\"ee653b3\" data-element_type=\"column\" data-e-type=\"column\">\n\t\t\t<div class=\"elementor-widget-wrap elementor-element-populated\">\n\t\t\t\t\t\t<div class=\"elementor-element elementor-element-04476b5 elementor-widget elementor-widget-heading\" data-id=\"04476b5\" data-element_type=\"widget\" data-e-type=\"widget\" data-widget_type=\"heading.default\">\n\t\t\t\t<div class=\"elementor-widget-container\">\n\t\t\t\t\t<h1 class=\"elementor-heading-title elementor-size-default\">Datenschutzerkl\u00e4rung<\/h1>\t\t\t\t<\/div>\n\t\t\t\t<\/div>\n\t\t\t\t<div class=\"elementor-element elementor-element-6c08df0 elementor-widget elementor-widget-text-editor\" data-id=\"6c08df0\" data-element_type=\"widget\" data-e-type=\"widget\" data-widget_type=\"text-editor.default\">\n\t\t\t\t<div class=\"elementor-widget-container\">\n\t\t\t\t\t\t\t\t\t<p>Diese Datenschutzerkl\u00e4rung erkl\u00e4rt, wie wir deine personenbezogenen Daten verarbeiten.<\/p>\t\t\t\t\t\t\t\t<\/div>\n\t\t\t\t<\/div>\n\t\t\t\t<div class=\"elementor-element elementor-element-77150e3 elementor-widget elementor-widget-text-editor\" data-id=\"77150e3\" data-element_type=\"widget\" data-e-type=\"widget\" data-widget_type=\"text-editor.default\">\n\t\t\t\t<div class=\"elementor-widget-container\">\n\t\t\t\t\t\t\t\t\t<p><strong>1 Datenschutzbeauftragter<\/strong><\/p><p>Die juristische Person, die f\u00fcr die Verarbeitung Ihrer personenbezogenen Daten verantwortlich ist, ist:<\/p><p>Ollerup Maskinfabrik A\/S<\/p><p>CVR 33272219<\/p><p>Holb\u00e6kvej 79 4200 Slagelse<\/p><p>Tel. 58 26 60 28<\/p><p><strong>2 Beschreibung der Behandlung<\/strong><\/p><p>Zweck<\/p><p><em>Lieferung unserer Dienstleistungen<\/em><\/p><p>Personenbezogene Daten werden verwendet, um Sie im Hinblick auf die von Ihnen angeforderte Auftragsbearbeitung zu kontaktieren.<\/p><p><em>Marketing<\/em><\/p><p>Personenbezogene Daten werden zu Marketingzwecken verwendet, einschlie\u00dflich der gezielten Ausrichtung unserer Kommunikation mit Ihnen im Hinblick auf konkrete Bestellungen sowie der Zusendung relevanter Marketingmitteilungen, wie z. B. Newsletter.<\/p><p>Kategorien von personenbezogenen Daten des Kunden<\/p><p>Wir verarbeiten folgende Kategorien personenbezogener Daten von Ihnen:<\/p><p>A. Firmenname<\/p><p>B. Adresse<\/p><p>CVR-Nummer<\/p><p>D. Ansprechpartner<\/p><p>E. E-Mail<\/p><p>F. Telefonnummer<\/p><p>Quellen<\/p><p>Wir sammeln Informationen aus folgenden Quellen:<\/p><p><em>Z. B.:<\/em><\/p><p>\u00b7 Direkt von dir<\/p><p>Behandlungsansatz<\/p><p>Wir verarbeiten Ihre personenbezogenen Daten wie nachfolgend aufgef\u00fchrt auf welcher Rechtsgrundlage.<\/p><p><em>Z. B.:<\/em><\/p><p>\u00b7 Artikel 6.1.a (Zustimmung)<\/p><p>Artikel 6.1.b (erforderlich aus Gr\u00fcnden 33901275 f\u00fcr einen Vertrag, dessen Vertragspartei Sie sind)<\/p><p>Artikel 9.2.f (notwendig, damit Rechtsanspr\u00fcche geltend gemacht, ausge\u00fcbt oder verteidigt werden k\u00f6nnen)<\/p><p>\u00b7 Artikel 9 Absatz 2 Buchstabe g (erforderlich aus Gr\u00fcnden eines erheblichen \u00f6ffentlichen Interesses auf der Grundlage des Unionsrechts oder des nationalen Rechts der Mitgliedstaaten)<\/p><p>\u00b7 Artikel 10 in Verbindung mit \u00a7 8 des Datenschutzgesetzes<\/p><p>Empf\u00e4nger<\/p><p>Wir k\u00f6nnen Ihre pers\u00f6nlichen Daten weitergeben an:<\/p><p>\u00b7 Anbieter von Finanz- und IT-Dienstleistungen, mit denen wir zusammenarbeiten, um unser Unternehmen zu unterst\u00fctzen.<\/p><p>\u00b7 JL Consult by Jesper Nielsen. CVR 17019503.<\/p><p>\u00b7 PWC ved Brian Petersen. CVR 33901275.<\/p><p>Lagerung<\/p><p>Wir werden personenbezogene Daten so lange speichern, wie es f\u00fcr die genannten Zwecke erforderlich ist.<\/p><p><em>Z. B.:<\/em><\/p><p>\u00b7 Bis zu 5 Jahre f\u00fcr alle Finanzbelege<\/p><p>\u00b7 Bis zu 5 Jahre f\u00fcr die gesamte Bestellhistorie<\/p><p>Ihre Kontaktdaten, solange wir Kontakt mit Ihnen als Kunde oder als Lieferant haben.\u00a0<\/p><p><strong>3 Behandlungskonsequenzen bei versehentlicher Nichteinhaltung der oben genannten Punkte<\/strong><br \/>Es kommt zu einer Anklage, und wenn dies wiederholt vorkommt, wird es auf Managementebene thematisiert.<\/p><p><strong>4 Gesetzliche Informationen<\/strong><\/p><p>Nachstehende Angaben sind zwingend erforderlich, sofern Sie Kunde bei uns sind. Wenn Sie diese Angaben nicht machen, werden wir nicht in der Lage sein, Ihnen Waren oder Dienstleistungen zu liefern:<\/p><p>CVR-nummer<\/p><p>Name des Unternehmens<\/p><p>Lieferadresse<\/p><p>Rechnungsadresse<\/p><p>\u00b7 Kontaktperson mit E-Mail und Telefonnummer<\/p><p><strong>5 Deine Rechte<\/strong><\/p><p>Sie haben folgende Rechte:<\/p><p>Sie haben das Recht, Auskunft \u00fcber Ihre personenbezogenen Daten zu verlangen, diese berichtigen zu lassen oder deren L\u00f6schung zu beantragen.<\/p><p>\u00b7 Sie haben au\u00dferdem das Recht, der Verarbeitung Ihrer personenbezogenen Daten zu widersprechen und die Einschr\u00e4nkung der Verarbeitung Ihrer personenbezogenen Daten zu verlangen.<\/p><p>\u00a0<\/p><p>\u00b7 Sie haben insbesondere das uneingeschr\u00e4nkte Recht, der Verarbeitung Ihrer personenbezogenen Daten zur Verwendung f\u00fcr Direktwerbung zu widersprechen<\/p><p>\u00b7 Wenn die Verarbeitung Ihrer personenbezogenen Daten auf Ihrer Einwilligung beruht, haben Sie das Recht, Ihre Einwilligung jederzeit zu widerrufen. Ihr Widerruf hat keinen Einfluss auf die Rechtm\u00e4\u00dfigkeit der Verarbeitung, die vor Ihrem Widerruf der Einwilligung erfolgt ist.<\/p><p>Sie haben das Recht, die personenbezogenen Daten, die Sie uns zur Verf\u00fcgung gestellt haben, in einem strukturierten, g\u00e4ngigen und maschinenlesbaren Format (Daten\u00fcbertragbarkeit) zu erhalten.<\/p><p>Sie k\u00f6nnen sich jederzeit bei einer Datenschutzaufsichtsbeh\u00f6rde beschweren, z. B. bei der Datenschutzbeh\u00f6rde.<\/p><p>Sie k\u00f6nnen Ihre Rechte aus\u00fcben, indem Sie: Jens Gr\u00f8nfelt Larsen kontaktieren.<\/p><p>Es k\u00f6nnen Bedingungen oder Einschr\u00e4nkungen f\u00fcr diese Rechte gelten. Daher besteht m\u00f6glicherweise kein Anspruch auf Daten\u00fcbertragbarkeit in Ihrem speziellen Fall \u2013 dies h\u00e4ngt von den spezifischen Umst\u00e4nden der Verarbeitungst\u00e4tigkeiten ab.<\/p>\t\t\t\t\t\t\t\t<\/div>\n\t\t\t\t<\/div>\n\t\t\t\t<div class=\"elementor-element elementor-element-8720613 elementor-widget__width-auto elementor-widget elementor-widget-button\" data-id=\"8720613\" data-element_type=\"widget\" data-e-type=\"widget\" data-widget_type=\"button.default\">\n\t\t\t\t<div class=\"elementor-widget-container\">\n\t\t\t\t\t\t\t\t\t<div class=\"elementor-button-wrapper\">\n\t\t\t\t\t<a class=\"elementor-button elementor-button-link elementor-size-sm\" href=\"https:\/\/www.ollerupmaskinfabrik.dk\/de\/kontakt\/\">\n\t\t\t\t\t\t<span class=\"elementor-button-content-wrapper\">\n\t\t\t\t\t\t\t\t\t<span class=\"elementor-button-text\">Kontakt<\/span>\n\t\t\t\t\t<\/span>\n\t\t\t\t\t<\/a>\n\t\t\t\t<\/div>\n\t\t\t\t\t\t\t\t<\/div>\n\t\t\t\t<\/div>\n\t\t\t\t\t<\/div>\n\t\t<\/div>\n\t\t\t\t\t<\/div>\n\t\t<\/section>\n\t\t\t\t\t<\/div>\n\t\t<\/div>\n\t\t\t\t\t<\/div>\n\t\t<\/section>\n\t\t\t\t<\/div>","protected":false},"excerpt":{"rendered":"<p>Privatlivspolitik Denne privatlivspolitik forklarer, hvordan vi behandler dine personoplysninger. 1 Dataansvarlig Den juridiske enhed, som er ansvarlig for behandlingen af dine personoplysninger er: Ollerup Maskinfabrik A\/S CVR 33272219 Holb\u00e6kvej 79 4200 Slagelse Tlf. 58 26 60 28 2 Beskrivelse af behandling Form\u00e5l Levering af vores ydelser Personoplysninger anvendes til at kontakte dig med henblik p\u00e5 [&hellip;]<\/p>\n","protected":false},"author":1,"featured_media":3822,"parent":92,"menu_order":0,"comment_status":"closed","ping_status":"closed","template":"","meta":{"iawp_total_views":103,"footnotes":""},"class_list":["post-1713","page","type-page","status-publish","has-post-thumbnail","hentry"],"_links":{"self":[{"href":"https:\/\/www.ollerupmaskinfabrik.dk\/de\/wp-json\/wp\/v2\/pages\/1713","targetHints":{"allow":["GET"]}}],"collection":[{"href":"https:\/\/www.ollerupmaskinfabrik.dk\/de\/wp-json\/wp\/v2\/pages"}],"about":[{"href":"https:\/\/www.ollerupmaskinfabrik.dk\/de\/wp-json\/wp\/v2\/types\/page"}],"author":[{"embeddable":true,"href":"https:\/\/www.ollerupmaskinfabrik.dk\/de\/wp-json\/wp\/v2\/users\/1"}],"replies":[{"embeddable":true,"href":"https:\/\/www.ollerupmaskinfabrik.dk\/de\/wp-json\/wp\/v2\/comments?post=1713"}],"version-history":[{"count":14,"href":"https:\/\/www.ollerupmaskinfabrik.dk\/de\/wp-json\/wp\/v2\/pages\/1713\/revisions"}],"predecessor-version":[{"id":4504,"href":"https:\/\/www.ollerupmaskinfabrik.dk\/de\/wp-json\/wp\/v2\/pages\/1713\/revisions\/4504"}],"up":[{"embeddable":true,"href":"https:\/\/www.ollerupmaskinfabrik.dk\/de\/wp-json\/wp\/v2\/pages\/92"}],"wp:featuredmedia":[{"embeddable":true,"href":"https:\/\/www.ollerupmaskinfabrik.dk\/de\/wp-json\/wp\/v2\/media\/3822"}],"wp:attachment":[{"href":"https:\/\/www.ollerupmaskinfabrik.dk\/de\/wp-json\/wp\/v2\/media?parent=1713"}],"curies":[{"name":"wp","href":"https:\/\/api.w.org\/{rel}","templated":true}]}}