{"id":1646,"date":"2023-11-27T11:38:18","date_gmt":"2023-11-27T11:38:18","guid":{"rendered":"https:\/\/ollerupmaskinfabrik.dk.web07.webtohosting.dk\/?page_id=1646"},"modified":"2026-03-02T08:39:48","modified_gmt":"2026-03-02T08:39:48","slug":"job-bei-ollerup-maskinfabrik","status":"publish","type":"page","link":"https:\/\/www.ollerupmaskinfabrik.dk\/de\/om-os\/job-hos-ollerup-maskinfabrik\/","title":{"rendered":"Job bei Ollerup Maskinfabrik"},"content":{"rendered":"<div data-elementor-type=\"wp-page\" data-elementor-id=\"1646\" class=\"elementor elementor-1646\" data-elementor-post-type=\"page\">\n\t\t\t\t\t\t<section class=\"elementor-section elementor-top-section elementor-element elementor-element-4a54ac9f elementor-section-boxed elementor-section-height-default elementor-section-height-default\" data-id=\"4a54ac9f\" data-element_type=\"section\" data-e-type=\"section\" data-settings=\"{&quot;background_background&quot;:&quot;classic&quot;}\">\n\t\t\t\t\t\t<div class=\"elementor-container elementor-column-gap-default\">\n\t\t\t\t\t<div class=\"elementor-column elementor-col-100 elementor-top-column elementor-element elementor-element-5932e4c7\" data-id=\"5932e4c7\" data-element_type=\"column\" data-e-type=\"column\">\n\t\t\t<div class=\"elementor-widget-wrap elementor-element-populated\">\n\t\t\t\t\t\t<div class=\"elementor-element elementor-element-55d9ece elementor-widget elementor-widget-heading\" data-id=\"55d9ece\" data-element_type=\"widget\" data-e-type=\"widget\" data-widget_type=\"heading.default\">\n\t\t\t\t<div class=\"elementor-widget-container\">\n\t\t\t\t\t<h2 class=\"elementor-heading-title elementor-size-default\">Offene Stellen bei Ollerup Maskinfabrik:<\/h2>\t\t\t\t<\/div>\n\t\t\t\t<\/div>\n\t\t\t\t<section class=\"elementor-section elementor-inner-section elementor-element elementor-element-375da225 elementor-section-boxed elementor-section-height-default elementor-section-height-default\" data-id=\"375da225\" data-element_type=\"section\" data-e-type=\"section\">\n\t\t\t\t\t\t<div class=\"elementor-container elementor-column-gap-default\">\n\t\t\t\t\t<div class=\"elementor-column elementor-col-33 elementor-inner-column elementor-element elementor-element-7704a67d\" data-id=\"7704a67d\" data-element_type=\"column\" data-e-type=\"column\" data-settings=\"{&quot;background_background&quot;:&quot;classic&quot;}\">\n\t\t\t<div class=\"elementor-widget-wrap elementor-element-populated\">\n\t\t\t\t\t\t<div class=\"elementor-element elementor-element-be0b339 elementor-widget elementor-widget-text-editor\" data-id=\"be0b339\" data-element_type=\"widget\" data-e-type=\"widget\" data-widget_type=\"text-editor.default\">\n\t\t\t\t<div class=\"elementor-widget-container\">\n\t\t\t\t\t\t\t\t\t<h4><strong>Produktionsmitarbeiter mit Schwerpunkt auf der Herstellung von Spezialteilen:<\/strong><\/h4><p><i>\u00dcber die Arbeit bei Ollerup Maskinfabrik A\/S:<\/i><\/p><p>Ollerup Maskinfabrik A\/S w\u00e4chst und wir suchen st\u00e4ndig neue Kollegen f\u00fcr unsere Produktion von Stahl- und Aluminiumkonstruktionen.\u00a0<span style=\"background-color: var( --e-global-color-f2b4aee ); color: var( --e-global-color-faa18bf );\">Momentan fehlen uns <strong>2-3 neue Kollegen<\/strong> An unser Produktionsteam, mit Fokus auf die Herstellung von Sonderanfertigungen f\u00fcr Industriekunden mit hohen Qualit\u00e4tsanforderungen.\u00a0<\/span><\/p><p>Haben Sie Erfahrung mit Laser- und Plasmaschneiden, dem L\u00f6sen von Schwei\u00df- und Biegungsaufgaben sowie allgemeinen und anfallenden Schmiedearbeiten? Brennen <em>Sie <\/em>f\u00fcr Schwei\u00df- und Schmiedearbeiten, und haben Sie Erfahrung mit Zertifikatsschwei\u00dfarbeiten an Werkst\u00fccken aus Schwarzstahl, Edelstahl und Aluminium, dann sind<em> Sie <\/em>Wahrscheinlich unser neuestes Mitglied in unserem Team!<\/p><p><i>Qualifikationen:<\/i><\/p><ul><li>Erfahrung mit Schwei\u00dfarbeiten an industriellen Schwarz- und Edelstahlteilen<\/li><li>Gerne Erfahrung mit dem Schwei\u00dfen von Werkst\u00fccken in Aluminium<\/li><li>Erfahrung mit MIG\/MAG &amp; WIG-Schwei\u00dfen<\/li><li>Gerne Erfahrung mit Roboterschwei\u00dfen sowie ggf. CMT-Schwei\u00dfen, aber keine Voraussetzung<\/li><li>Ausgebildeter Schwei\u00dfer und gegebenenfalls zertifizierter Schwei\u00dfer, vorzugsweise mit g\u00fcltigen Schwei\u00dfzertifikaten f\u00fcr MIG\/MAG- und WIG-Schwei\u00dfen.\u00a0<\/li><\/ul><div>\u00a0<\/div><div><i>Pers\u00f6nliche Qualifikationen:<\/i><\/div><ul><li>Gute Laune und umg\u00e4ngliche Pers\u00f6nlichkeit<\/li><li>Zuverl\u00e4ssig und engagiert<\/li><li>Fokussiert und qualit\u00e4tsbewusst\u00a0<\/li><li>M\u00f6chtest du einen Unterschied in unserem Team machen.<\/li><\/ul><div>\u00a0<\/div><div><i>So bewerben Sie sich auf die Stelle:<\/i><br \/>Interessiert? Dann kontaktieren Sie unseren Werksleiter Tim Christoffersen unter der Telefonnummer. <em><strong>58266028<\/strong><\/em> oder direkt am Telefon. <em><strong>51167450<\/strong><\/em> oder per E-Mail <a href=\"mailto:tim@ollerupmaskinfabrik.dk\">tim@ollerupmaskinfabrik.dk<\/a>.\u00a0<\/div><p><strong>\u00a0<\/strong><\/p>\t\t\t\t\t\t\t\t<\/div>\n\t\t\t\t<\/div>\n\t\t\t\t\t<\/div>\n\t\t<\/div>\n\t\t\t\t<div class=\"elementor-column elementor-col-33 elementor-inner-column elementor-element elementor-element-5443235\" data-id=\"5443235\" data-element_type=\"column\" data-e-type=\"column\" data-settings=\"{&quot;background_background&quot;:&quot;classic&quot;}\">\n\t\t\t<div class=\"elementor-widget-wrap elementor-element-populated\">\n\t\t\t\t\t\t<div class=\"elementor-element elementor-element-c6fa28b elementor-widget elementor-widget-text-editor\" data-id=\"c6fa28b\" data-element_type=\"widget\" data-e-type=\"widget\" data-widget_type=\"text-editor.default\">\n\t\t\t\t<div class=\"elementor-widget-container\">\n\t\t\t\t\t\t\t\t\t<p><strong>Kompetenter und fachlich versierter Schlosser f\u00fcr allgemeine Schlosserei- und Schwei\u00dfarbeiten gesucht:<\/strong><\/p><p><i>\u00dcber die Arbeit bei Ollerup Maskinfabrik A\/S:<\/i><\/p><p style=\"font-weight: 400;\">Ollerup Maskinfabrik A\/S sucht einen f\u00e4higen und fachlich kompetenten Schlosser f\u00fcr regul\u00e4re Schwei\u00df- und Schmiedearbeiten. Brennen Sie f\u00fcr Schwei\u00df- und Schmiedearbeiten und verf\u00fcgen Sie \u00fcber Erfahrung im zertifizierten Schwei\u00dfen von Stahlkonstruktionen aus Schwarz-, Edelstahl und Aluminium, sind Sie wahrscheinlich unser neuer Kollege!<\/p><p style=\"font-weight: 400;\">Wir stellen uns vor, Sie sind ein ausgebildeter Schmied mit mehrj\u00e4hriger Erfahrung in der Ausf\u00fchrung von Schmiede- und Schwei\u00dfarbeiten. Sind Sie zudem p\u00fcnktlich, engagiert, konzentriert und qualit\u00e4tsbewusst, dann sind Sie mit sehr hoher Wahrscheinlichkeit unser neuer Mitarbeiter!<\/p><p><i>Qualifikationen:<\/i><\/p><ul><li>Erfahrung mit Schwei\u00dfarbeiten an industriellen Schwarz- und Edelstahlteilen<\/li><li>Gerne Erfahrung mit dem Schwei\u00dfen von Werkst\u00fccken in Aluminium<\/li><li>Erfahrung mit MIG\/MAG &amp; WIG-Schwei\u00dfen<\/li><li>Gerne Erfahrung mit Roboterschwei\u00dfen sowie ggf. CMT-Schwei\u00dfen, aber keine Voraussetzung<\/li><li>Ausgebildeter Schwei\u00dfer und gegebenenfalls zertifizierter Schwei\u00dfer, vorzugsweise mit g\u00fcltigen Schwei\u00dfzertifikaten f\u00fcr MIG\/MAG- und WIG-Schwei\u00dfen.\u00a0<\/li><\/ul><div>\u00a0<\/div><div><i>Pers\u00f6nliche Qualifikationen:<\/i><\/div><ul><li>Gute Laune und umg\u00e4ngliche Pers\u00f6nlichkeit<\/li><li>Zuverl\u00e4ssig und engagiert<\/li><li>Fokussiert und qualit\u00e4tsbewusst\u00a0<\/li><li>M\u00f6chtest du einen Unterschied in unserem Team machen.<\/li><\/ul><div>\u00a0<\/div><div><i>So bewerben Sie sich auf die Stelle:<\/i><br \/>Interessiert? Dann kontaktieren Sie unseren Werksleiter Tim Christoffersen unter der Telefonnummer. <em><strong>58266028<\/strong><\/em> oder direkt am Telefon. <em><strong>51167450<\/strong><\/em> oder per E-Mail: <a href=\"mailto:tim@ollerupmaskinfabrik.dk\">tim@ollerupmaskinfabrik.dk<\/a>.\u00a0<\/div><p><strong>\u00a0<\/strong><\/p>\t\t\t\t\t\t\t\t<\/div>\n\t\t\t\t<\/div>\n\t\t\t\t\t<\/div>\n\t\t<\/div>\n\t\t\t\t<div class=\"elementor-column elementor-col-33 elementor-inner-column elementor-element elementor-element-6e658570\" data-id=\"6e658570\" data-element_type=\"column\" data-e-type=\"column\">\n\t\t\t<div class=\"elementor-widget-wrap elementor-element-populated\">\n\t\t\t\t\t\t<div class=\"elementor-element elementor-element-5cfeff63 elementor-widget elementor-widget-heading\" data-id=\"5cfeff63\" data-element_type=\"widget\" data-e-type=\"widget\" data-widget_type=\"heading.default\">\n\t\t\t\t<div class=\"elementor-widget-container\">\n\t\t\t\t\t<h1 class=\"elementor-heading-title elementor-size-default\">Schicken Sie uns gerne Ihre Bewerbung! <\/h1>\t\t\t\t<\/div>\n\t\t\t\t<\/div>\n\t\t\t\t<div class=\"elementor-element elementor-element-78f9e95c elementor-widget elementor-widget-text-editor\" data-id=\"78f9e95c\" data-element_type=\"widget\" data-e-type=\"widget\" data-widget_type=\"text-editor.default\">\n\t\t\t\t<div class=\"elementor-widget-container\">\n\t\t\t\t\t\t\t\t\t<p>Wir sind immer auf der Suche nach neuen Mitarbeitern, die gut in ihrem Job sind.\u00a0<\/p><p>Unsere Arbeitstage sind nie gleich und die Mitarbeiter sind meist von Anfang bis Ende in die Projekte involviert, in enger Zusammenarbeit und im Dialog mit unseren Kunden. Die meisten unserer Mitarbeiter sind seit vielen Jahren im Unternehmen t\u00e4tig und k\u00f6nnen auf langj\u00e4hrige Erfahrung zur\u00fcckgreifen.\u00a0\u00a0<\/p><p>Unser Markenzeichen ist die Nutzung neuester Technologie, kontinuierliche Entwicklung, ein gutes Arbeitsumfeld sowie die Lieferung eines hohen Standards.<\/p><p>Bei Ollerup Maskinfabrik A\/S fordern und unterst\u00fctzen wir uns gegenseitig \u00fcber Arbeits- und Kompetenzbereiche hinweg und legen Wert auf ein gutes Arbeitsumfeld.\u00a0<\/p>\t\t\t\t\t\t\t\t<\/div>\n\t\t\t\t<\/div>\n\t\t\t\t<div class=\"elementor-element elementor-element-16f04be0 elementor-widget__width-auto elementor-widget elementor-widget-button\" data-id=\"16f04be0\" data-element_type=\"widget\" data-e-type=\"widget\" data-widget_type=\"button.default\">\n\t\t\t\t<div class=\"elementor-widget-container\">\n\t\t\t\t\t\t\t\t\t<div class=\"elementor-button-wrapper\">\n\t\t\t\t\t<a class=\"elementor-button elementor-button-link elementor-size-sm\" href=\"mailto:info@olleupmaskinfabrik.dk\">\n\t\t\t\t\t\t<span class=\"elementor-button-content-wrapper\">\n\t\t\t\t\t\t\t\t\t<span class=\"elementor-button-text\">Senden Sie Ihre Bewerbung<\/span>\n\t\t\t\t\t<\/span>\n\t\t\t\t\t<\/a>\n\t\t\t\t<\/div>\n\t\t\t\t\t\t\t\t<\/div>\n\t\t\t\t<\/div>\n\t\t\t\t\t<\/div>\n\t\t<\/div>\n\t\t\t\t\t<\/div>\n\t\t<\/section>\n\t\t\t\t\t<\/div>\n\t\t<\/div>\n\t\t\t\t\t<\/div>\n\t\t<\/section>\n\t\t\t\t<section class=\"elementor-section elementor-top-section elementor-element elementor-element-d4be5ef elementor-section-boxed elementor-section-height-default elementor-section-height-default\" data-id=\"d4be5ef\" data-element_type=\"section\" data-e-type=\"section\">\n\t\t\t\t\t\t<div class=\"elementor-container elementor-column-gap-default\">\n\t\t\t\t\t<div class=\"elementor-column elementor-col-100 elementor-top-column elementor-element elementor-element-c6234fc\" data-id=\"c6234fc\" data-element_type=\"column\" data-e-type=\"column\">\n\t\t\t<div class=\"elementor-widget-wrap elementor-element-populated\">\n\t\t\t\t\t\t<div class=\"elementor-element elementor-element-59ced24 elementor-arrows-position-inside elementor-pagination-position-outside elementor-widget elementor-widget-image-carousel\" data-id=\"59ced24\" data-element_type=\"widget\" data-e-type=\"widget\" data-settings=\"{&quot;slides_to_show&quot;:&quot;4&quot;,&quot;slides_to_scroll&quot;:&quot;1&quot;,&quot;navigation&quot;:&quot;both&quot;,&quot;autoplay&quot;:&quot;yes&quot;,&quot;pause_on_hover&quot;:&quot;yes&quot;,&quot;pause_on_interaction&quot;:&quot;yes&quot;,&quot;autoplay_speed&quot;:5000,&quot;infinite&quot;:&quot;yes&quot;,&quot;speed&quot;:500,&quot;image_spacing_custom&quot;:{&quot;unit&quot;:&quot;px&quot;,&quot;size&quot;:20,&quot;sizes&quot;:[]},&quot;image_spacing_custom_widescreen&quot;:{&quot;unit&quot;:&quot;px&quot;,&quot;size&quot;:&quot;&quot;,&quot;sizes&quot;:[]},&quot;image_spacing_custom_tablet&quot;:{&quot;unit&quot;:&quot;px&quot;,&quot;size&quot;:&quot;&quot;,&quot;sizes&quot;:[]},&quot;image_spacing_custom_mobile&quot;:{&quot;unit&quot;:&quot;px&quot;,&quot;size&quot;:&quot;&quot;,&quot;sizes&quot;:[]}}\" data-widget_type=\"image-carousel.default\">\n\t\t\t\t<div class=\"elementor-widget-container\">\n\t\t\t\t\t\t\t<div class=\"elementor-image-carousel-wrapper swiper\" role=\"region\" aria-roledescription=\"carousel\" aria-label=\"Bilderkarussell\" dir=\"ltr\">\n\t\t\t<div class=\"elementor-image-carousel swiper-wrapper\" aria-live=\"off\">\n\t\t\t\t\t\t\t\t<div class=\"swiper-slide\" role=\"group\" aria-roledescription=\"slide\" aria-label=\"1 von 7\"><a data-elementor-open-lightbox=\"yes\" data-elementor-lightbox-slideshow=\"59ced24\" data-elementor-lightbox-title=\"ollerup_maskinfabrik_112\" data-e-action-hash=\"#elementor-action%3Aaction%3Dlightbox%26settings%3DeyJpZCI6MTk5NiwidXJsIjoiaHR0cHM6XC9cL3d3dy5vbGxlcnVwbWFza2luZmFicmlrLmRrXC93cC1jb250ZW50XC91cGxvYWRzXC8yMDIzXC8xMlwvb2xsZXJ1cF9tYXNraW5mYWJyaWtfMTEyLXNjYWxlZC5qcGciLCJzbGlkZXNob3ciOiI1OWNlZDI0In0%3D\" href=\"https:\/\/www.ollerupmaskinfabrik.dk\/wp-content\/uploads\/2023\/12\/ollerup_maskinfabrik_112-scaled.jpg\"><figure class=\"swiper-slide-inner\"><img decoding=\"async\" class=\"swiper-slide-image\" src=\"https:\/\/www.ollerupmaskinfabrik.dk\/wp-content\/uploads\/elementor\/thumbs\/ollerup_maskinfabrik_112-scaled-qg5wukr84p4472z87lej5i7xa8nhm2wfof24dlfuzk.jpg\" alt=\"Ollerup Maschinenfabrik 112\" \/><\/figure><\/a><\/div><div class=\"swiper-slide\" role=\"group\" aria-roledescription=\"slide\" aria-label=\"2 von 7\"><a data-elementor-open-lightbox=\"yes\" data-elementor-lightbox-slideshow=\"59ced24\" data-elementor-lightbox-title=\"ollerup_maskinfabrik_110\" data-e-action-hash=\"#elementor-action%3Aaction%3Dlightbox%26settings%3DeyJpZCI6ODQ4LCJ1cmwiOiJodHRwczpcL1wvd3d3Lm9sbGVydXBtYXNraW5mYWJyaWsuZGtcL3dwLWNvbnRlbnRcL3VwbG9hZHNcLzIwMjNcLzExXC9vbGxlcnVwX21hc2tpbmZhYnJpa18xMTAtc2NhbGVkLmpwZyIsInNsaWRlc2hvdyI6IjU5Y2VkMjQifQ%3D%3D\" href=\"https:\/\/www.ollerupmaskinfabrik.dk\/wp-content\/uploads\/2023\/11\/ollerup_maskinfabrik_110-scaled.jpg\"><figure class=\"swiper-slide-inner\"><img decoding=\"async\" class=\"swiper-slide-image\" src=\"https:\/\/www.ollerupmaskinfabrik.dk\/wp-content\/uploads\/elementor\/thumbs\/ollerup_maskinfabrik_110-scaled-qfq9whlg9ed8wklnxgsptkza15mb1bxqolhl2q65k0.jpg\" alt=\"Ollerup_Maschinenfabrik_110\" \/><\/figure><\/a><\/div><div class=\"swiper-slide\" role=\"group\" aria-roledescription=\"slide\" aria-label=\"3 von 7\"><a data-elementor-open-lightbox=\"yes\" data-elementor-lightbox-slideshow=\"59ced24\" data-elementor-lightbox-title=\"svejsning\" data-e-action-hash=\"#elementor-action%3Aaction%3Dlightbox%26settings%3DeyJpZCI6NDY1OSwidXJsIjoiaHR0cHM6XC9cL3d3dy5vbGxlcnVwbWFza2luZmFicmlrLmRrXC93cC1jb250ZW50XC91cGxvYWRzXC8yMDI0XC8wMlwvc3ZlanNuaW5nLXNjYWxlZC5qcGciLCJzbGlkZXNob3ciOiI1OWNlZDI0In0%3D\" href=\"https:\/\/www.ollerupmaskinfabrik.dk\/wp-content\/uploads\/2024\/02\/svejsning-scaled.jpg\"><figure class=\"swiper-slide-inner\"><img decoding=\"async\" class=\"swiper-slide-image\" src=\"https:\/\/www.ollerupmaskinfabrik.dk\/wp-content\/uploads\/elementor\/thumbs\/svejsning-scaled-qk870d2elcacywutqd4ow7anus5oyrg9f51apymwf4.jpg\" alt=\"Schwei\u00dfen\" \/><\/figure><\/a><\/div><div class=\"swiper-slide\" role=\"group\" aria-roledescription=\"slide\" aria-label=\"4 von 7\"><a data-elementor-open-lightbox=\"yes\" data-elementor-lightbox-slideshow=\"59ced24\" data-elementor-lightbox-title=\"DSC09341\" data-e-action-hash=\"#elementor-action%3Aaction%3Dlightbox%26settings%3DeyJpZCI6NDY1OCwidXJsIjoiaHR0cHM6XC9cL3d3dy5vbGxlcnVwbWFza2luZmFicmlrLmRrXC93cC1jb250ZW50XC91cGxvYWRzXC8yMDI0XC8wMlwvRFNDMDkzNDEtc2NhbGVkLmpwZyIsInNsaWRlc2hvdyI6IjU5Y2VkMjQifQ%3D%3D\" href=\"https:\/\/www.ollerupmaskinfabrik.dk\/wp-content\/uploads\/2024\/02\/DSC09341-scaled.jpg\"><figure class=\"swiper-slide-inner\"><img decoding=\"async\" class=\"swiper-slide-image\" src=\"https:\/\/www.ollerupmaskinfabrik.dk\/wp-content\/uploads\/elementor\/thumbs\/DSC09341-scaled-qk8700ui4htmrzckppujhsdo4rtx6p3r1gjzhd50o0.jpg\" alt=\"DSC09341\" \/><\/figure><\/a><\/div><div class=\"swiper-slide\" role=\"group\" aria-roledescription=\"slide\" aria-label=\"5 von 7\"><a data-elementor-open-lightbox=\"yes\" data-elementor-lightbox-slideshow=\"59ced24\" data-elementor-lightbox-title=\"DSC09338\" data-e-action-hash=\"#elementor-action%3Aaction%3Dlightbox%26settings%3DeyJpZCI6NDY1NywidXJsIjoiaHR0cHM6XC9cL3d3dy5vbGxlcnVwbWFza2luZmFicmlrLmRrXC93cC1jb250ZW50XC91cGxvYWRzXC8yMDI0XC8wMlwvRFNDMDkzMzgtc2NhbGVkLmpwZyIsInNsaWRlc2hvdyI6IjU5Y2VkMjQifQ%3D%3D\" href=\"https:\/\/www.ollerupmaskinfabrik.dk\/wp-content\/uploads\/2024\/02\/DSC09338-scaled.jpg\"><figure class=\"swiper-slide-inner\"><img decoding=\"async\" class=\"swiper-slide-image\" src=\"https:\/\/www.ollerupmaskinfabrik.dk\/wp-content\/uploads\/elementor\/thumbs\/DSC09338-scaled-qk86zpkfuhe6wnsyjkz0nv8505dimbuyzwq5q1lqqo.jpg\" alt=\"Schwei\u00dfen von Aluminium, nahe der Schwei\u00dfflamme\" \/><\/figure><\/a><\/div><div class=\"swiper-slide\" role=\"group\" aria-roledescription=\"slide\" aria-label=\"6 von 7\"><a data-elementor-open-lightbox=\"yes\" data-elementor-lightbox-slideshow=\"59ced24\" data-elementor-lightbox-title=\"DSC09329\" data-e-action-hash=\"#elementor-action%3Aaction%3Dlightbox%26settings%3DeyJpZCI6NDY1NiwidXJsIjoiaHR0cHM6XC9cL3d3dy5vbGxlcnVwbWFza2luZmFicmlrLmRrXC93cC1jb250ZW50XC91cGxvYWRzXC8yMDI0XC8wMlwvRFNDMDkzMjktc2NhbGVkLmpwZyIsInNsaWRlc2hvdyI6IjU5Y2VkMjQifQ%3D%3D\" href=\"https:\/\/www.ollerupmaskinfabrik.dk\/wp-content\/uploads\/2024\/02\/DSC09329-scaled.jpg\"><figure class=\"swiper-slide-inner\"><img decoding=\"async\" class=\"swiper-slide-image\" src=\"https:\/\/www.ollerupmaskinfabrik.dk\/wp-content\/uploads\/elementor\/thumbs\/DSC09329-scaled-qk86zdcjdmxgpqapixov9gb5a51qu9igm88uhg3uzk.jpg\" alt=\"Schwei\u00dfen von rostfreiem Stahl mit blauer, klarer Flamme und Schutzmaske\" \/><\/figure><\/a><\/div><div class=\"swiper-slide\" role=\"group\" aria-roledescription=\"slide\" aria-label=\"7 von 7\"><a data-elementor-open-lightbox=\"yes\" data-elementor-lightbox-slideshow=\"59ced24\" data-elementor-lightbox-title=\"DSC09325\" data-e-action-hash=\"#elementor-action%3Aaction%3Dlightbox%26settings%3DeyJpZCI6NDY1NSwidXJsIjoiaHR0cHM6XC9cL3d3dy5vbGxlcnVwbWFza2luZmFicmlrLmRrXC93cC1jb250ZW50XC91cGxvYWRzXC8yMDI0XC8wMlwvRFNDMDkzMjUtc2NhbGVkLmpwZyIsInNsaWRlc2hvdyI6IjU5Y2VkMjQifQ%3D%3D\" href=\"https:\/\/www.ollerupmaskinfabrik.dk\/wp-content\/uploads\/2024\/02\/DSC09325-scaled.jpg\"><figure class=\"swiper-slide-inner\"><img decoding=\"async\" class=\"swiper-slide-image\" src=\"https:\/\/www.ollerupmaskinfabrik.dk\/wp-content\/uploads\/elementor\/thumbs\/DSC09325-scaled-qk86yz8yj4e5vkv6t9lgq1v8dcz8msyhkagkaaorkw.jpg\" alt=\"DSC09325\" \/><\/figure><\/a><\/div>\t\t\t<\/div>\n\t\t\t\t\t\t\t\t\t\t\t\t<div class=\"elementor-swiper-button elementor-swiper-button-prev\" role=\"button\" tabindex=\"0\">\n\t\t\t\t\t\t<i aria-hidden=\"true\" class=\"eicon-chevron-left\"><\/i>\t\t\t\t\t<\/div>\n\t\t\t\t\t<div class=\"elementor-swiper-button elementor-swiper-button-next\" role=\"button\" tabindex=\"0\">\n\t\t\t\t\t\t<i aria-hidden=\"true\" class=\"eicon-chevron-right\"><\/i>\t\t\t\t\t<\/div>\n\t\t\t\t\n\t\t\t\t\t\t\t\t\t<div class=\"swiper-pagination\"><\/div>\n\t\t\t\t\t\t\t\t\t<\/div>\n\t\t\t\t\t\t<\/div>\n\t\t\t\t<\/div>\n\t\t\t\t\t<\/div>\n\t\t<\/div>\n\t\t\t\t\t<\/div>\n\t\t<\/section>\n\t\t\t\t<section class=\"elementor-section elementor-top-section elementor-element elementor-element-e8f15f9 elementor-section-boxed elementor-section-height-default elementor-section-height-default\" data-id=\"e8f15f9\" data-element_type=\"section\" data-e-type=\"section\">\n\t\t\t\t\t\t<div class=\"elementor-container elementor-column-gap-default\">\n\t\t\t\t\t<div class=\"elementor-column elementor-col-100 elementor-top-column elementor-element elementor-element-1db9531\" data-id=\"1db9531\" data-element_type=\"column\" data-e-type=\"column\">\n\t\t\t<div class=\"elementor-widget-wrap\">\n\t\t\t\t\t\t\t<\/div>\n\t\t<\/div>\n\t\t\t\t\t<\/div>\n\t\t<\/section>\n\t\t\t\t<\/div>","protected":false},"excerpt":{"rendered":"<p>Ledige stiller hos Ollerup Maskinfabrik: Produktionsmedarbejder, med fokus p\u00e5 produktion af specialemner: Om jobbet i Ollerup Maskinfabrik A\/S: Ollerup Maskinfabrik A\/S er i v\u00e6kst, og vi s\u00f8ger konstant efter nye kollegaer til vores produktion af st\u00e5l- og aluminiumskonstruktioner.\u00a0Lige nu mangler vi 2-3 nye kollegaer til vores produktionsteam, med fokus p\u00e5 produktion af specialemner til industrikunder [&hellip;]<\/p>\n","protected":false},"author":1,"featured_media":833,"parent":92,"menu_order":0,"comment_status":"closed","ping_status":"closed","template":"","meta":{"iawp_total_views":862,"footnotes":""},"class_list":["post-1646","page","type-page","status-publish","has-post-thumbnail","hentry"],"_links":{"self":[{"href":"https:\/\/www.ollerupmaskinfabrik.dk\/de\/wp-json\/wp\/v2\/pages\/1646","targetHints":{"allow":["GET"]}}],"collection":[{"href":"https:\/\/www.ollerupmaskinfabrik.dk\/de\/wp-json\/wp\/v2\/pages"}],"about":[{"href":"https:\/\/www.ollerupmaskinfabrik.dk\/de\/wp-json\/wp\/v2\/types\/page"}],"author":[{"embeddable":true,"href":"https:\/\/www.ollerupmaskinfabrik.dk\/de\/wp-json\/wp\/v2\/users\/1"}],"replies":[{"embeddable":true,"href":"https:\/\/www.ollerupmaskinfabrik.dk\/de\/wp-json\/wp\/v2\/comments?post=1646"}],"version-history":[{"count":112,"href":"https:\/\/www.ollerupmaskinfabrik.dk\/de\/wp-json\/wp\/v2\/pages\/1646\/revisions"}],"predecessor-version":[{"id":5679,"href":"https:\/\/www.ollerupmaskinfabrik.dk\/de\/wp-json\/wp\/v2\/pages\/1646\/revisions\/5679"}],"up":[{"embeddable":true,"href":"https:\/\/www.ollerupmaskinfabrik.dk\/de\/wp-json\/wp\/v2\/pages\/92"}],"wp:featuredmedia":[{"embeddable":true,"href":"https:\/\/www.ollerupmaskinfabrik.dk\/de\/wp-json\/wp\/v2\/media\/833"}],"wp:attachment":[{"href":"https:\/\/www.ollerupmaskinfabrik.dk\/de\/wp-json\/wp\/v2\/media?parent=1646"}],"curies":[{"name":"wp","href":"https:\/\/api.w.org\/{rel}","templated":true}]}}