{"id":1557,"date":"2023-11-24T13:06:30","date_gmt":"2023-11-24T13:06:30","guid":{"rendered":"https:\/\/ollerupmaskinfabrik.dk.web07.webtohosting.dk\/?page_id=1557"},"modified":"2026-04-13T13:06:51","modified_gmt":"2026-04-13T13:06:51","slug":"einlegearbeit","status":"publish","type":"page","link":"https:\/\/www.ollerupmaskinfabrik.dk\/de\/kompetencer\/planslibning\/","title":{"rendered":"Planschleifen"},"content":{"rendered":"<div data-elementor-type=\"wp-page\" data-elementor-id=\"1557\" class=\"elementor elementor-1557\" data-elementor-post-type=\"page\">\n\t\t\t\t\t\t<section class=\"elementor-section elementor-top-section elementor-element elementor-element-189917c1 elementor-section-boxed elementor-section-height-default elementor-section-height-default\" data-id=\"189917c1\" data-element_type=\"section\" data-e-type=\"section\" data-settings=\"{&quot;background_background&quot;:&quot;classic&quot;}\">\n\t\t\t\t\t\t<div class=\"elementor-container elementor-column-gap-default\">\n\t\t\t\t\t<div class=\"elementor-column elementor-col-100 elementor-top-column elementor-element elementor-element-72fcb9af\" data-id=\"72fcb9af\" data-element_type=\"column\" data-e-type=\"column\">\n\t\t\t<div class=\"elementor-widget-wrap elementor-element-populated\">\n\t\t\t\t\t\t<section class=\"elementor-section elementor-inner-section elementor-element elementor-element-317c38e1 elementor-section-boxed elementor-section-height-default elementor-section-height-default\" data-id=\"317c38e1\" data-element_type=\"section\" data-e-type=\"section\">\n\t\t\t\t\t\t<div class=\"elementor-container elementor-column-gap-default\">\n\t\t\t\t\t<div class=\"elementor-column elementor-col-50 elementor-inner-column elementor-element elementor-element-3ac0e31c\" data-id=\"3ac0e31c\" data-element_type=\"column\" data-e-type=\"column\">\n\t\t\t<div class=\"elementor-widget-wrap elementor-element-populated\">\n\t\t\t\t\t\t<div class=\"elementor-element elementor-element-6f96e077 elementor-widget elementor-widget-image\" data-id=\"6f96e077\" data-element_type=\"widget\" data-e-type=\"widget\" data-widget_type=\"image.default\">\n\t\t\t\t<div class=\"elementor-widget-container\">\n\t\t\t\t\t\t\t\t\t\t\t\t\t\t\t<img fetchpriority=\"high\" decoding=\"async\" width=\"2560\" height=\"1636\" src=\"https:\/\/www.ollerupmaskinfabrik.dk\/wp-content\/uploads\/2024\/02\/DSC09110-scaled.jpg\" class=\"attachment-full size-full wp-image-3850\" alt=\"Planschleifen\" srcset=\"https:\/\/www.ollerupmaskinfabrik.dk\/wp-content\/uploads\/2024\/02\/DSC09110-scaled.jpg 2560w, https:\/\/www.ollerupmaskinfabrik.dk\/wp-content\/uploads\/2024\/02\/DSC09110-300x192.jpg 300w, https:\/\/www.ollerupmaskinfabrik.dk\/wp-content\/uploads\/2024\/02\/DSC09110-1024x655.jpg 1024w, https:\/\/www.ollerupmaskinfabrik.dk\/wp-content\/uploads\/2024\/02\/DSC09110-768x491.jpg 768w, https:\/\/www.ollerupmaskinfabrik.dk\/wp-content\/uploads\/2024\/02\/DSC09110-1536x982.jpg 1536w, https:\/\/www.ollerupmaskinfabrik.dk\/wp-content\/uploads\/2024\/02\/DSC09110-2048x1309.jpg 2048w\" sizes=\"(max-width: 2560px) 100vw, 2560px\" \/>\t\t\t\t\t\t\t\t\t\t\t\t\t\t\t<\/div>\n\t\t\t\t<\/div>\n\t\t\t\t\t<\/div>\n\t\t<\/div>\n\t\t\t\t<div class=\"elementor-column elementor-col-50 elementor-inner-column elementor-element elementor-element-24066022\" data-id=\"24066022\" data-element_type=\"column\" data-e-type=\"column\">\n\t\t\t<div class=\"elementor-widget-wrap elementor-element-populated\">\n\t\t\t\t\t\t<div class=\"elementor-element elementor-element-2c4ae64a elementor-widget elementor-widget-heading\" data-id=\"2c4ae64a\" data-element_type=\"widget\" data-e-type=\"widget\" data-widget_type=\"heading.default\">\n\t\t\t\t<div class=\"elementor-widget-container\">\n\t\t\t\t\t<h1 class=\"elementor-heading-title elementor-size-default\">Planschleifen<\/h1>\t\t\t\t<\/div>\n\t\t\t\t<\/div>\n\t\t\t\t<div class=\"elementor-element elementor-element-5a4cabc1 elementor-widget elementor-widget-text-editor\" data-id=\"5a4cabc1\" data-element_type=\"widget\" data-e-type=\"widget\" data-widget_type=\"text-editor.default\">\n\t\t\t\t<div class=\"elementor-widget-container\">\n\t\t\t\t\t\t\t\t\t<p>Planschleifen wird auf unserer G\u00f6ckel-Planschleifmaschine mit sehr feinen Toleranzen und Oberfl\u00e4chen mit geringer Rauheit angeboten. Wir planschleifen sowohl weichen Stahl als auch sehr hart geh\u00e4rteten Stahl. Gut ausgef\u00fchrtes Planschleifen gew\u00e4hrleistet eine glatte Oberfl\u00e4che frei von unebenem Material.\u00a0<\/p><p>Wir haben sehr gro\u00dfe Erfahrung im Bereich Planschleifen und liefern Planschleifen in bester Qualit\u00e4t zu wettbewerbsf\u00e4higen Preisen an unsere Kunden im In- und Ausland.\u00a0<\/p><p>F\u00fcr das Flachschleifen setzen wir die folgenden Maschinen ein:<\/p><p>G\u00f6ckel GB 65 Pl.<\/p>\t\t\t\t\t\t\t\t<\/div>\n\t\t\t\t<\/div>\n\t\t\t\t<div class=\"elementor-element elementor-element-450d4b4a elementor-widget__width-auto elementor-widget elementor-widget-button\" data-id=\"450d4b4a\" data-element_type=\"widget\" data-e-type=\"widget\" data-widget_type=\"button.default\">\n\t\t\t\t<div class=\"elementor-widget-container\">\n\t\t\t\t\t\t\t\t\t<div class=\"elementor-button-wrapper\">\n\t\t\t\t\t<a class=\"elementor-button elementor-button-link elementor-size-sm\" href=\"https:\/\/www.ollerupmaskinfabrik.dk\/de\/kontakt\/\">\n\t\t\t\t\t\t<span class=\"elementor-button-content-wrapper\">\n\t\t\t\t\t\t\t\t\t<span class=\"elementor-button-text\">Kontakt<\/span>\n\t\t\t\t\t<\/span>\n\t\t\t\t\t<\/a>\n\t\t\t\t<\/div>\n\t\t\t\t\t\t\t\t<\/div>\n\t\t\t\t<\/div>\n\t\t\t\t\t<\/div>\n\t\t<\/div>\n\t\t\t\t\t<\/div>\n\t\t<\/section>\n\t\t\t\t\t<\/div>\n\t\t<\/div>\n\t\t\t\t\t<\/div>\n\t\t<\/section>\n\t\t\t\t<section class=\"elementor-section elementor-top-section elementor-element elementor-element-56732b95 elementor-section-boxed elementor-section-height-default elementor-section-height-default\" data-id=\"56732b95\" data-element_type=\"section\" data-e-type=\"section\" data-settings=\"{&quot;background_background&quot;:&quot;classic&quot;}\">\n\t\t\t\t\t\t<div class=\"elementor-container elementor-column-gap-default\">\n\t\t\t\t\t<div class=\"elementor-column elementor-col-100 elementor-top-column elementor-element elementor-element-41008442\" data-id=\"41008442\" data-element_type=\"column\" data-e-type=\"column\">\n\t\t\t<div class=\"elementor-widget-wrap elementor-element-populated\">\n\t\t\t\t\t\t<section class=\"elementor-section elementor-inner-section elementor-element elementor-element-5f9ed341 elementor-section-boxed elementor-section-height-default elementor-section-height-default\" data-id=\"5f9ed341\" data-element_type=\"section\" data-e-type=\"section\">\n\t\t\t\t\t\t<div class=\"elementor-container elementor-column-gap-default\">\n\t\t\t\t\t<div class=\"elementor-column elementor-col-50 elementor-inner-column elementor-element elementor-element-1e10e7f9\" data-id=\"1e10e7f9\" data-element_type=\"column\" data-e-type=\"column\">\n\t\t\t<div class=\"elementor-widget-wrap elementor-element-populated\">\n\t\t\t\t\t\t<div class=\"elementor-element elementor-element-29ce746 elementor-widget elementor-widget-heading\" data-id=\"29ce746\" data-element_type=\"widget\" data-e-type=\"widget\" data-widget_type=\"heading.default\">\n\t\t\t\t<div class=\"elementor-widget-container\">\n\t\t\t\t\t<h2 class=\"elementor-heading-title elementor-size-default\">Was ist Planschleifen?<\/h2>\t\t\t\t<\/div>\n\t\t\t\t<\/div>\n\t\t\t\t<div class=\"elementor-element elementor-element-0acef46 elementor-widget elementor-widget-text-editor\" data-id=\"0acef46\" data-element_type=\"widget\" data-e-type=\"widget\" data-widget_type=\"text-editor.default\">\n\t\t\t\t<div class=\"elementor-widget-container\">\n\t\t\t\t\t\t\t\t\t<p>Planschleifen ist eine Technik, bei der eine Schleifmaschine verwendet wird, um Material von der Oberfl\u00e4che eines Objekts zu entfernen. Die Schleifmaschine kann je nach Materialtyp und gew\u00fcnschtem Finish mit verschiedenen Schleifscheiben ausgestattet sein. Planschleifen kann verwendet werden, um Unebenheiten auf der Oberfl\u00e4che zu gl\u00e4tten, Rost zu entfernen oder die Oberfl\u00e4che f\u00fcr die weitere Bearbeitung, z. B. Lackieren oder Beschichten, vorzubereiten.<\/p><p><span style=\"background-color: var( --e-global-color-27346bc ); color: var( --e-global-color-text );\">Nach dem Prozess in der Planschleifmaschine wird das Material in die Entgratmaschine sowie den Vibrationstrockner weitergef\u00fchrt. Hier werden die Kanten, beispielsweise mit Graten, entfernt und anschlie\u00dfend f\u00fcr die weitere Produktion getrocknet.\u00a0<\/span><\/p>\t\t\t\t\t\t\t\t<\/div>\n\t\t\t\t<\/div>\n\t\t\t\t<div class=\"elementor-element elementor-element-2525b0d1 elementor-widget elementor-widget-text-editor\" data-id=\"2525b0d1\" data-element_type=\"widget\" data-e-type=\"widget\" data-widget_type=\"text-editor.default\">\n\t\t\t\t<div class=\"elementor-widget-container\">\n\t\t\t\t\t\t\t\t\t<p><strong>Kontaktieren Sie uns noch heute<\/strong><\/p><p>Haben Sie etwas, das planschleift werden soll? Dann sind Sie herzlich willkommen, uns \u00fcber das Kontaktformular rechts zu kontaktieren oder auf \u201eKontakt\u201c zu klicken, um unsere Telefonnummer und E-Mail-Adresse zu finden.<\/p>\t\t\t\t\t\t\t\t<\/div>\n\t\t\t\t<\/div>\n\t\t\t\t<div class=\"elementor-element elementor-element-ebd4e6a elementor-widget__width-auto elementor-widget elementor-widget-button\" data-id=\"ebd4e6a\" data-element_type=\"widget\" data-e-type=\"widget\" data-widget_type=\"button.default\">\n\t\t\t\t<div class=\"elementor-widget-container\">\n\t\t\t\t\t\t\t\t\t<div class=\"elementor-button-wrapper\">\n\t\t\t\t\t<a class=\"elementor-button elementor-button-link elementor-size-sm\" href=\"\/de\/kontakt\/#form\">\n\t\t\t\t\t\t<span class=\"elementor-button-content-wrapper\">\n\t\t\t\t\t\t\t\t\t<span class=\"elementor-button-text\">Erhalten Sie ein Angebot<\/span>\n\t\t\t\t\t<\/span>\n\t\t\t\t\t<\/a>\n\t\t\t\t<\/div>\n\t\t\t\t\t\t\t\t<\/div>\n\t\t\t\t<\/div>\n\t\t\t\t\t<\/div>\n\t\t<\/div>\n\t\t\t\t<div class=\"elementor-column elementor-col-50 elementor-inner-column elementor-element elementor-element-2abefcbd\" data-id=\"2abefcbd\" data-element_type=\"column\" data-e-type=\"column\">\n\t\t\t<div class=\"elementor-widget-wrap elementor-element-populated\">\n\t\t\t\t\t\t<div class=\"elementor-element elementor-element-aebca87 elementor-widget elementor-widget-heading\" data-id=\"aebca87\" data-element_type=\"widget\" data-e-type=\"widget\" data-widget_type=\"heading.default\">\n\t\t\t\t<div class=\"elementor-widget-container\">\n\t\t\t\t\t<h2 class=\"elementor-heading-title elementor-size-default\">Entgraten als Technik<\/h2>\t\t\t\t<\/div>\n\t\t\t\t<\/div>\n\t\t\t\t<div class=\"elementor-element elementor-element-179cd5c elementor-widget elementor-widget-text-editor\" data-id=\"179cd5c\" data-element_type=\"widget\" data-e-type=\"widget\" data-widget_type=\"text-editor.default\">\n\t\t\t\t<div class=\"elementor-widget-container\">\n\t\t\t\t\t\t\t\t\t<p>Entgraten ist eine Technik, bei der Material von Kanten und Ecken eines Objekts entfernt wird, sodass diese abgerundet werden.\u00a0<\/p><p>Entgraten kann auf verschiedene Materialarten angewendet werden, wodurch die Oberfl\u00e4che besser handhabbar wird, zum Beispiel durch das Entfernen scharfer Kanten oder zur Verbesserung der \u00c4sthetik des Objekts. Entgraten kann manuell, zum Beispiel mit einer Feile oder Schleifmaschine, durchgef\u00fchrt werden. Dar\u00fcber hinaus k\u00f6nnen auch maschinelle Methoden wie Drehmaschine oder Fr\u00e4smaschine eingesetzt werden.<\/p>\t\t\t\t\t\t\t\t<\/div>\n\t\t\t\t<\/div>\n\t\t\t\t<div class=\"elementor-element elementor-element-ea70794 elementor-widget__width-auto elementor-widget elementor-widget-button\" data-id=\"ea70794\" data-element_type=\"widget\" data-e-type=\"widget\" data-widget_type=\"button.default\">\n\t\t\t\t<div class=\"elementor-widget-container\">\n\t\t\t\t\t\t\t\t\t<div class=\"elementor-button-wrapper\">\n\t\t\t\t\t<a class=\"elementor-button elementor-button-link elementor-size-sm\" href=\"https:\/\/www.ollerupmaskinfabrik.dk\/de\/kompetenzen\/schweisen\/\" target=\"_blank\">\n\t\t\t\t\t\t<span class=\"elementor-button-content-wrapper\">\n\t\t\t\t\t\t\t\t\t<span class=\"elementor-button-text\">Klicken Sie hier, um mehr \u00fcber das Entgraten zu erfahren<\/span>\n\t\t\t\t\t<\/span>\n\t\t\t\t\t<\/a>\n\t\t\t\t<\/div>\n\t\t\t\t\t\t\t\t<\/div>\n\t\t\t\t<\/div>\n\t\t\t\t\t<\/div>\n\t\t<\/div>\n\t\t\t\t\t<\/div>\n\t\t<\/section>\n\t\t\t\t<section class=\"elementor-section elementor-inner-section elementor-element elementor-element-92417e8 elementor-section-boxed elementor-section-height-default elementor-section-height-default\" data-id=\"92417e8\" data-element_type=\"section\" data-e-type=\"section\">\n\t\t\t\t\t\t<div class=\"elementor-container elementor-column-gap-default\">\n\t\t\t\t\t<div class=\"elementor-column elementor-col-100 elementor-inner-column elementor-element elementor-element-e943f08\" data-id=\"e943f08\" data-element_type=\"column\" data-e-type=\"column\">\n\t\t\t<div class=\"elementor-widget-wrap elementor-element-populated\">\n\t\t\t\t\t\t<div class=\"elementor-element elementor-element-9377d1e elementor-arrows-position-inside elementor-pagination-position-outside elementor-widget elementor-widget-image-carousel\" data-id=\"9377d1e\" data-element_type=\"widget\" data-e-type=\"widget\" data-settings=\"{&quot;slides_to_show&quot;:&quot;4&quot;,&quot;slides_to_scroll&quot;:&quot;1&quot;,&quot;navigation&quot;:&quot;both&quot;,&quot;autoplay&quot;:&quot;yes&quot;,&quot;pause_on_hover&quot;:&quot;yes&quot;,&quot;pause_on_interaction&quot;:&quot;yes&quot;,&quot;autoplay_speed&quot;:5000,&quot;infinite&quot;:&quot;yes&quot;,&quot;speed&quot;:500,&quot;image_spacing_custom&quot;:{&quot;unit&quot;:&quot;px&quot;,&quot;size&quot;:20,&quot;sizes&quot;:[]},&quot;image_spacing_custom_widescreen&quot;:{&quot;unit&quot;:&quot;px&quot;,&quot;size&quot;:&quot;&quot;,&quot;sizes&quot;:[]},&quot;image_spacing_custom_tablet&quot;:{&quot;unit&quot;:&quot;px&quot;,&quot;size&quot;:&quot;&quot;,&quot;sizes&quot;:[]},&quot;image_spacing_custom_mobile&quot;:{&quot;unit&quot;:&quot;px&quot;,&quot;size&quot;:&quot;&quot;,&quot;sizes&quot;:[]}}\" data-widget_type=\"image-carousel.default\">\n\t\t\t\t<div class=\"elementor-widget-container\">\n\t\t\t\t\t\t\t<div class=\"elementor-image-carousel-wrapper swiper\" role=\"region\" aria-roledescription=\"carousel\" aria-label=\"Bilderkarussell\" dir=\"ltr\">\n\t\t\t<div class=\"elementor-image-carousel swiper-wrapper\" aria-live=\"off\">\n\t\t\t\t\t\t\t\t<div class=\"swiper-slide\" role=\"group\" aria-roledescription=\"slide\" aria-label=\"1 von 8\" data-no-translation-aria-label=\"\"><a data-elementor-open-lightbox=\"yes\" data-elementor-lightbox-slideshow=\"9377d1e\" data-elementor-lightbox-title=\"DSC09110\" data-e-action-hash=\"#elementor-action%3Aaction%3Dlightbox%26settings%3DeyJpZCI6Mzg1MCwidXJsIjoiaHR0cHM6XC9cL3d3dy5vbGxlcnVwbWFza2luZmFicmlrLmRrXC93cC1jb250ZW50XC91cGxvYWRzXC8yMDI0XC8wMlwvRFNDMDkxMTAtc2NhbGVkLmpwZyIsInNsaWRlc2hvdyI6IjkzNzdkMWUifQ%3D%3D\" href=\"https:\/\/www.ollerupmaskinfabrik.dk\/wp-content\/uploads\/2024\/02\/DSC09110-scaled.jpg\"><figure class=\"swiper-slide-inner\"><img decoding=\"async\" class=\"swiper-slide-image\" src=\"https:\/\/www.ollerupmaskinfabrik.dk\/wp-content\/uploads\/elementor\/thumbs\/DSC09110-scaled-qj7iqqzxgztwlo9rafepb4uwr7kjxw6kpeazmj9m74.jpg\" alt=\"Planschleifen\" \/><\/figure><\/a><\/div><div class=\"swiper-slide\" role=\"group\" aria-roledescription=\"slide\" aria-label=\"2 von 8\" data-no-translation-aria-label=\"\"><a data-elementor-open-lightbox=\"yes\" data-elementor-lightbox-slideshow=\"9377d1e\" data-elementor-lightbox-title=\"DSC09118\" data-e-action-hash=\"#elementor-action%3Aaction%3Dlightbox%26settings%3DeyJpZCI6Mzg1MSwidXJsIjoiaHR0cHM6XC9cL3d3dy5vbGxlcnVwbWFza2luZmFicmlrLmRrXC93cC1jb250ZW50XC91cGxvYWRzXC8yMDI0XC8wMlwvRFNDMDkxMTgtc2NhbGVkLmpwZyIsInNsaWRlc2hvdyI6IjkzNzdkMWUifQ%3D%3D\" href=\"https:\/\/www.ollerupmaskinfabrik.dk\/wp-content\/uploads\/2024\/02\/DSC09118-scaled.jpg\"><figure class=\"swiper-slide-inner\"><img decoding=\"async\" class=\"swiper-slide-image\" src=\"https:\/\/www.ollerupmaskinfabrik.dk\/wp-content\/uploads\/elementor\/thumbs\/DSC09118-scaled-qj7iqyimzo476jyu2inpv2yliajhnh0fefivgqygtc.jpg\" alt=\"DSC09118\" \/><\/figure><\/a><\/div><div class=\"swiper-slide\" role=\"group\" aria-roledescription=\"slide\" aria-label=\"3 von 8\" data-no-translation-aria-label=\"\"><a data-elementor-open-lightbox=\"yes\" data-elementor-lightbox-slideshow=\"9377d1e\" data-elementor-lightbox-title=\"DSC09173\" data-e-action-hash=\"#elementor-action%3Aaction%3Dlightbox%26settings%3DeyJpZCI6Mzg1NCwidXJsIjoiaHR0cHM6XC9cL3d3dy5vbGxlcnVwbWFza2luZmFicmlrLmRrXC93cC1jb250ZW50XC91cGxvYWRzXC8yMDI0XC8wMlwvRFNDMDkxNzMtc2NhbGVkLmpwZyIsInNsaWRlc2hvdyI6IjkzNzdkMWUifQ%3D%3D\" href=\"https:\/\/www.ollerupmaskinfabrik.dk\/wp-content\/uploads\/2024\/02\/DSC09173-scaled.jpg\"><figure class=\"swiper-slide-inner\"><img decoding=\"async\" class=\"swiper-slide-image\" src=\"https:\/\/www.ollerupmaskinfabrik.dk\/wp-content\/uploads\/elementor\/thumbs\/DSC09173-scaled-qj7irvezmvd8gwn1qevnscnqas1c4vn16ycv9flork.jpg\" alt=\"DSC09173\" \/><\/figure><\/a><\/div><div class=\"swiper-slide\" role=\"group\" aria-roledescription=\"slide\" aria-label=\"4 von 8\" data-no-translation-aria-label=\"\"><a data-elementor-open-lightbox=\"yes\" data-elementor-lightbox-slideshow=\"9377d1e\" data-elementor-lightbox-title=\"DSC09160\" data-e-action-hash=\"#elementor-action%3Aaction%3Dlightbox%26settings%3DeyJpZCI6Mzg1MywidXJsIjoiaHR0cHM6XC9cL3d3dy5vbGxlcnVwbWFza2luZmFicmlrLmRrXC93cC1jb250ZW50XC91cGxvYWRzXC8yMDI0XC8wMlwvRFNDMDkxNjAtc2NhbGVkLmpwZyIsInNsaWRlc2hvdyI6IjkzNzdkMWUifQ%3D%3D\" href=\"https:\/\/www.ollerupmaskinfabrik.dk\/wp-content\/uploads\/2024\/02\/DSC09160-scaled.jpg\"><figure class=\"swiper-slide-inner\"><img decoding=\"async\" class=\"swiper-slide-image\" src=\"https:\/\/www.ollerupmaskinfabrik.dk\/wp-content\/uploads\/elementor\/thumbs\/DSC09160-scaled-qj7irhbesctxmr7j0qs98y7tdzytxf3250kl2a6lcw.jpg\" alt=\"DSC09160\" \/><\/figure><\/a><\/div><div class=\"swiper-slide\" role=\"group\" aria-roledescription=\"slide\" aria-label=\"5 von 8\" data-no-translation-aria-label=\"\"><a data-elementor-open-lightbox=\"yes\" data-elementor-lightbox-slideshow=\"9377d1e\" data-elementor-lightbox-title=\"A7404893\" data-e-action-hash=\"#elementor-action%3Aaction%3Dlightbox%26settings%3DeyJpZCI6Mzg0OSwidXJsIjoiaHR0cHM6XC9cL3d3dy5vbGxlcnVwbWFza2luZmFicmlrLmRrXC93cC1jb250ZW50XC91cGxvYWRzXC8yMDI0XC8wMlwvQTc0MDQ4OTMuanBnIiwic2xpZGVzaG93IjoiOTM3N2QxZSJ9\" href=\"https:\/\/www.ollerupmaskinfabrik.dk\/wp-content\/uploads\/2024\/02\/A7404893.jpg\"><figure class=\"swiper-slide-inner\"><img decoding=\"async\" class=\"swiper-slide-image\" src=\"https:\/\/www.ollerupmaskinfabrik.dk\/wp-content\/uploads\/elementor\/thumbs\/A7404893-qj7io0avje2sqm94aqqvjbridr30hoarbtt08hbycg.jpg\" alt=\"A7404893\" \/><\/figure><\/a><\/div><div class=\"swiper-slide\" role=\"group\" aria-roledescription=\"slide\" aria-label=\"6 von 8\" data-no-translation-aria-label=\"\"><a data-elementor-open-lightbox=\"yes\" data-elementor-lightbox-slideshow=\"9377d1e\" data-elementor-lightbox-title=\"A7404882\" data-e-action-hash=\"#elementor-action%3Aaction%3Dlightbox%26settings%3DeyJpZCI6Mzg0OCwidXJsIjoiaHR0cHM6XC9cL3d3dy5vbGxlcnVwbWFza2luZmFicmlrLmRrXC93cC1jb250ZW50XC91cGxvYWRzXC8yMDI0XC8wMlwvQTc0MDQ4ODIuanBnIiwic2xpZGVzaG93IjoiOTM3N2QxZSJ9\" href=\"https:\/\/www.ollerupmaskinfabrik.dk\/wp-content\/uploads\/2024\/02\/A7404882.jpg\"><figure class=\"swiper-slide-inner\"><img decoding=\"async\" class=\"swiper-slide-image\" src=\"https:\/\/www.ollerupmaskinfabrik.dk\/wp-content\/uploads\/elementor\/thumbs\/A7404882-qj7intq07jtshciod5whjvfa81zfzskmyx8lvjlpk0.jpg\" alt=\"A7404882\" \/><\/figure><\/a><\/div><div class=\"swiper-slide\" role=\"group\" aria-roledescription=\"slide\" aria-label=\"7 von 8\" data-no-translation-aria-label=\"\"><a data-elementor-open-lightbox=\"yes\" data-elementor-lightbox-slideshow=\"9377d1e\" data-elementor-lightbox-title=\"A7404873\" data-e-action-hash=\"#elementor-action%3Aaction%3Dlightbox%26settings%3DeyJpZCI6Mzg0NywidXJsIjoiaHR0cHM6XC9cL3d3dy5vbGxlcnVwbWFza2luZmFicmlrLmRrXC93cC1jb250ZW50XC91cGxvYWRzXC8yMDI0XC8wMlwvQTc0MDQ4NzMuanBnIiwic2xpZGVzaG93IjoiOTM3N2QxZSJ9\" href=\"https:\/\/www.ollerupmaskinfabrik.dk\/wp-content\/uploads\/2024\/02\/A7404873.jpg\"><figure class=\"swiper-slide-inner\"><img decoding=\"async\" class=\"swiper-slide-image\" src=\"https:\/\/www.ollerupmaskinfabrik.dk\/wp-content\/uploads\/elementor\/thumbs\/A7404873-qj7inn54vpks82s8fl23kf322cvvhwuim0o7ilvgrk.jpg\" alt=\"A7404873\" \/><\/figure><\/a><\/div><div class=\"swiper-slide\" role=\"group\" aria-roledescription=\"slide\" aria-label=\"8 von 8\" data-no-translation-aria-label=\"\"><a data-elementor-open-lightbox=\"yes\" data-elementor-lightbox-slideshow=\"9377d1e\" data-elementor-lightbox-title=\"DSC09155\" data-e-action-hash=\"#elementor-action%3Aaction%3Dlightbox%26settings%3DeyJpZCI6Mzg1MiwidXJsIjoiaHR0cHM6XC9cL3d3dy5vbGxlcnVwbWFza2luZmFicmlrLmRrXC93cC1jb250ZW50XC91cGxvYWRzXC8yMDI0XC8wMlwvRFNDMDkxNTUtc2NhbGVkLmpwZyIsInNsaWRlc2hvdyI6IjkzNzdkMWUifQ%3D%3D\" href=\"https:\/\/www.ollerupmaskinfabrik.dk\/wp-content\/uploads\/2024\/02\/DSC09155-scaled.jpg\"><figure class=\"swiper-slide-inner\"><img decoding=\"async\" class=\"swiper-slide-image\" src=\"https:\/\/www.ollerupmaskinfabrik.dk\/wp-content\/uploads\/elementor\/thumbs\/DSC09155-scaled-qj7ir6z6p6fs31mjp4bczitqurdskqy0fle8s8lx9c.jpg\" alt=\"DSC09155\" \/><\/figure><\/a><\/div>\t\t\t<\/div>\n\t\t\t\t\t\t\t\t\t\t\t\t<div class=\"elementor-swiper-button elementor-swiper-button-prev\" role=\"button\" tabindex=\"0\">\n\t\t\t\t\t\t<i aria-hidden=\"true\" class=\"eicon-chevron-left\"><\/i>\t\t\t\t\t<\/div>\n\t\t\t\t\t<div class=\"elementor-swiper-button elementor-swiper-button-next\" role=\"button\" tabindex=\"0\">\n\t\t\t\t\t\t<i aria-hidden=\"true\" class=\"eicon-chevron-right\"><\/i>\t\t\t\t\t<\/div>\n\t\t\t\t\n\t\t\t\t\t\t\t\t\t<div class=\"swiper-pagination\"><\/div>\n\t\t\t\t\t\t\t\t\t<\/div>\n\t\t\t\t\t\t<\/div>\n\t\t\t\t<\/div>\n\t\t\t\t\t<\/div>\n\t\t<\/div>\n\t\t\t\t\t<\/div>\n\t\t<\/section>\n\t\t\t\t\t<\/div>\n\t\t<\/div>\n\t\t\t\t\t<\/div>\n\t\t<\/section>\n\t\t\t\t<\/div>","protected":false},"excerpt":{"rendered":"<p>Planslibning Planslibning tilbydes p\u00e5 vores G\u00f6ckel plansliber med meget fine tolerancer og overflader med en lav overfladerughed. Vi plansliber i s\u00e5vel bl\u00f8dt st\u00e5l som meget h\u00e5rdt h\u00e6rdet st\u00e5l. Godt udf\u00f8rt planslibning sikrer en glat overflade fri for bumpet materiale.\u00a0 Vi har meget stor erfaring inden for planslibning og leverer planslibning af den bedste kvalitet til [&hellip;]<\/p>\n","protected":false},"author":1,"featured_media":3850,"parent":3307,"menu_order":0,"comment_status":"closed","ping_status":"closed","template":"","meta":{"iawp_total_views":262,"footnotes":""},"class_list":["post-1557","page","type-page","status-publish","has-post-thumbnail","hentry"],"_links":{"self":[{"href":"https:\/\/www.ollerupmaskinfabrik.dk\/de\/wp-json\/wp\/v2\/pages\/1557","targetHints":{"allow":["GET"]}}],"collection":[{"href":"https:\/\/www.ollerupmaskinfabrik.dk\/de\/wp-json\/wp\/v2\/pages"}],"about":[{"href":"https:\/\/www.ollerupmaskinfabrik.dk\/de\/wp-json\/wp\/v2\/types\/page"}],"author":[{"embeddable":true,"href":"https:\/\/www.ollerupmaskinfabrik.dk\/de\/wp-json\/wp\/v2\/users\/1"}],"replies":[{"embeddable":true,"href":"https:\/\/www.ollerupmaskinfabrik.dk\/de\/wp-json\/wp\/v2\/comments?post=1557"}],"version-history":[{"count":82,"href":"https:\/\/www.ollerupmaskinfabrik.dk\/de\/wp-json\/wp\/v2\/pages\/1557\/revisions"}],"predecessor-version":[{"id":5708,"href":"https:\/\/www.ollerupmaskinfabrik.dk\/de\/wp-json\/wp\/v2\/pages\/1557\/revisions\/5708"}],"up":[{"embeddable":true,"href":"https:\/\/www.ollerupmaskinfabrik.dk\/de\/wp-json\/wp\/v2\/pages\/3307"}],"wp:featuredmedia":[{"embeddable":true,"href":"https:\/\/www.ollerupmaskinfabrik.dk\/de\/wp-json\/wp\/v2\/media\/3850"}],"wp:attachment":[{"href":"https:\/\/www.ollerupmaskinfabrik.dk\/de\/wp-json\/wp\/v2\/media?parent=1557"}],"curies":[{"name":"wp","href":"https:\/\/api.w.org\/{rel}","templated":true}]}}