{"id":1538,"date":"2023-11-24T12:19:28","date_gmt":"2023-11-24T12:19:28","guid":{"rendered":"https:\/\/ollerupmaskinfabrik.dk.web07.webtohosting.dk\/?page_id=1538"},"modified":"2025-11-10T21:54:28","modified_gmt":"2025-11-10T21:54:28","slug":"flameskeering","status":"publish","type":"page","link":"https:\/\/www.ollerupmaskinfabrik.dk\/de\/kompetencer\/flammeskaering\/","title":{"rendered":"Brennschneiden"},"content":{"rendered":"\t\t<div data-elementor-type=\"wp-page\" data-elementor-id=\"1538\" class=\"elementor elementor-1538\" data-elementor-post-type=\"page\">\n\t\t\t\t\t\t<section class=\"elementor-section elementor-top-section elementor-element elementor-element-672bf51c elementor-section-boxed elementor-section-height-default elementor-section-height-default\" data-id=\"672bf51c\" data-element_type=\"section\" data-e-type=\"section\" data-settings=\"{&quot;background_background&quot;:&quot;classic&quot;}\">\n\t\t\t\t\t\t<div class=\"elementor-container elementor-column-gap-default\">\n\t\t\t\t\t<div class=\"elementor-column elementor-col-100 elementor-top-column elementor-element elementor-element-2032a328\" data-id=\"2032a328\" data-element_type=\"column\" data-e-type=\"column\">\n\t\t\t<div class=\"elementor-widget-wrap elementor-element-populated\">\n\t\t\t\t\t\t<section class=\"elementor-section elementor-inner-section elementor-element elementor-element-1528d7ae elementor-section-boxed elementor-section-height-default elementor-section-height-default\" data-id=\"1528d7ae\" data-element_type=\"section\" data-e-type=\"section\">\n\t\t\t\t\t\t<div class=\"elementor-container elementor-column-gap-default\">\n\t\t\t\t\t<div class=\"elementor-column elementor-col-50 elementor-inner-column elementor-element elementor-element-3c9f502b\" data-id=\"3c9f502b\" data-element_type=\"column\" data-e-type=\"column\">\n\t\t\t<div class=\"elementor-widget-wrap elementor-element-populated\">\n\t\t\t\t\t\t<div class=\"elementor-element elementor-element-741ecc4f elementor-widget elementor-widget-image\" data-id=\"741ecc4f\" data-element_type=\"widget\" data-e-type=\"widget\" data-widget_type=\"image.default\">\n\t\t\t\t<div class=\"elementor-widget-container\">\n\t\t\t\t\t\t\t\t\t\t\t\t\t\t\t<img fetchpriority=\"high\" decoding=\"async\" width=\"1200\" height=\"801\" src=\"https:\/\/www.ollerupmaskinfabrik.dk\/wp-content\/uploads\/2023\/11\/csm_img_7878__1__0c2bffff65.jpg\" class=\"attachment-full size-full wp-image-1841\" alt=\"Flammesk\u00e6ring t\u00e6t p\u00e5 med h\u00f8jopl\u00f8sningskamera, s\u00e5 man tydeligt kan se flammesk\u00e6rerens effekt\" srcset=\"https:\/\/www.ollerupmaskinfabrik.dk\/wp-content\/uploads\/2023\/11\/csm_img_7878__1__0c2bffff65.jpg 1200w, https:\/\/www.ollerupmaskinfabrik.dk\/wp-content\/uploads\/2023\/11\/csm_img_7878__1__0c2bffff65-300x200.jpg 300w, https:\/\/www.ollerupmaskinfabrik.dk\/wp-content\/uploads\/2023\/11\/csm_img_7878__1__0c2bffff65-1024x684.jpg 1024w, https:\/\/www.ollerupmaskinfabrik.dk\/wp-content\/uploads\/2023\/11\/csm_img_7878__1__0c2bffff65-768x513.jpg 768w\" sizes=\"(max-width: 1200px) 100vw, 1200px\" \/>\t\t\t\t\t\t\t\t\t\t\t\t\t\t\t<\/div>\n\t\t\t\t<\/div>\n\t\t\t\t\t<\/div>\n\t\t<\/div>\n\t\t\t\t<div class=\"elementor-column elementor-col-50 elementor-inner-column elementor-element elementor-element-3d474000\" data-id=\"3d474000\" data-element_type=\"column\" data-e-type=\"column\">\n\t\t\t<div class=\"elementor-widget-wrap elementor-element-populated\">\n\t\t\t\t\t\t<div class=\"elementor-element elementor-element-883db0f elementor-widget elementor-widget-heading\" data-id=\"883db0f\" data-element_type=\"widget\" data-e-type=\"widget\" data-widget_type=\"heading.default\">\n\t\t\t\t<div class=\"elementor-widget-container\">\n\t\t\t\t\t<h1 class=\"elementor-heading-title elementor-size-default\">Flammesk\u00e6ring<\/h1>\t\t\t\t<\/div>\n\t\t\t\t<\/div>\n\t\t\t\t<div class=\"elementor-element elementor-element-6129e8b elementor-widget elementor-widget-text-editor\" data-id=\"6129e8b\" data-element_type=\"widget\" data-e-type=\"widget\" data-widget_type=\"text-editor.default\">\n\t\t\t\t<div class=\"elementor-widget-container\">\n\t\t\t\t\t\t\t\t\t<p>Flammesk\u00e6ring er velegnet til store og tunge opgaver. Vi bearbejder emner op til 200mm tykkelse og bredde-l\u00e6ngde m\u00e5l p\u00e5 3000x12000mm med flere sk\u00e6rebr\u00e6nder samtidig.<\/p><p>Vi tilbyder individuelle og unikke l\u00f8sninger i alle de almindelig pladetykkelser og materiale specifikationer p\u00e5 vores flammesk\u00e6rer.<\/p>\t\t\t\t\t\t\t\t<\/div>\n\t\t\t\t<\/div>\n\t\t\t\t<div class=\"elementor-element elementor-element-364591f6 elementor-widget__width-auto elementor-widget elementor-widget-button\" data-id=\"364591f6\" data-element_type=\"widget\" data-e-type=\"widget\" data-widget_type=\"button.default\">\n\t\t\t\t<div class=\"elementor-widget-container\">\n\t\t\t\t\t\t\t\t\t<div class=\"elementor-button-wrapper\">\n\t\t\t\t\t<a class=\"elementor-button elementor-button-link elementor-size-sm\" href=\"https:\/\/www.ollerupmaskinfabrik.dk\/kontakt\/\">\n\t\t\t\t\t\t<span class=\"elementor-button-content-wrapper\">\n\t\t\t\t\t\t\t\t\t<span class=\"elementor-button-text\">Kontakt os<\/span>\n\t\t\t\t\t<\/span>\n\t\t\t\t\t<\/a>\n\t\t\t\t<\/div>\n\t\t\t\t\t\t\t\t<\/div>\n\t\t\t\t<\/div>\n\t\t\t\t\t<\/div>\n\t\t<\/div>\n\t\t\t\t\t<\/div>\n\t\t<\/section>\n\t\t\t\t\t<\/div>\n\t\t<\/div>\n\t\t\t\t\t<\/div>\n\t\t<\/section>\n\t\t\t\t<section class=\"elementor-section elementor-top-section elementor-element elementor-element-7503164b elementor-section-boxed elementor-section-height-default elementor-section-height-default\" data-id=\"7503164b\" data-element_type=\"section\" data-e-type=\"section\" data-settings=\"{&quot;background_background&quot;:&quot;classic&quot;}\">\n\t\t\t\t\t\t<div class=\"elementor-container elementor-column-gap-default\">\n\t\t\t\t\t<div class=\"elementor-column elementor-col-100 elementor-top-column elementor-element elementor-element-7d4c8248\" data-id=\"7d4c8248\" data-element_type=\"column\" data-e-type=\"column\">\n\t\t\t<div class=\"elementor-widget-wrap elementor-element-populated\">\n\t\t\t\t\t\t<section class=\"elementor-section elementor-inner-section elementor-element elementor-element-348ed9fc elementor-section-boxed elementor-section-height-default elementor-section-height-default\" data-id=\"348ed9fc\" data-element_type=\"section\" data-e-type=\"section\">\n\t\t\t\t\t\t<div class=\"elementor-container elementor-column-gap-default\">\n\t\t\t\t\t<div class=\"elementor-column elementor-col-50 elementor-inner-column elementor-element elementor-element-3717c3bb\" data-id=\"3717c3bb\" data-element_type=\"column\" data-e-type=\"column\">\n\t\t\t<div class=\"elementor-widget-wrap elementor-element-populated\">\n\t\t\t\t\t\t<div class=\"elementor-element elementor-element-37eec8c elementor-widget elementor-widget-heading\" data-id=\"37eec8c\" data-element_type=\"widget\" data-e-type=\"widget\" data-widget_type=\"heading.default\">\n\t\t\t\t<div class=\"elementor-widget-container\">\n\t\t\t\t\t<h2 class=\"elementor-heading-title elementor-size-default\">Flammesk\u00e6ring med kvalitet<\/h2>\t\t\t\t<\/div>\n\t\t\t\t<\/div>\n\t\t\t\t<div class=\"elementor-element elementor-element-6bddbce elementor-widget elementor-widget-text-editor\" data-id=\"6bddbce\" data-element_type=\"widget\" data-e-type=\"widget\" data-widget_type=\"text-editor.default\">\n\t\t\t\t<div class=\"elementor-widget-container\">\n\t\t\t\t\t\t\t\t\t<p>Ved at v\u00e6lge Ollerup Maskinfabrik til dine sk\u00e6reopgaver, sikrer du at du f\u00e5r leveret kvalitet og h\u00e5ndv\u00e6rk, fremstillet med den mest moderne teknologi, kort leveringstid og konkurrencedygtige priser.<\/p>\t\t\t\t\t\t\t\t<\/div>\n\t\t\t\t<\/div>\n\t\t\t\t<div class=\"elementor-element elementor-element-d6d7217 elementor-widget elementor-widget-heading\" data-id=\"d6d7217\" data-element_type=\"widget\" data-e-type=\"widget\" data-widget_type=\"heading.default\">\n\t\t\t\t<div class=\"elementor-widget-container\">\n\t\t\t\t\t<h3 class=\"elementor-heading-title elementor-size-default\">Hvad er flammesk\u00e6ring?<\/h3>\t\t\t\t<\/div>\n\t\t\t\t<\/div>\n\t\t\t\t<div class=\"elementor-element elementor-element-529a81b elementor-widget elementor-widget-text-editor\" data-id=\"529a81b\" data-element_type=\"widget\" data-e-type=\"widget\" data-widget_type=\"text-editor.default\">\n\t\t\t\t<div class=\"elementor-widget-container\">\n\t\t\t\t\t\t\t\t\t<p>Flammesk\u00e6ring er en teknik, der bruges til at sk\u00e6re gennem metal og andre materialer, med h\u00f8jt smeltepunkt. Teknikken g\u00f8r brug af en h\u00f8jtemperaturflamme, der opvarmes til omkring 3000 grader Celsius, der s\u00e5 sk\u00e6rer gennem materialet.<\/p><p>Flammesk\u00e6ring er blevet meget popul\u00e6rt inden for en r\u00e6kke forskellige industrier, da det giver mulighed for at sk\u00e6re metal med stor pr\u00e6cision og n\u00f8jagtighed. Det kan fx bruges til at sk\u00e6re metal til reservedele til maskiner, eller til at sk\u00e6re plader til byggeprojekter.<\/p>\t\t\t\t\t\t\t\t<\/div>\n\t\t\t\t<\/div>\n\t\t\t\t<div class=\"elementor-element elementor-element-f9321c6 elementor-widget elementor-widget-heading\" data-id=\"f9321c6\" data-element_type=\"widget\" data-e-type=\"widget\" data-widget_type=\"heading.default\">\n\t\t\t\t<div class=\"elementor-widget-container\">\n\t\t\t\t\t<h3 class=\"elementor-heading-title elementor-size-default\">Hvad er fordelene ved flammesk\u00e6ring?<\/h3>\t\t\t\t<\/div>\n\t\t\t\t<\/div>\n\t\t\t\t<div class=\"elementor-element elementor-element-7cd9134 elementor-widget elementor-widget-text-editor\" data-id=\"7cd9134\" data-element_type=\"widget\" data-e-type=\"widget\" data-widget_type=\"text-editor.default\">\n\t\t\t\t<div class=\"elementor-widget-container\">\n\t\t\t\t\t\t\t\t\t<p>En af fordelene ved flammesk\u00e6ring er, at det kan sk\u00e6re gennem metal med en h\u00f8j grad af pr\u00e6cision. Dette g\u00f8r det muligt at sk\u00e6re materialer i specifikke former og st\u00f8rrelser, og at skabe komplekse designs, der ellers ville v\u00e6re sv\u00e6re at opn\u00e5 med andre metoder.<\/p><p>Flammesk\u00e6ring er ogs\u00e5 hurtigere end mange andre sk\u00e6reteknikker, og kan sk\u00e6re store m\u00e6ngder metal p\u00e5 relativt kort tid. Dette g\u00f8r det effektivt og \u00f8konomisk for jer som virksomhed.<\/p><p>Flammesk\u00e6ring kr\u00e6ver dog en vis erfaring og viden, da det er n\u00f8dvendigt at indstille maskinen korrekt for at opn\u00e5 den \u00f8nskede pr\u00e6cision og n\u00f8jagtighed.<\/p>\t\t\t\t\t\t\t\t<\/div>\n\t\t\t\t<\/div>\n\t\t\t\t\t<\/div>\n\t\t<\/div>\n\t\t\t\t<div class=\"elementor-column elementor-col-50 elementor-inner-column elementor-element elementor-element-171b3ad\" data-id=\"171b3ad\" data-element_type=\"column\" data-e-type=\"column\">\n\t\t\t<div class=\"elementor-widget-wrap elementor-element-populated\">\n\t\t\t\t\t\t<div class=\"elementor-element elementor-element-2fac453b elementor-widget elementor-widget-text-editor\" data-id=\"2fac453b\" data-element_type=\"widget\" data-e-type=\"widget\" data-widget_type=\"text-editor.default\">\n\t\t\t\t<div class=\"elementor-widget-container\">\n\t\t\t\t\t\t\t\t\t<p>Flammesk\u00e6ring er en effektiv metode til at sk\u00e6re tykke st\u00e5lmaterialer og er s\u00e6rligt velegnet, n\u00e5r man arbejder med kulstofst\u00e5l og materialer, der kr\u00e6ver grove snit. Processen er optimal ved materiale tykkelser p\u00e5 10 mm og opefter, og den er b\u00e5de fleksibel og omkostningseffektiv sammenlignet med andre sk\u00e6reteknikker som laser- eller plasmask\u00e6ring.\u00a0<\/p><p>Flammesk\u00e6ring anvendes derfor ofte til opgaver, hvor h\u00f8j pr\u00e6cision ikke er det vigtigste, men hvor det er afg\u00f8rende at sk\u00e6re store eller tykke materialer hurtigt og effektivt. Det g\u00f8r metoden ideel til eksempelvis sk\u00e6ring af bj\u00e6lker og plader p\u00e5 byggepladser, forberedelse af st\u00e5l til svejsning og nedsk\u00e6ring af gamle st\u00e5lkonstruktioner. Den mobile karakter af flammesk\u00e6ringsudstyr g\u00f8r det ogs\u00e5 muligt at arbejde direkte p\u00e5 stedet \u2013 uden behov for adgang til str\u00f8m \u2013 hvilket g\u00f8r det oplagt til b\u00e5de st\u00f8rre industriprojekter og opgaver i marken.<\/p>\t\t\t\t\t\t\t\t<\/div>\n\t\t\t\t<\/div>\n\t\t\t\t<div class=\"elementor-element elementor-element-ceabdc4 elementor-widget elementor-widget-heading\" data-id=\"ceabdc4\" data-element_type=\"widget\" data-e-type=\"widget\" data-widget_type=\"heading.default\">\n\t\t\t\t<div class=\"elementor-widget-container\">\n\t\t\t\t\t<h3 class=\"elementor-heading-title elementor-size-default\">Sp\u00f8rgsm\u00e5l til flammesk\u00e6ring:<\/h3>\t\t\t\t<\/div>\n\t\t\t\t<\/div>\n\t\t\t\t<div class=\"elementor-element elementor-element-a1ebd78 elementor-widget elementor-widget-toggle\" data-id=\"a1ebd78\" data-element_type=\"widget\" data-e-type=\"widget\" data-widget_type=\"toggle.default\">\n\t\t\t\t<div class=\"elementor-widget-container\">\n\t\t\t\t\t\t\t<div class=\"elementor-toggle\">\n\t\t\t\t\t\t\t<div class=\"elementor-toggle-item\">\n\t\t\t\t\t<h4 id=\"elementor-tab-title-1691\" class=\"elementor-tab-title\" data-tab=\"1\" role=\"button\" aria-controls=\"elementor-tab-content-1691\" aria-expanded=\"false\">\n\t\t\t\t\t\t\t\t\t\t\t\t<span class=\"elementor-toggle-icon elementor-toggle-icon-left\" aria-hidden=\"true\">\n\t\t\t\t\t\t\t\t\t\t\t\t\t\t\t<span class=\"elementor-toggle-icon-closed\"><i class=\"fas fa-caret-right\"><\/i><\/span>\n\t\t\t\t\t\t\t\t<span class=\"elementor-toggle-icon-opened\"><i class=\"elementor-toggle-icon-opened fas fa-caret-up\"><\/i><\/span>\n\t\t\t\t\t\t\t\t\t\t\t\t\t<\/span>\n\t\t\t\t\t\t\t\t\t\t\t\t<a class=\"elementor-toggle-title\" tabindex=\"0\">Hvad er flammesk\u00e6ring?<\/a>\n\t\t\t\t\t<\/h4>\n\n\t\t\t\t\t<div id=\"elementor-tab-content-1691\" class=\"elementor-tab-content elementor-clearfix\" data-tab=\"1\" role=\"region\" aria-labelledby=\"elementor-tab-title-1691\"><p>Flammesk\u00e6ring er en sk\u00e6reteknik, hvor en gasbr\u00e6nder (typisk med ilt og acetylen) bruges til at sk\u00e6re igennem metal \u2013 prim\u00e6rt st\u00e5l. Ved at opvarme metallet til ant\u00e6ndelsespunktet og tilf\u00f8re ilt, kan metallet br\u00e6ndes og sk\u00e6res pr\u00e6cist.<\/p><\/div>\n\t\t\t\t<\/div>\n\t\t\t\t\t\t\t<div class=\"elementor-toggle-item\">\n\t\t\t\t\t<h4 id=\"elementor-tab-title-1692\" class=\"elementor-tab-title\" data-tab=\"2\" role=\"button\" aria-controls=\"elementor-tab-content-1692\" aria-expanded=\"false\">\n\t\t\t\t\t\t\t\t\t\t\t\t<span class=\"elementor-toggle-icon elementor-toggle-icon-left\" aria-hidden=\"true\">\n\t\t\t\t\t\t\t\t\t\t\t\t\t\t\t<span class=\"elementor-toggle-icon-closed\"><i class=\"fas fa-caret-right\"><\/i><\/span>\n\t\t\t\t\t\t\t\t<span class=\"elementor-toggle-icon-opened\"><i class=\"elementor-toggle-icon-opened fas fa-caret-up\"><\/i><\/span>\n\t\t\t\t\t\t\t\t\t\t\t\t\t<\/span>\n\t\t\t\t\t\t\t\t\t\t\t\t<a class=\"elementor-toggle-title\" tabindex=\"0\">Hvorn\u00e5r er flammesk\u00e6ring den bedste l\u00f8sning?<\/a>\n\t\t\t\t\t<\/h4>\n\n\t\t\t\t\t<div id=\"elementor-tab-content-1692\" class=\"elementor-tab-content elementor-clearfix\" data-tab=\"2\" role=\"region\" aria-labelledby=\"elementor-tab-title-1692\"><p>Flammesk\u00e6ring er s\u00e6rligt velegnet til at sk\u00e6re tykke st\u00e5lmaterialer (over 10 mm), n\u00e5r der ikke kr\u00e6ves h\u00f8j pr\u00e6cision, men en hurtig og omkostningseffektiv metode. Det bruges ofte i forbindelse med grovsk\u00e6ring, klarg\u00f8ring til svejsning og demontering af gamle st\u00e5lkonstruktioner.<\/p><\/div>\n\t\t\t\t<\/div>\n\t\t\t\t\t\t\t<div class=\"elementor-toggle-item\">\n\t\t\t\t\t<h4 id=\"elementor-tab-title-1693\" class=\"elementor-tab-title\" data-tab=\"3\" role=\"button\" aria-controls=\"elementor-tab-content-1693\" aria-expanded=\"false\">\n\t\t\t\t\t\t\t\t\t\t\t\t<span class=\"elementor-toggle-icon elementor-toggle-icon-left\" aria-hidden=\"true\">\n\t\t\t\t\t\t\t\t\t\t\t\t\t\t\t<span class=\"elementor-toggle-icon-closed\"><i class=\"fas fa-caret-right\"><\/i><\/span>\n\t\t\t\t\t\t\t\t<span class=\"elementor-toggle-icon-opened\"><i class=\"elementor-toggle-icon-opened fas fa-caret-up\"><\/i><\/span>\n\t\t\t\t\t\t\t\t\t\t\t\t\t<\/span>\n\t\t\t\t\t\t\t\t\t\t\t\t<a class=\"elementor-toggle-title\" tabindex=\"0\">Hvilke materialer kan sk\u00e6res med flammesk\u00e6ring?<\/a>\n\t\t\t\t\t<\/h4>\n\n\t\t\t\t\t<div id=\"elementor-tab-content-1693\" class=\"elementor-tab-content elementor-clearfix\" data-tab=\"3\" role=\"region\" aria-labelledby=\"elementor-tab-title-1693\"><p>Flammesk\u00e6ring er bedst egnet til kulstofst\u00e5l (almindeligt st\u00e5l). Metoden er ikke effektiv til materialer som rustfrit st\u00e5l, aluminium og andre ikke-jernholdige metaller, da de ikke br\u00e6nder p\u00e5 samme m\u00e5de under processen.<\/p><\/div>\n\t\t\t\t<\/div>\n\t\t\t\t\t\t\t<div class=\"elementor-toggle-item\">\n\t\t\t\t\t<h4 id=\"elementor-tab-title-1694\" class=\"elementor-tab-title\" data-tab=\"4\" role=\"button\" aria-controls=\"elementor-tab-content-1694\" aria-expanded=\"false\">\n\t\t\t\t\t\t\t\t\t\t\t\t<span class=\"elementor-toggle-icon elementor-toggle-icon-left\" aria-hidden=\"true\">\n\t\t\t\t\t\t\t\t\t\t\t\t\t\t\t<span class=\"elementor-toggle-icon-closed\"><i class=\"fas fa-caret-right\"><\/i><\/span>\n\t\t\t\t\t\t\t\t<span class=\"elementor-toggle-icon-opened\"><i class=\"elementor-toggle-icon-opened fas fa-caret-up\"><\/i><\/span>\n\t\t\t\t\t\t\t\t\t\t\t\t\t<\/span>\n\t\t\t\t\t\t\t\t\t\t\t\t<a class=\"elementor-toggle-title\" tabindex=\"0\">Hvor tykke materialer kan sk\u00e6res?<\/a>\n\t\t\t\t\t<\/h4>\n\n\t\t\t\t\t<div id=\"elementor-tab-content-1694\" class=\"elementor-tab-content elementor-clearfix\" data-tab=\"4\" role=\"region\" aria-labelledby=\"elementor-tab-title-1694\"><p>Flammesk\u00e6ring kan anvendes til meget tykke materialer, ofte op til flere hundrede millimeter afh\u00e6ngigt af udstyr og gasblanding. Typisk bruges det til plader og emner fra 10 mm og opefter.<\/p><\/div>\n\t\t\t\t<\/div>\n\t\t\t\t\t\t\t<div class=\"elementor-toggle-item\">\n\t\t\t\t\t<h4 id=\"elementor-tab-title-1695\" class=\"elementor-tab-title\" data-tab=\"5\" role=\"button\" aria-controls=\"elementor-tab-content-1695\" aria-expanded=\"false\">\n\t\t\t\t\t\t\t\t\t\t\t\t<span class=\"elementor-toggle-icon elementor-toggle-icon-left\" aria-hidden=\"true\">\n\t\t\t\t\t\t\t\t\t\t\t\t\t\t\t<span class=\"elementor-toggle-icon-closed\"><i class=\"fas fa-caret-right\"><\/i><\/span>\n\t\t\t\t\t\t\t\t<span class=\"elementor-toggle-icon-opened\"><i class=\"elementor-toggle-icon-opened fas fa-caret-up\"><\/i><\/span>\n\t\t\t\t\t\t\t\t\t\t\t\t\t<\/span>\n\t\t\t\t\t\t\t\t\t\t\t\t<a class=\"elementor-toggle-title\" tabindex=\"0\">Hvad er fordelene ved flammesk\u00e6ring?<\/a>\n\t\t\t\t\t<\/h4>\n\n\t\t\t\t\t<div id=\"elementor-tab-content-1695\" class=\"elementor-tab-content elementor-clearfix\" data-tab=\"5\" role=\"region\" aria-labelledby=\"elementor-tab-title-1695\"><p>Metoden er relativt billig, fleksibel og kan udf\u00f8res p\u00e5 byggepladser og andre steder uden adgang til str\u00f8m. Det er ideelt til opgaver, hvor det handler om at komme hurtigt og effektivt igennem store materialer.<\/p><\/div>\n\t\t\t\t<\/div>\n\t\t\t\t\t\t\t\t\t\t<script type=\"application\/ld+json\">{\"@context\":\"https:\\\/\\\/schema.org\",\"@type\":\"FAQPage\",\"mainEntity\":[{\"@type\":\"Question\",\"name\":\"Hvad er flammesk\\u00e6ring?\",\"acceptedAnswer\":{\"@type\":\"Answer\",\"text\":\"<p>Flammesk\\u00e6ring er en sk\\u00e6reteknik, hvor en gasbr\\u00e6nder (typisk med ilt og acetylen) bruges til at sk\\u00e6re igennem metal \\u2013 prim\\u00e6rt st\\u00e5l. Ved at opvarme metallet til ant\\u00e6ndelsespunktet og tilf\\u00f8re ilt, kan metallet br\\u00e6ndes og sk\\u00e6res pr\\u00e6cist.<\\\/p>\"}},{\"@type\":\"Question\",\"name\":\"Hvorn\\u00e5r er flammesk\\u00e6ring den bedste l\\u00f8sning?\",\"acceptedAnswer\":{\"@type\":\"Answer\",\"text\":\"<p>Flammesk\\u00e6ring er s\\u00e6rligt velegnet til at sk\\u00e6re tykke st\\u00e5lmaterialer (over 10 mm), n\\u00e5r der ikke kr\\u00e6ves h\\u00f8j pr\\u00e6cision, men en hurtig og omkostningseffektiv metode. Det bruges ofte i forbindelse med grovsk\\u00e6ring, klarg\\u00f8ring til svejsning og demontering af gamle st\\u00e5lkonstruktioner.<\\\/p>\"}},{\"@type\":\"Question\",\"name\":\"Hvilke materialer kan sk\\u00e6res med flammesk\\u00e6ring?\",\"acceptedAnswer\":{\"@type\":\"Answer\",\"text\":\"<p>Flammesk\\u00e6ring er bedst egnet til kulstofst\\u00e5l (almindeligt st\\u00e5l). Metoden er ikke effektiv til materialer som rustfrit st\\u00e5l, aluminium og andre ikke-jernholdige metaller, da de ikke br\\u00e6nder p\\u00e5 samme m\\u00e5de under processen.<\\\/p>\"}},{\"@type\":\"Question\",\"name\":\"Hvor tykke materialer kan sk\\u00e6res?\",\"acceptedAnswer\":{\"@type\":\"Answer\",\"text\":\"<p>Flammesk\\u00e6ring kan anvendes til meget tykke materialer, ofte op til flere hundrede millimeter afh\\u00e6ngigt af udstyr og gasblanding. Typisk bruges det til plader og emner fra 10 mm og opefter.<\\\/p>\"}},{\"@type\":\"Question\",\"name\":\"Hvad er fordelene ved flammesk\\u00e6ring?\",\"acceptedAnswer\":{\"@type\":\"Answer\",\"text\":\"<p>Metoden er relativt billig, fleksibel og kan udf\\u00f8res p\\u00e5 byggepladser og andre steder uden adgang til str\\u00f8m. Det er ideelt til opgaver, hvor det handler om at komme hurtigt og effektivt igennem store materialer.<\\\/p>\"}}]}<\/script>\n\t\t\t\t\t<\/div>\n\t\t\t\t\t\t<\/div>\n\t\t\t\t<\/div>\n\t\t\t\t<div class=\"elementor-element elementor-element-b292eb6 elementor-widget elementor-widget-text-editor\" data-id=\"b292eb6\" data-element_type=\"widget\" data-e-type=\"widget\" data-widget_type=\"text-editor.default\">\n\t\t\t\t<div class=\"elementor-widget-container\">\n\t\t\t\t\t\t\t\t\t<p><strong>Kontakt os i dag<\/strong><\/p><p>Har du brug for flammesk\u00e6ring? Kontakt os\u00a0<a href=\"https:\/\/www.ollerupmaskinfabrik.dk\/kontakt\/\">her<\/a>\u00a0eller ring til os for et godt tilbud.\u00a0<\/p>\t\t\t\t\t\t\t\t<\/div>\n\t\t\t\t<\/div>\n\t\t\t\t<div class=\"elementor-element elementor-element-5223d43c elementor-widget__width-auto elementor-widget elementor-widget-button\" data-id=\"5223d43c\" data-element_type=\"widget\" data-e-type=\"widget\" data-widget_type=\"button.default\">\n\t\t\t\t<div class=\"elementor-widget-container\">\n\t\t\t\t\t\t\t\t\t<div class=\"elementor-button-wrapper\">\n\t\t\t\t\t<a class=\"elementor-button elementor-button-link elementor-size-sm\" href=\"\/kontakt\/#form\">\n\t\t\t\t\t\t<span class=\"elementor-button-content-wrapper\">\n\t\t\t\t\t\t\t\t\t<span class=\"elementor-button-text\">F\u00e5 et tilbud<\/span>\n\t\t\t\t\t<\/span>\n\t\t\t\t\t<\/a>\n\t\t\t\t<\/div>\n\t\t\t\t\t\t\t\t<\/div>\n\t\t\t\t<\/div>\n\t\t\t\t\t<\/div>\n\t\t<\/div>\n\t\t\t\t\t<\/div>\n\t\t<\/section>\n\t\t\t\t\t<\/div>\n\t\t<\/div>\n\t\t\t\t\t<\/div>\n\t\t<\/section>\n\t\t\t\t<\/div>\n\t\t","protected":false},"excerpt":{"rendered":"<p>Flammesk\u00e6ring Flammesk\u00e6ring er velegnet til store og tunge opgaver. Vi bearbejder emner op til 200mm tykkelse og bredde-l\u00e6ngde m\u00e5l p\u00e5 3000x12000mm med flere sk\u00e6rebr\u00e6nder samtidig. Vi tilbyder individuelle og unikke l\u00f8sninger i alle de almindelig pladetykkelser og materiale specifikationer p\u00e5 vores flammesk\u00e6rer. Kontakt os Flammesk\u00e6ring med kvalitet Ved at v\u00e6lge Ollerup Maskinfabrik til dine sk\u00e6reopgaver, [&hellip;]<\/p>\n","protected":false},"author":1,"featured_media":2241,"parent":3307,"menu_order":0,"comment_status":"closed","ping_status":"closed","template":"","meta":{"iawp_total_views":111,"footnotes":""},"class_list":["post-1538","page","type-page","status-publish","has-post-thumbnail","hentry"],"_links":{"self":[{"href":"https:\/\/www.ollerupmaskinfabrik.dk\/de\/wp-json\/wp\/v2\/pages\/1538","targetHints":{"allow":["GET"]}}],"collection":[{"href":"https:\/\/www.ollerupmaskinfabrik.dk\/de\/wp-json\/wp\/v2\/pages"}],"about":[{"href":"https:\/\/www.ollerupmaskinfabrik.dk\/de\/wp-json\/wp\/v2\/types\/page"}],"author":[{"embeddable":true,"href":"https:\/\/www.ollerupmaskinfabrik.dk\/de\/wp-json\/wp\/v2\/users\/1"}],"replies":[{"embeddable":true,"href":"https:\/\/www.ollerupmaskinfabrik.dk\/de\/wp-json\/wp\/v2\/comments?post=1538"}],"version-history":[{"count":54,"href":"https:\/\/www.ollerupmaskinfabrik.dk\/de\/wp-json\/wp\/v2\/pages\/1538\/revisions"}],"predecessor-version":[{"id":5580,"href":"https:\/\/www.ollerupmaskinfabrik.dk\/de\/wp-json\/wp\/v2\/pages\/1538\/revisions\/5580"}],"up":[{"embeddable":true,"href":"https:\/\/www.ollerupmaskinfabrik.dk\/de\/wp-json\/wp\/v2\/pages\/3307"}],"wp:featuredmedia":[{"embeddable":true,"href":"https:\/\/www.ollerupmaskinfabrik.dk\/de\/wp-json\/wp\/v2\/media\/2241"}],"wp:attachment":[{"href":"https:\/\/www.ollerupmaskinfabrik.dk\/de\/wp-json\/wp\/v2\/media?parent=1538"}],"curies":[{"name":"wp","href":"https:\/\/api.w.org\/{rel}","templated":true}]}}